{"id":202599,"date":"2026-01-01T22:24:38","date_gmt":"2026-01-01T22:24:38","guid":{"rendered":"https:\/\/www.otiumhome.fi\/?p=202599"},"modified":"2026-01-13T13:54:47","modified_gmt":"2026-01-13T13:54:47","slug":"tv-teline-sonoman-tammi-100-x-35-x-35-cm-tekninen-puu","status":"publish","type":"product","link":"https:\/\/www.otiumhome.fi\/index.php\/tuote\/tv-teline-sonoman-tammi-100-x-35-x-35-cm-tekninen-puu\/","title":{"rendered":"TV-teline Sonoman tammi 100 x 35 x 35 cm Tekninen puu"},"content":{"rendered":"<p>T\u00e4m\u00e4 moderni TV-taso tuo yhteen toiminnallisuuden ja tyylin joka olohuoneeseen. Suorakaiteen muotoinen rakenne ja tekninen puumateriaali luovat puhtaan ja minimalistisen tunnelman viihdealueelle. Se on suunniteltu organisoimaan ja tuomaan eleganssia, sopii t\u00e4ydellisesti moderneihin koteihin, joissa toiminnallisuus kohtaa kauneuden.<\/p>\n<ul>\n<li><b>Materiaalit:<\/b> Rakennettu teknisest\u00e4 puusta, taso yhdist\u00e4\u00e4 kest\u00e4vyys- ja tyyliominaisuudet. T\u00e4m\u00e4 materiaali varmistaa, ett\u00e4 taso pysyy vahvana ja vakaana pitk\u00e4\u00e4n. Sen klassinen ilme sopii moniin sisustustyyleihin ja lis\u00e4\u00e4 olohuoneen visuaalista vieh\u00e4tyst\u00e4 unohtamatta k\u00e4yt\u00e4nn\u00f6llisyytt\u00e4.<\/li>\n<li><b>Toimitettavat osat:<\/b> Taso toimitetaan yhten\u00e4 kokonaisuutena, ja siin\u00e4 on useita s\u00e4ilytystiloja, jotka on suunniteltu elektronisten laitteiden ja tarvikkeiden j\u00e4rkev\u00e4ksi sijoittamiseksi. N\u00e4m\u00e4 osastot helpottavat kodin j\u00e4rjest\u00e4mist\u00e4, jotta kaukos\u00e4\u00e4timet ja pelikonsolit ovat helposti saatavilla ja siististi varastoituina.<\/li>\n<li><b>Ominaisuudet \/ Toiminta \/ Suunnittelu:<\/b> Taso tarjoaa runsaasti s\u00e4ilytystilaa ja on oivallisesti suunniteltu palvelemaan erilaisia k\u00e4ytt\u00f6tarkoituksia TV:n lis\u00e4ksi. Taso mahdollistaa helpon kaapelinhallinnan ja tarjoaa extra-pinnallista tilaa koriste-esineille, tehden siit\u00e4 k\u00e4ytt\u00e4j\u00e4yst\u00e4v\u00e4llisen keskipisteen.<\/li>\n<li><b>Soveltuvuus:<\/b> T\u00e4m\u00e4 taso on suunniteltu p\u00e4\u00e4asiassa sis\u00e4k\u00e4ytt\u00f6\u00f6n ja sopii erinomaisesti olohuoneisiin, joissa nautit viihteest\u00e4. Sen muotoilu sopii muita y\u00f6huoneita, moderneihin koteihin ja kaikille, jotka arvostavat sisustuksensa tilank\u00e4yt\u00f6n tehokkuutta.<\/li>\n<li><b>Huolto ja yll\u00e4pito:<\/b> T\u00e4m\u00e4 tuote tarvitsee vain yksinkertaista huolenpitoa kostealla liinalla, jotta sen tuore ja kiilt\u00e4v\u00e4 ilme s\u00e4ilyy. T\u00e4m\u00e4 helppo huoltorutiini varmistaa, ett\u00e4 taso pysyy kauniina ja kest\u00e4v\u00e4 osana kotiasi.<\/li>\n<\/ul>\n<ul>\n<li>V\u00e4ri: Sonoman tammi<\/li>\n<li>Materiaali: Tekninen puu<\/li>\n<li>Yleiset mitat: 100 x 35 x 35 cm (P x L x K)<\/li>\n<li>Kokoonpano vaaditaan: Kyll\u00e4<\/li>\n<li>Toimitus-:<\/li>\n<li>1 x TV-teline<\/li>\n<\/ul>\n","protected":false},"excerpt":{"rendered":"<ul>\n<li>V\u00e4ri: Sonoman tammi<\/li>\n<li>Materiaali: Tekninen puu<\/li>\n<li>Yleiset mitat: 100 x 35 x 35 cm (P x L x K)<\/li>\n<li>Kokoonpano vaaditaan: Kyll\u00e4<\/li>\n<li>Toimitus-:<\/li>\n<li>1 x TV-teline<\/li>\n<\/ul>\n","protected":false},"featured_media":100000202599,"comment_status":"closed","ping_status":"closed","template":"","meta":[],"product_brand":[],"product_cat":[84],"product_tag":[],"class_list":{"0":"post-202599","1":"product","2":"type-product","3":"status-publish","4":"has-post-thumbnail","6":"product_cat-huonekalut","8":"first","9":"instock","10":"taxable","11":"shipping-taxable","12":"purchasable","13":"product-type-simple"},"_links":{"self":[{"href":"https:\/\/www.otiumhome.fi\/index.php\/wp-json\/wp\/v2\/product\/202599","targetHints":{"allow":["GET"]}}],"collection":[{"href":"https:\/\/www.otiumhome.fi\/index.php\/wp-json\/wp\/v2\/product"}],"about":[{"href":"https:\/\/www.otiumhome.fi\/index.php\/wp-json\/wp\/v2\/types\/product"}],"replies":[{"embeddable":true,"href":"https:\/\/www.otiumhome.fi\/index.php\/wp-json\/wp\/v2\/comments?post=202599"}],"wp:featuredmedia":[{"embeddable":true,"href":"https:\/\/www.otiumhome.fi\/index.php\/wp-json\/"}],"wp:attachment":[{"href":"https:\/\/www.otiumhome.fi\/index.php\/wp-json\/wp\/v2\/media?parent=202599"}],"wp:term":[{"taxonomy":"product_brand","embeddable":true,"href":"https:\/\/www.otiumhome.fi\/index.php\/wp-json\/wp\/v2\/product_brand?post=202599"},{"taxonomy":"product_cat","embeddable":true,"href":"https:\/\/www.otiumhome.fi\/index.php\/wp-json\/wp\/v2\/product_cat?post=202599"},{"taxonomy":"product_tag","embeddable":true,"href":"https:\/\/www.otiumhome.fi\/index.php\/wp-json\/wp\/v2\/product_tag?post=202599"}],"curies":[{"name":"wp","href":"https:\/\/api.w.org\/{rel}","templated":true}]}}