{"id":202408,"date":"2025-12-30T23:20:28","date_gmt":"2025-12-30T23:20:28","guid":{"rendered":"https:\/\/www.otiumhome.fi\/?p=202408"},"modified":"2026-01-13T13:54:56","modified_gmt":"2026-01-13T13:54:56","slug":"korkea-kaappi-sonoman-tammi-60-x-35-x-182-cm-tekninen-puu","status":"publish","type":"product","link":"https:\/\/www.otiumhome.fi\/index.php\/tuote\/korkea-kaappi-sonoman-tammi-60-x-35-x-182-cm-tekninen-puu\/","title":{"rendered":"Korkea kaappi Sonoman tammi 60 x 35 x 182 cm Tekninen puu"},"content":{"rendered":"<p>T\u00e4m\u00e4 tyylik\u00e4s Teknisen puun kaappi on t\u00e4ydellinen lis\u00e4 moderneihin olohuoneisiin, josta l\u00f6ytyy sek\u00e4 tyylikkyytt\u00e4 ett\u00e4 k\u00e4yt\u00e4nn\u00f6llisyytt\u00e4. Siin\u00e4 on siistit linjat ja v\u00e4hemm\u00e4n koristelua, joten se on loistava valinta kaikille, jotka arvostavat yksinkertaisuutta ja k\u00e4yt\u00e4nn\u00f6llisyytt\u00e4. Suorakaiteen muotoinen mattapinta antaa kaapille modernin ilmeen, mik\u00e4 sopii monenlaisiin kodin tai toimiston tiloihin.<\/p>\n<ul>\n<li><b>Premium tekninen puu:<\/b> Kaappi on valmistettu teknisest\u00e4 puusta, joka on valittu luotettavan kest\u00e4vyyden vuoksi. T\u00e4m\u00e4 materiaali tunnetaan kest\u00e4vyydest\u00e4\u00e4n, joka takaa pitk\u00e4ik\u00e4isen k\u00e4yt\u00f6n, vaikka sit\u00e4 k\u00e4ytett\u00e4isiin p\u00e4ivitt\u00e4in. Sen tyylik\u00e4s pinta t\u00e4ydent\u00e4\u00e4 kaapin eleganttia muotoilua ja nykyaikaista sisustusta.<\/li>\n<li><b>Harkittu muotoilu:<\/b> T\u00e4m\u00e4 moderni kaappi esittelee hyvin siistej\u00e4 linjoja, jotka sulautuvat t\u00e4ydellisesti olemassa olevan sisustuksen kanssa. Sen esteettinen yksinkertaisuus parantaa tilan toimivuutta ilman, ett\u00e4 se varastaa huomiota muista sisustuselementeist\u00e4, tehden siit\u00e4 monipuolisen vaihtoehdon.<\/li>\n<li><b>K\u00e4yt\u00e4nn\u00f6llinen s\u00e4ilytystila:<\/b> T\u00e4m\u00e4 kaappi tarjoaa runsaasti s\u00e4ilytystilaa kaikenlaisiin tavaroihin. Tilavat osastot mahdollistavat j\u00e4rjestetyn s\u00e4ilytyksen, joten se on loistava lis\u00e4 olohuoneisiin, kotitoimistoihin tai makuuhuoneisiin. Fiksu pohjaratkaisu tukee sek\u00e4 k\u00e4yt\u00e4nn\u00f6llisyytt\u00e4 ett\u00e4 tyyli\u00e4.<\/li>\n<li><b>Sis\u00e4k\u00e4ytt\u00f6:<\/b> Suunniteltu varsinaisesti sis\u00e4tiloihin, t\u00e4m\u00e4 kaappi on monia k\u00e4ytt\u00f6tarkoituksia varten, kuten kodin organisointiin ja sisustamisen parantamiseen. Se pit\u00e4\u00e4 tavarat j\u00e4rjestyksess\u00e4, est\u00e4en sotkua, samalla kun se luo rauhoittavan tunnelman.<\/li>\n<li><b>Yksinkertainen yll\u00e4pito:<\/b> Kaapin yll\u00e4pito on helppoa: pyyhk\u00e4isy kostealla liinalla riitt\u00e4\u00e4 sen pit\u00e4miseen siistin\u00e4. T\u00e4m\u00e4 v\u00e4h\u00e4inen hoitotarve varmistaa, ett\u00e4 kaappi pysyy tyylikk\u00e4\u00e4n\u00e4 pitk\u00e4\u00e4n.<\/li>\n<\/ul>\n<ul>\n<li>V\u00e4ri: Sonoman tammi<\/li>\n<li>Materiaali: Tekninen puu<\/li>\n<li>Viimeistely: Matta<\/li>\n<li>Yleiset mitat: 60 x 35 x 182 cm (P x L x K)<\/li>\n<li>Paino: 22,8 kg<\/li>\n<li>Kest\u00e4v\u00e4<\/li>\n<li>Runsaasti s\u00e4ilytystilaa<\/li>\n<li>Mukana 6 levyhyllyt<\/li>\n<li>Kehysmateriaali: Tekninen puu<\/li>\n<li>Mukana 4 saranoidut ovet<\/li>\n<li>Vain sis\u00e4k\u00e4ytt\u00f6\u00f6n<\/li>\n<li>Toimitus-:<\/li>\n<li>1 x korkea kaappi<\/li>\n<li>Kokoonpano vaaditaan: Kyll\u00e4<\/li>\n<\/ul>\n","protected":false},"excerpt":{"rendered":"<ul>\n<li>V\u00e4ri: Sonoman tammi<\/li>\n<li>Materiaali: Tekninen puu<\/li>\n<li>Viimeistely: Matta<\/li>\n<li>Yleiset mitat: 60 x 35 x 182 cm (P x L x K)<\/li>\n<li>Paino: 22,8 kg<\/li>\n<li>Kest\u00e4v\u00e4<\/li>\n<li>Runsaasti s\u00e4ilytystilaa<\/li>\n<li>Mukana 6 levyhyllyt<\/li>\n<li>Kehysmateriaali: Tekninen puu<\/li>\n<li>Mukana 4 saranoidut ovet<\/li>\n<li>Vain sis\u00e4k\u00e4ytt\u00f6\u00f6n<\/li>\n<li>Toimitus-:<\/li>\n<li>1 x korkea kaappi<\/li>\n<li>Kokoonpano vaaditaan: Kyll\u00e4<\/li>\n<\/ul>\n","protected":false},"featured_media":100000202408,"comment_status":"closed","ping_status":"closed","template":"","meta":[],"product_brand":[],"product_cat":[84,8652],"product_tag":[],"class_list":{"0":"post-202408","1":"product","2":"type-product","3":"status-publish","4":"has-post-thumbnail","6":"product_cat-huonekalut","7":"product_cat-olohuoneen-kalusteet","9":"first","10":"instock","11":"taxable","12":"shipping-taxable","13":"purchasable","14":"product-type-simple"},"_links":{"self":[{"href":"https:\/\/www.otiumhome.fi\/index.php\/wp-json\/wp\/v2\/product\/202408","targetHints":{"allow":["GET"]}}],"collection":[{"href":"https:\/\/www.otiumhome.fi\/index.php\/wp-json\/wp\/v2\/product"}],"about":[{"href":"https:\/\/www.otiumhome.fi\/index.php\/wp-json\/wp\/v2\/types\/product"}],"replies":[{"embeddable":true,"href":"https:\/\/www.otiumhome.fi\/index.php\/wp-json\/wp\/v2\/comments?post=202408"}],"wp:featuredmedia":[{"embeddable":true,"href":"https:\/\/www.otiumhome.fi\/index.php\/wp-json\/"}],"wp:attachment":[{"href":"https:\/\/www.otiumhome.fi\/index.php\/wp-json\/wp\/v2\/media?parent=202408"}],"wp:term":[{"taxonomy":"product_brand","embeddable":true,"href":"https:\/\/www.otiumhome.fi\/index.php\/wp-json\/wp\/v2\/product_brand?post=202408"},{"taxonomy":"product_cat","embeddable":true,"href":"https:\/\/www.otiumhome.fi\/index.php\/wp-json\/wp\/v2\/product_cat?post=202408"},{"taxonomy":"product_tag","embeddable":true,"href":"https:\/\/www.otiumhome.fi\/index.php\/wp-json\/wp\/v2\/product_tag?post=202408"}],"curies":[{"name":"wp","href":"https:\/\/api.w.org\/{rel}","templated":true}]}}