{"id":202352,"date":"2025-12-30T12:35:47","date_gmt":"2025-12-30T12:35:47","guid":{"rendered":"https:\/\/www.otiumhome.fi\/?p=202352"},"modified":"2026-01-13T14:00:41","modified_gmt":"2026-01-13T14:00:41","slug":"konsolipoyta-valkoinen-915-x-35-x-385-cm-tekninen-puu","status":"publish","type":"product","link":"https:\/\/www.otiumhome.fi\/index.php\/tuote\/konsolipoyta-valkoinen-915-x-35-x-385-cm-tekninen-puu\/","title":{"rendered":"Konsolip\u00f6yt\u00e4 Valkoinen 91,5 x 35 x 38,5 cm Tekninen puu"},"content":{"rendered":"<p>T\u00e4m\u00e4 moderni konsolip\u00f6yt\u00e4 tuo mukanaan yksinkertaisuutta ja k\u00e4yt\u00e4nn\u00f6llisyytt\u00e4, joita nykyaikaiset huonekalut edustavat. Sen sulava, minimalistinen muoto sopii mainiosti nykyaikaisiin olohuoneisiin ja k\u00e4yt\u00e4viin. Tehty kest\u00e4v\u00e4st\u00e4 teknisest\u00e4 puusta, t\u00e4m\u00e4 p\u00f6yt\u00e4 on tyylik\u00e4s ja robusti joka p\u00e4iv\u00e4iseen k\u00e4ytt\u00f6\u00f6n. Sen monipuolinen muotoilu tekee siit\u00e4 t\u00e4ydellisen sek\u00e4 koriste-esineiden n\u00e4ytt\u00e4miseen ett\u00e4 p\u00e4ivitt\u00e4isten asioiden j\u00e4rjest\u00e4miseen.<\/p>\n<ul>\n<li><b>Tekninen puu:<\/b> Korkealaatuisesta teknisest\u00e4 puusta valmistettu konsolip\u00f6yt\u00e4 yhdist\u00e4\u00e4 kest\u00e4vyyden ja tyylikkyyden. Sen kest\u00e4v\u00e4 rakenne est\u00e4\u00e4 taipumista ja naarmuuntumista, joten se pysyy t\u00e4rke\u00e4n\u00e4 osana kotiisi. Puu tuo l\u00e4mp\u00f6\u00e4 ja tekstuuria sisustukseen luonnollisten s\u00e4vyjen kautta.<\/li>\n<li><b>Runsaasti s\u00e4ilytystilaa:<\/b> Tarjoaa paljon s\u00e4ilytystilaa, ja p\u00f6yd\u00e4ss\u00e4 on lokeroita, joten voit j\u00e4rjest\u00e4\u00e4 tavarasi helposti. Sen muotoilu mahdollistaa tilan koriste-esineille, kirjoille tai muille t\u00e4rkeille asioille, tehden siit\u00e4 kauniin ja k\u00e4yt\u00e4nn\u00f6llisen vaihtoehdon.<\/li>\n<li><b>Toiminnallinen suorakaiteen muoto:<\/b> Suorakaiteen muoto tarjoaa runsaasti tilaa henkil\u00f6kohtaisten tavaroiden, kasvien tai taideteosten esittelyyn. Sen monipuolinen muotoilu mahdollistaa sen sijoittamisen sohvien taakse, k\u00e4yt\u00e4viin tai eteisiin, mik\u00e4 tekee siit\u00e4 hy\u00f6dyllisen miss\u00e4 tahansa ymp\u00e4rist\u00f6ss\u00e4.<\/li>\n<li><b>Monipuolinen sijoittaminen:<\/b> Vain sis\u00e4k\u00e4ytt\u00f6\u00f6n, t\u00e4m\u00e4 p\u00f6yt\u00e4 on t\u00e4ydellinen valinta mihin tahansa huoneeseen, jossa tyyli ja j\u00e4rjestelm\u00e4llisyys kohtaa. Sen virtaviivainen muoto voi my\u00f6s toimia jakajana avokeitaassa, parantaen kodin tilank\u00e4ytt\u00f6\u00e4 modernilla otteella.<\/li>\n<li><b>Helppohoito:<\/b> Sen yll\u00e4pito on helppoa, riitt\u00e4\u00e4 vain pyyhki\u00e4 kostealla liinalla. T\u00e4m\u00e4 takaa, ett\u00e4 p\u00f6yt\u00e4 pysyy houkuttelevana, ja se tarjoaa kodinomistajille vaivattoman k\u00e4ytt\u00f6kokemuksen, mik\u00e4 tekee siit\u00e4 loistavan kiireisiin talouksiin.<\/li>\n<\/ul>\n<ul>\n<li>V\u00e4ri: Valkoinen<\/li>\n<li>Materiaali: Tekninen puu<\/li>\n<li>Yleiset mitat: 91,5 x 35 x 38,5 cm (P x L x K)<\/li>\n<li>Paino: 19,03 kg<\/li>\n<li>Runsaasti s\u00e4ilytystilaa<\/li>\n<li>Vain sis\u00e4k\u00e4ytt\u00f6\u00f6n<\/li>\n<li>Toimitus-:<\/li>\n<li>1 x Console-P\u00f6yt\u00e4<\/li>\n<li>Kokoonpano vaaditaan: Kyll\u00e4<\/li>\n<\/ul>\n","protected":false},"excerpt":{"rendered":"<ul>\n<li>V\u00e4ri: Valkoinen<\/li>\n<li>Materiaali: Tekninen puu<\/li>\n<li>Yleiset mitat: 91,5 x 35 x 38,5 cm (P x L x K)<\/li>\n<li>Paino: 19,03 kg<\/li>\n<li>Runsaasti s\u00e4ilytystilaa<\/li>\n<li>Vain sis\u00e4k\u00e4ytt\u00f6\u00f6n<\/li>\n<li>Toimitus-:<\/li>\n<li>1 x Console-P\u00f6yt\u00e4<\/li>\n<li>Kokoonpano vaaditaan: Kyll\u00e4<\/li>\n<\/ul>\n","protected":false},"featured_media":100000202352,"comment_status":"closed","ping_status":"closed","template":"","meta":[],"product_brand":[],"product_cat":[84,8559,8533],"product_tag":[],"class_list":{"0":"post-202352","1":"product","2":"type-product","3":"status-publish","4":"has-post-thumbnail","6":"product_cat-huonekalut","7":"product_cat-konsolipoydat","8":"product_cat-sivupoydat","10":"first","11":"instock","12":"taxable","13":"shipping-taxable","14":"purchasable","15":"product-type-simple"},"_links":{"self":[{"href":"https:\/\/www.otiumhome.fi\/index.php\/wp-json\/wp\/v2\/product\/202352","targetHints":{"allow":["GET"]}}],"collection":[{"href":"https:\/\/www.otiumhome.fi\/index.php\/wp-json\/wp\/v2\/product"}],"about":[{"href":"https:\/\/www.otiumhome.fi\/index.php\/wp-json\/wp\/v2\/types\/product"}],"replies":[{"embeddable":true,"href":"https:\/\/www.otiumhome.fi\/index.php\/wp-json\/wp\/v2\/comments?post=202352"}],"wp:featuredmedia":[{"embeddable":true,"href":"https:\/\/www.otiumhome.fi\/index.php\/wp-json\/"}],"wp:attachment":[{"href":"https:\/\/www.otiumhome.fi\/index.php\/wp-json\/wp\/v2\/media?parent=202352"}],"wp:term":[{"taxonomy":"product_brand","embeddable":true,"href":"https:\/\/www.otiumhome.fi\/index.php\/wp-json\/wp\/v2\/product_brand?post=202352"},{"taxonomy":"product_cat","embeddable":true,"href":"https:\/\/www.otiumhome.fi\/index.php\/wp-json\/wp\/v2\/product_cat?post=202352"},{"taxonomy":"product_tag","embeddable":true,"href":"https:\/\/www.otiumhome.fi\/index.php\/wp-json\/wp\/v2\/product_tag?post=202352"}],"curies":[{"name":"wp","href":"https:\/\/api.w.org\/{rel}","templated":true}]}}