{"id":202347,"date":"2025-12-30T12:35:42","date_gmt":"2025-12-30T12:35:42","guid":{"rendered":"https:\/\/www.otiumhome.fi\/?p=202347"},"modified":"2026-01-13T13:54:42","modified_gmt":"2026-01-13T13:54:42","slug":"poyta-betoni-harmaa-109-x-50-x-78-cm-tekninen-puu","status":"publish","type":"product","link":"https:\/\/www.otiumhome.fi\/index.php\/tuote\/poyta-betoni-harmaa-109-x-50-x-78-cm-tekninen-puu\/","title":{"rendered":"P\u00f6yt\u00e4 Betoni Harmaa 109 x 50 x 78 cm Tekninen puu"},"content":{"rendered":"<p>T\u00e4m\u00e4 moderni ty\u00f6p\u00f6yt\u00e4 on keskipiste olohuoneessa, tarjoten sek\u00e4 tyyli\u00e4 ett\u00e4 toimivuutta. Valmistettu teknisest\u00e4 puusta, siin\u00e4 on yksinkertainen muoto, joka istuu eri sisustustyyleihin. T\u00e4ydellinen ty\u00f6skentelyyn tai luovaan tekemiseen; sen yksinkertaisuus ja k\u00e4yt\u00e4nn\u00f6llisyys tekev\u00e4t siit\u00e4 loistavan valinnan kaikille, jotka kaipaavat tyylik\u00e4st\u00e4 ja toimivaa huonekalua.<\/p>\n<ul>\n<li><b>Teknisen puun pinta:<\/b> T\u00e4m\u00e4 p\u00f6yt\u00e4 on tehty teknisest\u00e4 puusta, joka takaa kest\u00e4vyyden ja p\u00e4ivitt\u00e4iseen k\u00e4ytt\u00f6\u00f6n soveltuvan rakenteen. Ty\u00f6p\u00f6yd\u00e4n sile\u00e4 pinta tuo modernin ilmeen.<\/li>\n<li><b>Runsaasti s\u00e4ilytystilaa:<\/b> T\u00e4m\u00e4 ty\u00f6p\u00f6yt\u00e4 tarjoaa paljon s\u00e4ilytystiloja, kuten tilavat lokeroidensa ja hyllyns\u00e4, tehden siit\u00e4 erinomaisen vaihtoehdon toimistotarvikkeille ja henkil\u00f6kohtaisille asioille, jotta ty\u00f6tilasi on aina j\u00e4rjestyksess\u00e4.<\/li>\n<li><b>Moderni tyyli:<\/b> Siisteill\u00e4 linjoilla ja v\u00e4h\u00e4isell\u00e4 koristeellisuudella t\u00e4m\u00e4 ty\u00f6p\u00f6yt\u00e4 on kaikissa ty\u00f6tiloissa keskeinen elementti. Sen hillitty eleganssi sulautuu hyvin minimalistisiin kotitoimistoihin ja kaupunkimaisiin olohuoneisiin.<\/li>\n<li><b>Vain sis\u00e4k\u00e4ytt\u00f6\u00f6n:<\/b> T\u00e4m\u00e4 ty\u00f6p\u00f6yt\u00e4 on t\u00e4ydellinen sis\u00e4tiloihin, erinomaisesti olohuoneisiin tai opiskelutiloihin, tarjoten paikan keskittyneelle ty\u00f6lle tai vapaa-ajan aktiviteeteille. Se tuo mukavuutta kirjoittamiseen ja digitaalisiin hommiin, joka vastaa monenlaisiin k\u00e4ytt\u00e4j\u00e4tarpeisiin.<\/li>\n<li><b>Hoito-ohjeet:<\/b> Ty\u00f6p\u00f6yd\u00e4n kunnossapito on helppoa; pyyhi se s\u00e4\u00e4nn\u00f6llisesti kostealla liinalla pit\u00e4m\u00e4\u00e4n sen hyv\u00e4ss\u00e4 kunnossa.<\/li>\n<\/ul>\n<ul>\n<li>V\u00e4ri: Betoni harmaa<\/li>\n<li>Materiaali: Tekninen puu<\/li>\n<li>Yleiset mitat: 109 x 50 x 78 cm (P x L x K)<\/li>\n<li>Paino: 24,37 kg<\/li>\n<li>Runsaasti s\u00e4ilytystilaa<\/li>\n<li>Vain sis\u00e4k\u00e4ytt\u00f6\u00f6n<\/li>\n<li>Toimitus-:<\/li>\n<li>1 x p\u00f6yt\u00e4<\/li>\n<li>Kokoonpano vaaditaan: Kyll\u00e4<\/li>\n<\/ul>\n","protected":false},"excerpt":{"rendered":"<ul>\n<li>V\u00e4ri: Betoni harmaa<\/li>\n<li>Materiaali: Tekninen puu<\/li>\n<li>Yleiset mitat: 109 x 50 x 78 cm (P x L x K)<\/li>\n<li>Paino: 24,37 kg<\/li>\n<li>Runsaasti s\u00e4ilytystilaa<\/li>\n<li>Vain sis\u00e4k\u00e4ytt\u00f6\u00f6n<\/li>\n<li>Toimitus-:<\/li>\n<li>1 x p\u00f6yt\u00e4<\/li>\n<li>Kokoonpano vaaditaan: Kyll\u00e4<\/li>\n<\/ul>\n","protected":false},"featured_media":100000202347,"comment_status":"closed","ping_status":"closed","template":"","meta":[],"product_brand":[],"product_cat":[84,8551],"product_tag":[],"class_list":{"0":"post-202347","1":"product","2":"type-product","3":"status-publish","4":"has-post-thumbnail","6":"product_cat-huonekalut","7":"product_cat-kirjoituspoydat","9":"first","10":"instock","11":"taxable","12":"shipping-taxable","13":"purchasable","14":"product-type-simple"},"_links":{"self":[{"href":"https:\/\/www.otiumhome.fi\/index.php\/wp-json\/wp\/v2\/product\/202347","targetHints":{"allow":["GET"]}}],"collection":[{"href":"https:\/\/www.otiumhome.fi\/index.php\/wp-json\/wp\/v2\/product"}],"about":[{"href":"https:\/\/www.otiumhome.fi\/index.php\/wp-json\/wp\/v2\/types\/product"}],"replies":[{"embeddable":true,"href":"https:\/\/www.otiumhome.fi\/index.php\/wp-json\/wp\/v2\/comments?post=202347"}],"wp:featuredmedia":[{"embeddable":true,"href":"https:\/\/www.otiumhome.fi\/index.php\/wp-json\/"}],"wp:attachment":[{"href":"https:\/\/www.otiumhome.fi\/index.php\/wp-json\/wp\/v2\/media?parent=202347"}],"wp:term":[{"taxonomy":"product_brand","embeddable":true,"href":"https:\/\/www.otiumhome.fi\/index.php\/wp-json\/wp\/v2\/product_brand?post=202347"},{"taxonomy":"product_cat","embeddable":true,"href":"https:\/\/www.otiumhome.fi\/index.php\/wp-json\/wp\/v2\/product_cat?post=202347"},{"taxonomy":"product_tag","embeddable":true,"href":"https:\/\/www.otiumhome.fi\/index.php\/wp-json\/wp\/v2\/product_tag?post=202347"}],"curies":[{"name":"wp","href":"https:\/\/api.w.org\/{rel}","templated":true}]}}