{"id":202342,"date":"2025-12-30T09:59:32","date_gmt":"2025-12-30T09:59:32","guid":{"rendered":"https:\/\/www.otiumhome.fi\/?p=202342"},"modified":"2026-01-13T14:38:39","modified_gmt":"2026-01-13T14:38:39","slug":"kirjahylly-harmaa-sonoma-50x33x82-cm-tekninen-puu-ja-rauta","status":"publish","type":"product","link":"https:\/\/www.otiumhome.fi\/index.php\/tuote\/kirjahylly-harmaa-sonoma-50x33x82-cm-tekninen-puu-ja-rauta\/","title":{"rendered":"Kirjahylly harmaa Sonoma 50x33x82 cm tekninen puu ja rauta"},"content":{"rendered":"<p>Luo lis\u00e4\u00e4 s\u00e4ilytystilaa kotiisi tai toimistoosi t\u00e4ll\u00e4 kirjahyllyll\u00e4!<\/p>\n<\/p>\n<ul>\n<li>Kest\u00e4v\u00e4 materiaali: Kirjahylly on valmistettu teknisest\u00e4 puusta. Tekninen puu on poikkeuksellisen laadukasta ja sile\u00e4pintaista. Se on my\u00f6s luja, vakaa ja kosteudelle vastustuskykyinen.<\/li>\n<li>Runsaasti s\u00e4ilytystilaa: Kirjatelineess\u00e4 on kaksi lokeroa, jotka tarjoavat runsaasti s\u00e4ilytystilaa lehdille, kirjoille, koriste-esineille ja muille p\u00e4ivitt\u00e4istavaroille niiden j\u00e4rjestyksess\u00e4 ja k\u00e4den ulottuvilla pit\u00e4miseen.<\/li>\n<li>Tukeva runko: Ter\u00e4s on poikkeuksellisen kova ja vahva materiaali, joka tarjoaa tukevuutta ja vakautta.<\/li>\n<li>Korotetut reunat: Takaosan korotettujen reunojen ansiosta t\u00e4m\u00e4 kirjateline suojaa kirjojasi putoamiselta.<\/li>\n<li>Teollinen tyyli: Lis\u00e4\u00e4 vieh\u00e4tt\u00e4v\u00e4\u00e4 teollista tyyli\u00e4 nykyiseen sisustukseesi. T\u00e4m\u00e4 s\u00e4ilytysteline lis\u00e4\u00e4 vanhojen tehtaiden ja teollisuustilojen inspiroimaa tyyli\u00e4 tiloihisi.<\/li>\n<\/ul>\n<p>Varoitus:<\/p>\n<ul>\n<li>Kaatumisen est\u00e4miseksi on t\u00e4t\u00e4 tuotetta k\u00e4ytett\u00e4v\u00e4 mukana toimitettavan sein\u00e4kiinnityslaitteen kanssa.<\/li>\n<\/ul>\n<ul>\n<li>V\u00e4ri: Harmaa Sonoma<\/li>\n<li>Materiaali: tekninen puu, ter\u00e4s<\/li>\n<li>Kokonaismitat: 50 x 33 x 82 cm (L x S x K)<\/li>\n<li>Asennus vaaditaan: Kyll\u00e4<\/li>\n<\/ul>\n","protected":false},"excerpt":{"rendered":"<ul>\n<li>V\u00e4ri: Harmaa Sonoma<\/li>\n<li>Materiaali: tekninen puu, ter\u00e4s<\/li>\n<li>Kokonaismitat: 50 x 33 x 82 cm (L x S x K)<\/li>\n<li>Asennus vaaditaan: Kyll\u00e4<\/li>\n<\/ul>\n","protected":false},"featured_media":100000202342,"comment_status":"closed","ping_status":"closed","template":"","meta":[],"product_brand":[],"product_cat":[84,8547],"product_tag":[],"class_list":{"0":"post-202342","1":"product","2":"type-product","3":"status-publish","4":"has-post-thumbnail","6":"product_cat-huonekalut","7":"product_cat-kirjahyllyt","9":"first","10":"outofstock","11":"taxable","12":"shipping-taxable","13":"purchasable","14":"product-type-simple"},"_links":{"self":[{"href":"https:\/\/www.otiumhome.fi\/index.php\/wp-json\/wp\/v2\/product\/202342","targetHints":{"allow":["GET"]}}],"collection":[{"href":"https:\/\/www.otiumhome.fi\/index.php\/wp-json\/wp\/v2\/product"}],"about":[{"href":"https:\/\/www.otiumhome.fi\/index.php\/wp-json\/wp\/v2\/types\/product"}],"replies":[{"embeddable":true,"href":"https:\/\/www.otiumhome.fi\/index.php\/wp-json\/wp\/v2\/comments?post=202342"}],"wp:featuredmedia":[{"embeddable":true,"href":"https:\/\/www.otiumhome.fi\/index.php\/wp-json\/"}],"wp:attachment":[{"href":"https:\/\/www.otiumhome.fi\/index.php\/wp-json\/wp\/v2\/media?parent=202342"}],"wp:term":[{"taxonomy":"product_brand","embeddable":true,"href":"https:\/\/www.otiumhome.fi\/index.php\/wp-json\/wp\/v2\/product_brand?post=202342"},{"taxonomy":"product_cat","embeddable":true,"href":"https:\/\/www.otiumhome.fi\/index.php\/wp-json\/wp\/v2\/product_cat?post=202342"},{"taxonomy":"product_tag","embeddable":true,"href":"https:\/\/www.otiumhome.fi\/index.php\/wp-json\/wp\/v2\/product_tag?post=202342"}],"curies":[{"name":"wp","href":"https:\/\/api.w.org\/{rel}","templated":true}]}}