{"id":202301,"date":"2025-12-29T23:22:31","date_gmt":"2025-12-29T23:22:31","guid":{"rendered":"https:\/\/www.otiumhome.fi\/?p=202301"},"modified":"2026-01-13T14:21:33","modified_gmt":"2026-01-13T14:21:33","slug":"sailytyslaatikko-sailytystilassa-vaha-ruskea-109-x-365-x-33-cm","status":"publish","type":"product","link":"https:\/\/www.otiumhome.fi\/index.php\/tuote\/sailytyslaatikko-sailytystilassa-vaha-ruskea-109-x-365-x-33-cm\/","title":{"rendered":"S\u00e4ilytyslaatikko s\u00e4ilytystilassa Vaha ruskea 109 x 36,5 x 33 cm"},"content":{"rendered":"<p>T\u00e4m\u00e4 puinen s\u00e4ilytysboxi on t\u00e4ydellinen yhdistelm\u00e4 k\u00e4yt\u00e4nn\u00f6llisyytt\u00e4 ja modernia muotoilua \u2013 se toimii hyvin miss\u00e4 vain. Suorakulmainen muoto ja massiivisen m\u00e4nnyn l\u00e4mp\u00f6 tekev\u00e4t siit\u00e4 houkuttelevan lis\u00e4n mihin tahansa sisustukseen, parantaen olohuoneen, makuuhuoneen tai ty\u00f6tilan tunnelmaa. Boxi tarjoaa runsaasti tilaa kaikenlaisten asioiden, kuten kausituotteiden tai p\u00e4ivitt\u00e4isten tavaroiden, s\u00e4ilytt\u00e4miseen, jotta tilasi pysyv\u00e4t siistein\u00e4 ja j\u00e4rjestettyin\u00e4.<\/p>\n<ul>\n<li><b>Massiivinen m\u00e4nty rakenne<\/b> Valmistettu laadukkaasta massiivisesta m\u00e4ntypuusta, t\u00e4m\u00e4 boxi tuo vakautta ja kest\u00e4vyytt\u00e4. Luonnollinen puukuosi lis\u00e4\u00e4 l\u00e4mp\u00f6\u00e4 mihin tahansa ymp\u00e4rist\u00f6\u00f6n ja parantaa huoneen estetiikkaa ajan my\u00f6t\u00e4.<\/li>\n<li><b>Saranoitu ovi<\/b> Helposti avautuva ovi mahdollistaa nopean p\u00e4\u00e4syn sis\u00e4lle ja tekee k\u00e4yt\u00f6st\u00e4 mukavampaa. T\u00e4m\u00e4 muotoilu ei ainoastaan helpota k\u00e4ytt\u00f6\u00e4, vaan my\u00f6s t\u00e4ydent\u00e4\u00e4 boxin siisti\u00e4 ilmett\u00e4.<\/li>\n<li><b>Moderni yksinkertaisuus<\/b> Boxi edustaa modernia muotoilua, jossa yhdistyv\u00e4t minimalistiset linjat ja toimivuus. Se sopii hyvin erilaisiin sisustustyyleihin ja toimii tyylikk\u00e4\u00e4n\u00e4 keskipisteen\u00e4.<\/li>\n<li><b>Erityisesti sis\u00e4k\u00e4ytt\u00f6\u00f6n<\/b> Suunniteltu ensisijaisesti sis\u00e4tiloihin, t\u00e4m\u00e4 boxi tuo k\u00e4yt\u00e4nn\u00f6llisyytt\u00e4 makuuhuoneisiin ja olohuoneisiin, parantaen j\u00e4rjestelyj\u00e4.<\/li>\n<li><b>Vaivaton huolto<\/b> Boxin siisteys on helppo yll\u00e4pit\u00e4\u00e4; riitt\u00e4\u00e4, ett\u00e4 pyyhit sen kuivalla kankaalla p\u00f6lyn poistamiseksi. Helppok\u00e4ytt\u00f6isyys takaa, ett\u00e4 boxista on iloa vuosiksi eteenp\u00e4in.<\/li>\n<\/ul>\n<p><strong>Good to know:<\/strong><\/p>\n<ul>\n<li>Only for indoor use<\/li>\n<\/ul>\n<ul>\n<li>V\u00e4ri: Vaha ruskea<\/li>\n<li>Materiaali: Massiivinen m\u00e4nty<\/li>\n<li>Yleiset mitat: 109 x 36,5 x 33 cm (P x L x K)<\/li>\n<li>Paino: 12,3 kg<\/li>\n<li>Kest\u00e4v\u00e4<\/li>\n<li>Mukana 1 saranoitu ovi<\/li>\n<li>Enimm\u00e4ispaino: 10 kg<\/li>\n<li>Vain sis\u00e4k\u00e4ytt\u00f6\u00f6n<\/li>\n<li>Toimitus-:<\/li>\n<li>1 x S\u00e4ilytyslaatikko<\/li>\n<li>Kokoonpano vaaditaan: Kyll\u00e4<\/li>\n<\/ul>\n","protected":false},"excerpt":{"rendered":"<ul>\n<li>V\u00e4ri: Vaha ruskea<\/li>\n<li>Materiaali: Massiivinen m\u00e4nty<\/li>\n<li>Yleiset mitat: 109 x 36,5 x 33 cm (P x L x K)<\/li>\n<li>Paino: 12,3 kg<\/li>\n<li>Kest\u00e4v\u00e4<\/li>\n<li>Mukana 1 saranoitu ovi<\/li>\n<li>Enimm\u00e4ispaino: 10 kg<\/li>\n<li>Vain sis\u00e4k\u00e4ytt\u00f6\u00f6n<\/li>\n<li>Toimitus-:<\/li>\n<li>1 x S\u00e4ilytyslaatikko<\/li>\n<li>Kokoonpano vaaditaan: Kyll\u00e4<\/li>\n<\/ul>\n","protected":false},"featured_media":100000202301,"comment_status":"closed","ping_status":"closed","template":"","meta":[],"product_brand":[],"product_cat":[84],"product_tag":[],"class_list":{"0":"post-202301","1":"product","2":"type-product","3":"status-publish","4":"has-post-thumbnail","6":"product_cat-huonekalut","8":"first","9":"instock","10":"taxable","11":"shipping-taxable","12":"purchasable","13":"product-type-simple"},"_links":{"self":[{"href":"https:\/\/www.otiumhome.fi\/index.php\/wp-json\/wp\/v2\/product\/202301","targetHints":{"allow":["GET"]}}],"collection":[{"href":"https:\/\/www.otiumhome.fi\/index.php\/wp-json\/wp\/v2\/product"}],"about":[{"href":"https:\/\/www.otiumhome.fi\/index.php\/wp-json\/wp\/v2\/types\/product"}],"replies":[{"embeddable":true,"href":"https:\/\/www.otiumhome.fi\/index.php\/wp-json\/wp\/v2\/comments?post=202301"}],"wp:featuredmedia":[{"embeddable":true,"href":"https:\/\/www.otiumhome.fi\/index.php\/wp-json\/"}],"wp:attachment":[{"href":"https:\/\/www.otiumhome.fi\/index.php\/wp-json\/wp\/v2\/media?parent=202301"}],"wp:term":[{"taxonomy":"product_brand","embeddable":true,"href":"https:\/\/www.otiumhome.fi\/index.php\/wp-json\/wp\/v2\/product_brand?post=202301"},{"taxonomy":"product_cat","embeddable":true,"href":"https:\/\/www.otiumhome.fi\/index.php\/wp-json\/wp\/v2\/product_cat?post=202301"},{"taxonomy":"product_tag","embeddable":true,"href":"https:\/\/www.otiumhome.fi\/index.php\/wp-json\/wp\/v2\/product_tag?post=202301"}],"curies":[{"name":"wp","href":"https:\/\/api.w.org\/{rel}","templated":true}]}}