{"id":202248,"date":"2025-12-29T22:29:12","date_gmt":"2025-12-29T22:29:12","guid":{"rendered":"https:\/\/www.otiumhome.fi\/?p=202248"},"modified":"2026-01-13T14:21:39","modified_gmt":"2026-01-13T14:21:39","slug":"halli-penkki-tyynylla-ovella-sonoman-tammi-100-x-38-x-46-cm","status":"publish","type":"product","link":"https:\/\/www.otiumhome.fi\/index.php\/tuote\/halli-penkki-tyynylla-ovella-sonoman-tammi-100-x-38-x-46-cm\/","title":{"rendered":"Halli penkki tyynyll\u00e4 ovella Sonoman tammi 100 x 38 x 46 cm"},"content":{"rendered":"<p>T\u00e4m\u00e4 moderni aula penkki yhdist\u00e4\u00e4 yksinkertaisuuden ja k\u00e4yt\u00e4nn\u00f6llisyyden. Se istuu mukavasti nykyaikaiseen aulaan, jossa on suorat linjat. T\u00e4ydellinen valinta niille, jotka arvostavat sek\u00e4 tyyli\u00e4 ett\u00e4 k\u00e4yt\u00e4nn\u00f6llisyytt\u00e4, penkki tarjoaa runsaasti s\u00e4ilytystilaa samalla kun se parantaa tilan esteettisyytt\u00e4. Sen tyylik\u00e4s muotoilu tekee siit\u00e4 hienon lis\u00e4n moderneihin koteihin &#8211; oivallinen paikka istua ilman tilan uhraamista. Se luo mukavaa tunnelmaa, ja on loistava erityisesti vieraiden vastaanottamiseen tai rentoutumiseen.<\/p>\n<ul>\n<li><b>Tekninen puu materiaali:<\/b> T\u00e4m\u00e4 aula penkki on valmistettu teknisest\u00e4 puusta, joka takaa kest\u00e4vyyden ja tyylin. Sile\u00e4 pinta on miellytt\u00e4v\u00e4 katsella ja helppo hoitaa. Voit luottaa sen pitk\u00e4ik\u00e4isyyteen ilman, ett\u00e4 ulkon\u00e4k\u00f6 k\u00e4rsii.<\/li>\n<li><b>LED-vapaa muotoilu:<\/b> T\u00e4ss\u00e4 penkiss\u00e4 ei ole s\u00e4hk\u00f6laitteita, jolloin sen rakenne on puhtaampi ja esteett\u00f6m\u00e4mpi, sopien kaikkiin sis\u00e4tiloihin ilman h\u00e4iri\u00f6tekij\u00f6it\u00e4.<\/li>\n<li><b>Reunavedin kahvat:<\/b> K\u00e4tev\u00e4t sis\u00e4\u00e4nrakennetut kahvat helpottavat ovien avaamista, eik\u00e4 penkin vieh\u00e4tt\u00e4v\u00e4 siluetti muutu. Ne lis\u00e4\u00e4v\u00e4t moderniin ilmeeseen tyylikk\u00e4\u00e4n elementin auttaen pit\u00e4m\u00e4\u00e4n linjat siistein\u00e4 ja esteett\u00f6min\u00e4.<\/li>\n<li><b>Monipuolinen k\u00e4ytt\u00f6:<\/b> T\u00e4m\u00e4 penkki toimii hienosti k\u00e4yt\u00e4vill\u00e4, eteisiss\u00e4 tai jopa olohuoneen nurkassa. Monitoimisuus mahdollistaa sen, ett\u00e4 se toimii istuimina sek\u00e4 k\u00e4tev\u00e4n\u00e4 s\u00e4ilytystilana kengille ja asusteille.<\/li>\n<li><b>Helppo yll\u00e4pito:<\/b> Penkin hoitaminen on helppoa &#8211; riitt\u00e4\u00e4 kun pyyhit kostulla liinalla. T\u00e4m\u00e4 yksinkertainen hoitorutiini tekee siit\u00e4 k\u00e4yt\u00e4nn\u00f6llisen kiireisille perheille, ja se s\u00e4ilytt\u00e4\u00e4 kauniin ulkon\u00e4\u00f6n vuodenaikojen vaihtuessa.<\/li>\n<\/ul>\n<p><strong>T\u00e4rke\u00e4\u00e4 tiet\u00e4\u00e4:<\/strong><\/p>\n<ul>\n<li>Enimm\u00e4ispaino 110 kg per paikka.<\/li>\n<\/ul>\n<ul>\n<li>V\u00e4ri: Sonoman tammi<\/li>\n<li>Yleiset mitat: 100 x 38 x 46 cm (P x L x K)<\/li>\n<li>Paino: 17,15 kg<\/li>\n<li>S\u00e4ilytystila<\/li>\n<li>Kest\u00e4v\u00e4<\/li>\n<li>S\u00e4\u00e4dett\u00e4v\u00e4t Jalat<\/li>\n<li>Pehme\u00e4 ja mukava istuintyyny<\/li>\n<li>Kauniit puun syyt<\/li>\n<li>Istuinalue: 100 x 38 cm (L x S)<\/li>\n<li>Mukana 2 saranoidut ovet<\/li>\n<li>Enimm\u00e4ispaino: 110 kg per istuin<\/li>\n<li>Vain sis\u00e4k\u00e4ytt\u00f6\u00f6n<\/li>\n<li>Kokoonpano vaaditaan: Kyll\u00e4<\/li>\n<\/ul>\n","protected":false},"excerpt":{"rendered":"<ul>\n<li>V\u00e4ri: Sonoman tammi<\/li>\n<li>Yleiset mitat: 100 x 38 x 46 cm (P x L x K)<\/li>\n<li>Paino: 17,15 kg<\/li>\n<li>S\u00e4ilytystila<\/li>\n<li>Kest\u00e4v\u00e4<\/li>\n<li>S\u00e4\u00e4dett\u00e4v\u00e4t Jalat<\/li>\n<li>Pehme\u00e4 ja mukava istuintyyny<\/li>\n<li>Kauniit puun syyt<\/li>\n<li>Istuinalue: 100 x 38 cm (L x S)<\/li>\n<li>Mukana 2 saranoidut ovet<\/li>\n<li>Enimm\u00e4ispaino: 110 kg per istuin<\/li>\n<li>Vain sis\u00e4k\u00e4ytt\u00f6\u00f6n<\/li>\n<li>Kokoonpano vaaditaan: Kyll\u00e4<\/li>\n<\/ul>\n","protected":false},"featured_media":100000202248,"comment_status":"closed","ping_status":"closed","template":"","meta":[],"product_brand":[],"product_cat":[8538,84],"product_tag":[],"class_list":{"0":"post-202248","1":"product","2":"type-product","3":"status-publish","4":"has-post-thumbnail","6":"product_cat-eteis-sailytyspenkit","7":"product_cat-huonekalut","9":"first","10":"instock","11":"taxable","12":"shipping-taxable","13":"purchasable","14":"product-type-simple"},"_links":{"self":[{"href":"https:\/\/www.otiumhome.fi\/index.php\/wp-json\/wp\/v2\/product\/202248","targetHints":{"allow":["GET"]}}],"collection":[{"href":"https:\/\/www.otiumhome.fi\/index.php\/wp-json\/wp\/v2\/product"}],"about":[{"href":"https:\/\/www.otiumhome.fi\/index.php\/wp-json\/wp\/v2\/types\/product"}],"replies":[{"embeddable":true,"href":"https:\/\/www.otiumhome.fi\/index.php\/wp-json\/wp\/v2\/comments?post=202248"}],"wp:featuredmedia":[{"embeddable":true,"href":"https:\/\/www.otiumhome.fi\/index.php\/wp-json\/"}],"wp:attachment":[{"href":"https:\/\/www.otiumhome.fi\/index.php\/wp-json\/wp\/v2\/media?parent=202248"}],"wp:term":[{"taxonomy":"product_brand","embeddable":true,"href":"https:\/\/www.otiumhome.fi\/index.php\/wp-json\/wp\/v2\/product_brand?post=202248"},{"taxonomy":"product_cat","embeddable":true,"href":"https:\/\/www.otiumhome.fi\/index.php\/wp-json\/wp\/v2\/product_cat?post=202248"},{"taxonomy":"product_tag","embeddable":true,"href":"https:\/\/www.otiumhome.fi\/index.php\/wp-json\/wp\/v2\/product_tag?post=202248"}],"curies":[{"name":"wp","href":"https:\/\/api.w.org\/{rel}","templated":true}]}}