{"id":202122,"date":"2025-12-29T00:40:11","date_gmt":"2025-12-29T00:40:11","guid":{"rendered":"https:\/\/www.otiumhome.fi\/?p=202122"},"modified":"2025-12-29T02:41:45","modified_gmt":"2025-12-29T02:41:45","slug":"tv-yksikkosetti-laatikon-kanssa-ruskea-120-x-30-x-39-cm-puu","status":"publish","type":"product","link":"https:\/\/www.otiumhome.fi\/index.php\/tuote\/tv-yksikkosetti-laatikon-kanssa-ruskea-120-x-30-x-39-cm-puu\/","title":{"rendered":"TV-yksikk\u00f6setti laatikon kanssa Ruskea 120 x 30 x 39 cm Puu"},"content":{"rendered":"<p>T\u00e4m\u00e4 moderni televisiokaappi on suunniteltu t\u00e4ydent\u00e4m\u00e4\u00e4n minimalistista tai nykyaikaista olohuoneen sisustusta. Se yhdist\u00e4\u00e4 tyyli\u00e4 ja k\u00e4yt\u00e4nn\u00f6llisyytt\u00e4 geometrisella muotoilullaan, tuoden ripauksen eleganssia tilaan. T\u00e4m\u00e4 monipuolinen kaluste on t\u00e4ydellinen viihdelaitteiden esittelyyn ja tarjoaa runsaasti s\u00e4ilytystilaa.<\/p>\n<ul>\n<li><b>Materiaalit:<\/b> Setti on tehty laadukkaasta puusta, mik\u00e4 takaa hyv\u00e4n rakenteen ja kest\u00e4vyyden. T\u00e4m\u00e4 materiaalivalinta tuo luonnollista tekstiili\u00e4, joka tekee siit\u00e4 kauniin keskipisteen nykyaikaisessa kodissa.<\/li>\n<li><b>Sis\u00e4lt\u00e4\u00e4 komponentteja:<\/b> Setti sis\u00e4lt\u00e4\u00e4 useita osia: 4-ovisen kaapin, televisiokaapin, hyllyn ja 2-ovisen kaapin. Jokainen osa on suunniteltu vastaamaan nykyaikaisen olohuoneen tarpeita, tarjoten fiksuja s\u00e4ilytysratkaisuja ja kest\u00e4vi\u00e4 hyllyj\u00e4.<\/li>\n<li><b>Ominaisuudet \/ Toiminta \/ Suunnittelu:<\/b> T\u00e4ll\u00e4 televisiokaapilla on erinomainen kest\u00e4vyys, joten se on hyv\u00e4 pitk\u00e4aikkainen valinta. Sen tyylik\u00e4s muoto takaa, ett\u00e4 se sopii hyvin muiden huonekalujen kanssa, luoden kauniin kokonaisuuden.<\/li>\n<li><b>Suositellut k\u00e4ytt\u00f6tarkoitukset:<\/b> T\u00e4m\u00e4 televisiokaappisetti sopii t\u00e4ydellisesti sis\u00e4tiloihin ja toimii loistavana keskipisteen\u00e4 olohuoneessa. Se mahtuu televisioille, mediasoittimille, koriste-esineille ja kirjoille, mahdollistaen monenlaisia k\u00e4ytt\u00f6tarkoituksia.<\/li>\n<li><b>Hoito &amp; yll\u00e4pito:<\/b> Varmista turvallisuus kiinnitt\u00e4m\u00e4ll\u00e4 kaappi sein\u00e4\u00e4n. P\u00f6lyt\u00e4 s\u00e4\u00e4nn\u00f6llisesti kuivalla liinalla, niin puu pysyy siistin\u00e4. V\u00e4lt\u00e4 voimakkaita kemikaaleja, jotta pinnat pysyv\u00e4t puhtaina ja kaappi kest\u00e4\u00e4 pitk\u00e4\u00e4n.<\/li>\n<\/ul>\n<ul>\n<li>V\u00e4ri: Ruskea<\/li>\n<li>Materiaali: Puu<\/li>\n<li>Yleiset mitat: 120 x 30 x 39 cm (P x L x K)<\/li>\n<li>2 laatikoilla<\/li>\n<li>Mukana 6 saranoidut ovet<\/li>\n<li>Mukana 1 laatikkohylly<\/li>\n<li>Kokoonpano vaaditaan: Kyll\u00e4<\/li>\n<li>Toimitus-:<\/li>\n<li>1 x 4 oven kaappi: 59 x 30 x 89 cm (P x L x K)<\/li>\n<li>1 x TV-kaappi: 120 x 30 x 39 cm (P x L x K)<\/li>\n<li>1 x hylly: 120 x 25 x 11 cm (P x L x K)<\/li>\n<li>1 x 2 oven kaappi: 40 x 30 x 128 cm (P x L x K)<\/li>\n<\/ul>\n","protected":false},"excerpt":{"rendered":"<ul>\n<li>V\u00e4ri: Ruskea<\/li>\n<li>Materiaali: Puu<\/li>\n<li>Yleiset mitat: 120 x 30 x 39 cm (P x L x K)<\/li>\n<li>2 laatikoilla<\/li>\n<li>Mukana 6 saranoidut ovet<\/li>\n<li>Mukana 1 laatikkohylly<\/li>\n<li>Kokoonpano vaaditaan: Kyll\u00e4<\/li>\n<li>Toimitus-:<\/li>\n<li>1 x 4 oven kaappi: 59 x 30 x 89 cm (P x L x K)<\/li>\n<li>1 x TV-kaappi: 120 x 30 x 39 cm (P x L x K)<\/li>\n<li>1 x hylly: 120 x 25 x 11 cm (P x L x K)<\/li>\n<li>1 x 2 oven kaappi: 40 x 30 x 128 cm (P x L x K)<\/li>\n<\/ul>\n","protected":false},"featured_media":100000202122,"comment_status":"closed","ping_status":"closed","template":"","meta":[],"product_brand":[],"product_cat":[84],"product_tag":[],"class_list":{"0":"post-202122","1":"product","2":"type-product","3":"status-publish","4":"has-post-thumbnail","6":"product_cat-huonekalut","8":"first","9":"instock","10":"taxable","11":"shipping-taxable","12":"purchasable","13":"product-type-simple"},"_links":{"self":[{"href":"https:\/\/www.otiumhome.fi\/index.php\/wp-json\/wp\/v2\/product\/202122","targetHints":{"allow":["GET"]}}],"collection":[{"href":"https:\/\/www.otiumhome.fi\/index.php\/wp-json\/wp\/v2\/product"}],"about":[{"href":"https:\/\/www.otiumhome.fi\/index.php\/wp-json\/wp\/v2\/types\/product"}],"replies":[{"embeddable":true,"href":"https:\/\/www.otiumhome.fi\/index.php\/wp-json\/wp\/v2\/comments?post=202122"}],"wp:featuredmedia":[{"embeddable":true,"href":"https:\/\/www.otiumhome.fi\/index.php\/wp-json\/"}],"wp:attachment":[{"href":"https:\/\/www.otiumhome.fi\/index.php\/wp-json\/wp\/v2\/media?parent=202122"}],"wp:term":[{"taxonomy":"product_brand","embeddable":true,"href":"https:\/\/www.otiumhome.fi\/index.php\/wp-json\/wp\/v2\/product_brand?post=202122"},{"taxonomy":"product_cat","embeddable":true,"href":"https:\/\/www.otiumhome.fi\/index.php\/wp-json\/wp\/v2\/product_cat?post=202122"},{"taxonomy":"product_tag","embeddable":true,"href":"https:\/\/www.otiumhome.fi\/index.php\/wp-json\/wp\/v2\/product_tag?post=202122"}],"curies":[{"name":"wp","href":"https:\/\/api.w.org\/{rel}","templated":true}]}}