{"id":202108,"date":"2025-12-28T23:09:34","date_gmt":"2025-12-28T23:09:34","guid":{"rendered":"https:\/\/www.otiumhome.fi\/?p=202108"},"modified":"2025-12-29T02:41:45","modified_gmt":"2025-12-29T02:41:45","slug":"huonejakajat-harmaa-kangas","status":"publish","type":"product","link":"https:\/\/www.otiumhome.fi\/index.php\/tuote\/huonejakajat-harmaa-kangas\/","title":{"rendered":"Huonejakajat Harmaa kangas"},"content":{"rendered":"<p>Huonejakajat yhdist\u00e4v\u00e4t toiminnallisuuden ja tyylin, mink\u00e4 vuoksi ne ovat suosittuja lis\u00e4yksi\u00e4 mihin tahansa tilaan. Moderni tyyli tuo sisustukseen eleganttia ilmett\u00e4 ja niiden puhtaat linjat sek\u00e4 yksinkertainen muotoilu s\u00e4ilytt\u00e4v\u00e4t yksinkertaisuuden. Kevein\u00e4 ja kankaasta valmistettuina ne ovat helppoja muokata erilaisiin tiloihin, sek\u00e4 kotiin ett\u00e4 toimistoon.<\/p>\n<ul>\n<li><b>Kangasrakentaminen:<\/b> Huonejakajat on tehty kankaasta, joka tarjoaa pehmeit\u00e4 ja kest\u00e4vi\u00e4 jakamisratkaisuja. Kangasmateriaali on helposti hoidettavaa ja tuo esteettist\u00e4 vieh\u00e4tyst\u00e4, joka yhdistyy erilaisiin sisustustyyleihin.<\/li>\n<li><b>Toiminnallinen muotoilu:<\/b> Yksinkertaisuus on keski\u00f6ss\u00e4, mik\u00e4 tekee n\u00e4ist\u00e4 jakajista modernin estetiikan ilmentymi\u00e4. Elegantti muotoilu antaa niiden istua vaivatta mihin tahansa tilaan ja lis\u00e4\u00e4 k\u00e4yt\u00e4nn\u00f6llisyytt\u00e4 sisustukseen.<\/li>\n<li><b>Monipuolisuus k\u00e4yt\u00f6ss\u00e4:<\/b> Ihanteelliset yksityisyyden antamiseen avarissa tiloissa, huonejakajia voi hy\u00f6dynt\u00e4\u00e4 sek\u00e4 kodeissa ett\u00e4 ty\u00f6ymp\u00e4rist\u00f6iss\u00e4. Ne ovat joustavia, sopien erilaiseen k\u00e4ytt\u00f6\u00f6n.<\/li>\n<li><b>Neutraali harmaas\u00e4vy:<\/b> Harmaan v\u00e4rin ansiosta huonejakajat ovat elegantteja ja t\u00e4ydent\u00e4v\u00e4t olemassa olevaa v\u00e4rimaailmaa. T\u00e4m\u00e4 s\u00e4vy tekee niist\u00e4 sopeutuvia erilaisten suunnittelutarpeiden mukaan.<\/li>\n<li><b>Yksinkertainen yll\u00e4pito:<\/b> Huonejakajien pit\u00e4minen hyv\u00e4ss\u00e4 kunnossa ei vaadi paljon vaivann\u00e4k\u00f6\u00e4. Kevyt puhdistus tai imurointi riitt\u00e4\u00e4 pit\u00e4m\u00e4\u00e4n ne kauniina ja toimivina.<\/li>\n<\/ul>\n<ul>\n<li>V\u00e4ri: Harmaa<\/li>\n<li>Materiaali: Kangas<\/li>\n<\/ul>\n","protected":false},"excerpt":{"rendered":"<ul>\n<li>V\u00e4ri: Harmaa<\/li>\n<li>Materiaali: Kangas<\/li>\n<\/ul>\n","protected":false},"featured_media":100000202108,"comment_status":"closed","ping_status":"closed","template":"","meta":[],"product_brand":[],"product_cat":[84],"product_tag":[],"class_list":{"0":"post-202108","1":"product","2":"type-product","3":"status-publish","4":"has-post-thumbnail","6":"product_cat-huonekalut","8":"first","9":"instock","10":"taxable","11":"shipping-taxable","12":"purchasable","13":"product-type-simple"},"_links":{"self":[{"href":"https:\/\/www.otiumhome.fi\/index.php\/wp-json\/wp\/v2\/product\/202108","targetHints":{"allow":["GET"]}}],"collection":[{"href":"https:\/\/www.otiumhome.fi\/index.php\/wp-json\/wp\/v2\/product"}],"about":[{"href":"https:\/\/www.otiumhome.fi\/index.php\/wp-json\/wp\/v2\/types\/product"}],"replies":[{"embeddable":true,"href":"https:\/\/www.otiumhome.fi\/index.php\/wp-json\/wp\/v2\/comments?post=202108"}],"wp:featuredmedia":[{"embeddable":true,"href":"https:\/\/www.otiumhome.fi\/index.php\/wp-json\/"}],"wp:attachment":[{"href":"https:\/\/www.otiumhome.fi\/index.php\/wp-json\/wp\/v2\/media?parent=202108"}],"wp:term":[{"taxonomy":"product_brand","embeddable":true,"href":"https:\/\/www.otiumhome.fi\/index.php\/wp-json\/wp\/v2\/product_brand?post=202108"},{"taxonomy":"product_cat","embeddable":true,"href":"https:\/\/www.otiumhome.fi\/index.php\/wp-json\/wp\/v2\/product_cat?post=202108"},{"taxonomy":"product_tag","embeddable":true,"href":"https:\/\/www.otiumhome.fi\/index.php\/wp-json\/wp\/v2\/product_tag?post=202108"}],"curies":[{"name":"wp","href":"https:\/\/api.w.org\/{rel}","templated":true}]}}