{"id":202089,"date":"2025-12-28T21:27:48","date_gmt":"2025-12-28T21:27:48","guid":{"rendered":"https:\/\/www.otiumhome.fi\/?p=202089"},"modified":"2025-12-29T02:41:33","modified_gmt":"2025-12-29T02:41:33","slug":"5-paneelinen-tilanjakaja-musta-250x180-cm-kangas","status":"publish","type":"product","link":"https:\/\/www.otiumhome.fi\/index.php\/tuote\/5-paneelinen-tilanjakaja-musta-250x180-cm-kangas\/","title":{"rendered":"5-paneelinen Tilanjakaja musta 250&#215;180 cm kangas"},"content":{"rendered":"<p>T\u00e4m\u00e4 tilanjakaja voi jakaa huoneen eri osiin tarjoten yksityisen tilan yksityisyytesi suojaamiseksi.<\/p>\n<\/p>\n<ul>\n<li>Kest\u00e4v\u00e4 materiaali: Kankaan ulkon\u00e4k\u00f6 on yksinkertainen ja puhdas, se on my\u00f6s hengitt\u00e4v\u00e4 ja kest\u00e4v\u00e4.<\/li>\n<li>Monipuolinen k\u00e4ytt\u00f6: Voit k\u00e4ytt\u00e4\u00e4 tilanjakaja sein\u00e4m\u00e4\u00e4 makuuhuoneen jakamiseen tai tarvittaessa erist\u00e4m\u00e4\u00e4n osa huoneesta. Voit sijoittaa sen my\u00f6s ikkunan eteen suoran auringonvalon est\u00e4miseksi. Voit tietenkin k\u00e4ytt\u00e4\u00e4 sein\u00e4m\u00e4\u00e4 my\u00f6s taustasein\u00e4n\u00e4.<\/li>\n<li>Taitettava muotoilu: T\u00e4m\u00e4 huoneenjakaja on taitettavaa mallia, joten se on helppo s\u00e4ilytt\u00e4\u00e4, eik\u00e4 se vie paljoakaan tilaa.<\/li>\n<\/ul>\n<p>Hyv\u00e4 tiet\u00e4\u00e4:<\/p>\n<ul>\n<li>Jokaisen tuotteen mukana on laatikossa kokoonpano-ohje helppoa asennusta varten.<\/li>\n<li>T\u00e4m\u00e4 huoneenjakajakangas p\u00e4\u00e4st\u00e4\u00e4 jonkin verran valoa l\u00e4pi, joten se ei peit\u00e4 kaikkea valoa kokonaan.<\/li>\n<\/ul>\n<ul>\n<li>V\u00e4ri: Musta<\/li>\n<li>Materiaali: Kangas (100 % polyesteri), rauta<\/li>\n<li>Kokonaismitat: 250 x 180 cm (L x K)<\/li>\n<li>Kunkin paneelin koko: 46,5 x 158 cm (L x K)<\/li>\n<li>Keskimm\u00e4isen 2 tangon v\u00e4linen et\u00e4isyys: 6 cm<\/li>\n<li>Kokoontaitettava<\/li>\n<\/ul>\n","protected":false},"excerpt":{"rendered":"<ul>\n<li>V\u00e4ri: Musta<\/li>\n<li>Materiaali: Kangas (100 % polyesteri), rauta<\/li>\n<li>Kokonaismitat: 250 x 180 cm (L x K)<\/li>\n<li>Kunkin paneelin koko: 46,5 x 158 cm (L x K)<\/li>\n<li>Keskimm\u00e4isen 2 tangon v\u00e4linen et\u00e4isyys: 6 cm<\/li>\n<li>Kokoontaitettava<\/li>\n<\/ul>\n","protected":false},"featured_media":100000202089,"comment_status":"closed","ping_status":"closed","template":"","meta":[],"product_brand":[],"product_cat":[84],"product_tag":[],"class_list":{"0":"post-202089","1":"product","2":"type-product","3":"status-publish","4":"has-post-thumbnail","6":"product_cat-huonekalut","8":"first","9":"instock","10":"taxable","11":"shipping-taxable","12":"purchasable","13":"product-type-simple"},"_links":{"self":[{"href":"https:\/\/www.otiumhome.fi\/index.php\/wp-json\/wp\/v2\/product\/202089","targetHints":{"allow":["GET"]}}],"collection":[{"href":"https:\/\/www.otiumhome.fi\/index.php\/wp-json\/wp\/v2\/product"}],"about":[{"href":"https:\/\/www.otiumhome.fi\/index.php\/wp-json\/wp\/v2\/types\/product"}],"replies":[{"embeddable":true,"href":"https:\/\/www.otiumhome.fi\/index.php\/wp-json\/wp\/v2\/comments?post=202089"}],"wp:featuredmedia":[{"embeddable":true,"href":"https:\/\/www.otiumhome.fi\/index.php\/wp-json\/"}],"wp:attachment":[{"href":"https:\/\/www.otiumhome.fi\/index.php\/wp-json\/wp\/v2\/media?parent=202089"}],"wp:term":[{"taxonomy":"product_brand","embeddable":true,"href":"https:\/\/www.otiumhome.fi\/index.php\/wp-json\/wp\/v2\/product_brand?post=202089"},{"taxonomy":"product_cat","embeddable":true,"href":"https:\/\/www.otiumhome.fi\/index.php\/wp-json\/wp\/v2\/product_cat?post=202089"},{"taxonomy":"product_tag","embeddable":true,"href":"https:\/\/www.otiumhome.fi\/index.php\/wp-json\/wp\/v2\/product_tag?post=202089"}],"curies":[{"name":"wp","href":"https:\/\/api.w.org\/{rel}","templated":true}]}}