{"id":202082,"date":"2025-12-28T06:43:17","date_gmt":"2025-12-28T06:43:17","guid":{"rendered":"https:\/\/www.otiumhome.fi\/?p=202082"},"modified":"2025-12-28T09:37:38","modified_gmt":"2025-12-28T09:37:38","slug":"sangyn-runko-paadylla-musta-tammi-5ft-king-size-tekninen-puu","status":"publish","type":"product","link":"https:\/\/www.otiumhome.fi\/index.php\/tuote\/sangyn-runko-paadylla-musta-tammi-5ft-king-size-tekninen-puu\/","title":{"rendered":"S\u00e4ngyn runko p\u00e4\u00e4dyll\u00e4 Musta tammi. 5FT King Size Tekninen puu"},"content":{"rendered":"<p>T\u00e4\u00e4 moderni LED-s\u00e4nkykehys p\u00e4\u00e4dyll\u00e4 on sleek-designin huippu, joka tuo yhteen k\u00e4yt\u00e4nn\u00f6llisyyden ja tyylin, tehden siit\u00e4 keskipisteen mihin tahansa makuuhuoneeseen. Siin\u00e4 on puhtaat linjat ja yksinkertainen muoto, joka huokuu nykyaikaista eleganssia ja sulautuu helposti erilaisiin sisustustyyleihin. T\u00e4m\u00e4 s\u00e4nkykehys on t\u00e4ydellinen niille, jotka arvostavat sek\u00e4 toimivuutta ett\u00e4 estetiikkaa, tarjoten ainutlaatuisen yhdistelm\u00e4n mukavuutta ja visuaalista vieh\u00e4tyst\u00e4, jota korostaa LED-nauhojen pehme\u00e4 ymp\u00e4rist\u00f6n valo.<\/p>\n<ul>\n<li><b>Tekninen puu:<\/b> S\u00e4nkykehys on tehty teknisest\u00e4 puusta, joka on kest\u00e4v\u00e4 ja sile\u00e4pintainen. T\u00e4\u00e4 materiaali takaa vahvan rakenteen, joka tukee rauhallista unta ja s\u00e4ilytt\u00e4\u00e4 esteettisen vieh\u00e4tysvoimansa ajan my\u00f6t\u00e4.<\/li>\n<li><b>Integroitu LED-valot:<\/b> T\u00e4\u00e4 design sis\u00e4lt\u00e4\u00e4 joustavia LED-nauhoja, joiden avulla voit luoda rauhoittavan tunnelman makuuhuoneeseesi. Voit s\u00e4\u00e4t\u00e4\u00e4 niit\u00e4 fiiliksen mukaan, parantaen huoneesi visuaalista vieh\u00e4tyst\u00e4 ja tarjoten ainutlaatuisen kokemuksen joka y\u00f6.<\/li>\n<li><b>Moderni tyyli:<\/b> Yksinkertaisuuden ja toiminnallisuuden ansiosta s\u00e4ngyn moderni design esittelee puhtaita linjoja ja v\u00e4h\u00e4n koristelua. Sen huomaamaton eleganssi tekee siit\u00e4 huipputason valinnan tyylikk\u00e4ille aikuisille, jotka etsii nykyaikaisia ja k\u00e4yt\u00e4nn\u00f6llisi\u00e4 huonekaluja makuuhuoneeseensa.<\/li>\n<li><b>USB-virta:<\/b> USB-virta tekee LED-valoista monipuolisia ja helppok\u00e4ytt\u00f6isi\u00e4. Yhdist\u00e4 vaan USB-porttiin vaivattomaan valaistukseen, lis\u00e4ten mukavuutta moderniin muotoiluun.<\/li>\n<li><b>Helppo kokoaminen:<\/b> Suunniteltu helpoksi kokoamiseksi, t\u00e4\u00e4 s\u00e4nkykehys vaatii vaan tavallisia ty\u00f6kaluja ja voidaan koota kahden henkil\u00f6n toimesta. Kokoaminen on selke\u00e4 ja k\u00e4ytt\u00e4j\u00e4yst\u00e4v\u00e4llinen, joten sun uusi s\u00e4nky on nopeasti k\u00e4ytt\u00f6valmis ilman monimutkaisia ohjeita.<\/li>\n<\/ul>\n<ul>\n<li>V\u00e4ri: Musta tammi.<\/li>\n<li>Materiaali: Tekninen puu<\/li>\n<li>Kehysmateriaali: Tekninen puu<\/li>\n<li>Yleiset mitat: 203,3 x 153,5 x 78 cm (P x L x K)<\/li>\n<li>Patjan koko: Brittil\u00e4inen king (150 cm x 200 cm \/ 60&#8243; x 78&#8243;)<\/li>\n<li>Enimm\u00e4ispaino: 200 kg<\/li>\n<li>Onko slated kehys: Kyll\u00e4<\/li>\n<li>Kest\u00e4v\u00e4<\/li>\n<li>Helppo puhdistaa<\/li>\n<li>Helppo koota<\/li>\n<li>Valotyyppi: Led-valonauhat<\/li>\n<li>Kokoonpano vaaditaan: Kyll\u00e4<\/li>\n<\/ul>\n","protected":false},"excerpt":{"rendered":"<ul>\n<li>V\u00e4ri: Musta tammi.<\/li>\n<li>Materiaali: Tekninen puu<\/li>\n<li>Kehysmateriaali: Tekninen puu<\/li>\n<li>Yleiset mitat: 203,3 x 153,5 x 78 cm (P x L x K)<\/li>\n<li>Patjan koko: Brittil\u00e4inen king (150 cm x 200 cm \/ 60&#8243; x 78&#8243;)<\/li>\n<li>Enimm\u00e4ispaino: 200 kg<\/li>\n<li>Onko slated kehys: Kyll\u00e4<\/li>\n<li>Kest\u00e4v\u00e4<\/li>\n<li>Helppo puhdistaa<\/li>\n<li>Helppo koota<\/li>\n<li>Valotyyppi: Led-valonauhat<\/li>\n<li>Kokoonpano vaaditaan: Kyll\u00e4<\/li>\n<\/ul>\n","protected":false},"featured_media":100000202082,"comment_status":"closed","ping_status":"closed","template":"","meta":[],"product_brand":[],"product_cat":[84,8638],"product_tag":[],"class_list":{"0":"post-202082","1":"product","2":"type-product","3":"status-publish","4":"has-post-thumbnail","6":"product_cat-huonekalut","7":"product_cat-sangyt-sangynrungot","9":"first","10":"instock","11":"taxable","12":"shipping-taxable","13":"purchasable","14":"product-type-simple"},"_links":{"self":[{"href":"https:\/\/www.otiumhome.fi\/index.php\/wp-json\/wp\/v2\/product\/202082","targetHints":{"allow":["GET"]}}],"collection":[{"href":"https:\/\/www.otiumhome.fi\/index.php\/wp-json\/wp\/v2\/product"}],"about":[{"href":"https:\/\/www.otiumhome.fi\/index.php\/wp-json\/wp\/v2\/types\/product"}],"replies":[{"embeddable":true,"href":"https:\/\/www.otiumhome.fi\/index.php\/wp-json\/wp\/v2\/comments?post=202082"}],"wp:featuredmedia":[{"embeddable":true,"href":"https:\/\/www.otiumhome.fi\/index.php\/wp-json\/"}],"wp:attachment":[{"href":"https:\/\/www.otiumhome.fi\/index.php\/wp-json\/wp\/v2\/media?parent=202082"}],"wp:term":[{"taxonomy":"product_brand","embeddable":true,"href":"https:\/\/www.otiumhome.fi\/index.php\/wp-json\/wp\/v2\/product_brand?post=202082"},{"taxonomy":"product_cat","embeddable":true,"href":"https:\/\/www.otiumhome.fi\/index.php\/wp-json\/wp\/v2\/product_cat?post=202082"},{"taxonomy":"product_tag","embeddable":true,"href":"https:\/\/www.otiumhome.fi\/index.php\/wp-json\/wp\/v2\/product_tag?post=202082"}],"curies":[{"name":"wp","href":"https:\/\/api.w.org\/{rel}","templated":true}]}}