{"id":202019,"date":"2025-12-26T11:00:22","date_gmt":"2025-12-26T11:00:22","guid":{"rendered":"https:\/\/www.otiumhome.fi\/?p=202019"},"modified":"2025-12-26T14:36:49","modified_gmt":"2025-12-26T14:36:49","slug":"verhoiltu-sangynpaaty-harmaanruskea-135-cm-massiivinen-manty","status":"publish","type":"product","link":"https:\/\/www.otiumhome.fi\/index.php\/tuote\/verhoiltu-sangynpaaty-harmaanruskea-135-cm-massiivinen-manty\/","title":{"rendered":"Verhoiltu s\u00e4ngynp\u00e4\u00e4ty Harmaanruskea 135 cm Massiivinen m\u00e4nty"},"content":{"rendered":"<p>T\u00e4\u00e4 moderni pehmustettu p\u00e4\u00e4ty tuo makuuhuoneeseen laadukasta ilmett\u00e4 sen tyylikk\u00e4\u00e4n suunnittelun ja toiminnallisten ominaisuuksien ansiosta. Suorakaiteen muotoinen ja minimalistinen tyyli antaa klassista ja nykyaikaista ilmett\u00e4, mik\u00e4 toimii mihin tahansa sisustukseen. Verhoillut tyynyt tuovat ylellisen tunteen, tehden makuuhuoneestasi mukautuvan pakopaikan. Jos luet kirjaa ennen nukkumaanmenoa tai tarvitset pehme\u00e4\u00e4 tukea, t\u00e4m\u00e4 p\u00e4\u00e4ty on t\u00e4ydellinen valinta.<\/p>\n<ul>\n<li><b>Materiaalit:<\/b> Korkealaatuisesta t\u00e4ysm\u00e4ntyisest\u00e4 puusta, t\u00e4\u00e4 p\u00e4\u00e4ty takaa luotettavan tuen ja kest\u00e4vyyden. Puupinta lis\u00e4\u00e4 luonnollista tunnelmaa makuuhuoneeseen ja kankainen verhoilu on pehme\u00e4 ja tahroja kest\u00e4v\u00e4. T\u00e4m\u00e4 yhdistelm\u00e4 on t\u00e4ydellinen sek\u00e4 eleganssille ett\u00e4 k\u00e4yt\u00e4nn\u00f6llisyydelle.<\/li>\n<li><b>Sis\u00e4lt\u00e4\u00e4 osat:<\/b> Siin\u00e4 on tyylikk\u00e4\u00e4n n\u00e4k\u00f6inen takatyyppi, joka tuo rakennetta ja tukea vuodekokonaisuudelle. Ergonominen vaahtot\u00e4ytt\u00f6 sopeutuu hyvin kehoon ja tekee jokaisesta y\u00f6st\u00e4 rentouttavan. Laadukas verhoilu yhdist\u00e4\u00e4 tyylin ja k\u00e4yt\u00f6n.<\/li>\n<li><b>Ominaisuudet \/ Toiminnallisuus \/ Suunnittelu:<\/b> T\u00e4ss\u00e4 yksinkertaisessa p\u00e4\u00e4dyss\u00e4 on puhtaat linjat ja pehmustettu tyyny, joka parantaa sek\u00e4 estetiikkaa ett\u00e4 istumismukavuutta. Helppopuhdistettava pinta tekee sen yll\u00e4pidosta vaivatonta.<\/li>\n<li><b>Suositellut k\u00e4ytt\u00f6tavat:<\/b> Ihanteellinen makuuhuoneisiin, t\u00e4m\u00e4 p\u00e4\u00e4ty sopii niin yksinasuville kuin pariskunnille. Se on t\u00e4ydellinen tausta rauhallisiin \u00f6ihin ja tyylikk\u00e4isiin p\u00e4iviin, tuoden pehme\u00e4\u00e4 tunnelmaa omaan pakopaikkaasi. Monik\u00e4ytt\u00f6isyys tekee siit\u00e4 loistavan lis\u00e4n niin asu- kuin vierashuoneisiinkin.<\/li>\n<li><b>Hoito &amp; Yll\u00e4pito:<\/b> Helppo yll\u00e4pit\u00e4\u00e4, t\u00e4m\u00e4 p\u00e4\u00e4ty tarvitsee vain pintapuhdistuksen. Pyyhi p\u00f6ly pois kuivalla liinalla, jotta se pysyy hyv\u00e4lt\u00e4 pitk\u00e4\u00e4n. T\u00e4m\u00e4 vaivaton puhdistus pit\u00e4\u00e4 makuuhuoneesi n\u00e4ytt\u00e4v\u00e4n houkuttelevalta, ja kangas pysyy yht\u00e4 hienona kuin uutena.<\/li>\n<\/ul>\n<ul>\n<li>V\u00e4ri: Harmaanruskea<\/li>\n<li>Materiaali: Massiivinen m\u00e4nty<\/li>\n<li>Yleiset mitat: 135 x 17 x 93,5 cm (P x L x K)<\/li>\n<li>Paino: 12,2 kg<\/li>\n<li>Kest\u00e4v\u00e4<\/li>\n<li>Helppo puhdistaa<\/li>\n<li>Pehmustettu tyyny lis\u00e4\u00e4m\u00e4\u00e4n pehmeytt\u00e4 ja mukavuutta<\/li>\n<li>Verhoilumateriaali: kangas<\/li>\n<li>Kehysmateriaali: T\u00e4ysi m\u00e4nty<\/li>\n<li>T\u00e4ytt\u00f6materiaali: Vaahdot<\/li>\n<li>Sis\u00e4- \/ ulkotiloissa: Vain sis\u00e4k\u00e4ytt\u00f6\u00f6n<\/li>\n<li>Toimitus-:<\/li>\n<li>1 x P\u00e4\u00e4ty<\/li>\n<li>Kokoonpano vaaditaan: Kyll\u00e4<\/li>\n<\/ul>\n","protected":false},"excerpt":{"rendered":"<ul>\n<li>V\u00e4ri: Harmaanruskea<\/li>\n<li>Materiaali: Massiivinen m\u00e4nty<\/li>\n<li>Yleiset mitat: 135 x 17 x 93,5 cm (P x L x K)<\/li>\n<li>Paino: 12,2 kg<\/li>\n<li>Kest\u00e4v\u00e4<\/li>\n<li>Helppo puhdistaa<\/li>\n<li>Pehmustettu tyyny lis\u00e4\u00e4m\u00e4\u00e4n pehmeytt\u00e4 ja mukavuutta<\/li>\n<li>Verhoilumateriaali: kangas<\/li>\n<li>Kehysmateriaali: T\u00e4ysi m\u00e4nty<\/li>\n<li>T\u00e4ytt\u00f6materiaali: Vaahdot<\/li>\n<li>Sis\u00e4- \/ ulkotiloissa: Vain sis\u00e4k\u00e4ytt\u00f6\u00f6n<\/li>\n<li>Toimitus-:<\/li>\n<li>1 x P\u00e4\u00e4ty<\/li>\n<li>Kokoonpano vaaditaan: Kyll\u00e4<\/li>\n<\/ul>\n","protected":false},"featured_media":100000202019,"comment_status":"closed","ping_status":"closed","template":"","meta":[],"product_brand":[],"product_cat":[84,8636],"product_tag":[],"class_list":{"0":"post-202019","1":"product","2":"type-product","3":"status-publish","4":"has-post-thumbnail","6":"product_cat-huonekalut","7":"product_cat-sangynpaadyt","9":"first","10":"instock","11":"taxable","12":"shipping-taxable","13":"purchasable","14":"product-type-simple"},"_links":{"self":[{"href":"https:\/\/www.otiumhome.fi\/index.php\/wp-json\/wp\/v2\/product\/202019","targetHints":{"allow":["GET"]}}],"collection":[{"href":"https:\/\/www.otiumhome.fi\/index.php\/wp-json\/wp\/v2\/product"}],"about":[{"href":"https:\/\/www.otiumhome.fi\/index.php\/wp-json\/wp\/v2\/types\/product"}],"replies":[{"embeddable":true,"href":"https:\/\/www.otiumhome.fi\/index.php\/wp-json\/wp\/v2\/comments?post=202019"}],"wp:featuredmedia":[{"embeddable":true,"href":"https:\/\/www.otiumhome.fi\/index.php\/wp-json\/"}],"wp:attachment":[{"href":"https:\/\/www.otiumhome.fi\/index.php\/wp-json\/wp\/v2\/media?parent=202019"}],"wp:term":[{"taxonomy":"product_brand","embeddable":true,"href":"https:\/\/www.otiumhome.fi\/index.php\/wp-json\/wp\/v2\/product_brand?post=202019"},{"taxonomy":"product_cat","embeddable":true,"href":"https:\/\/www.otiumhome.fi\/index.php\/wp-json\/wp\/v2\/product_cat?post=202019"},{"taxonomy":"product_tag","embeddable":true,"href":"https:\/\/www.otiumhome.fi\/index.php\/wp-json\/wp\/v2\/product_tag?post=202019"}],"curies":[{"name":"wp","href":"https:\/\/api.w.org\/{rel}","templated":true}]}}