{"id":201989,"date":"2025-12-26T09:38:58","date_gmt":"2025-12-26T09:38:58","guid":{"rendered":"https:\/\/www.otiumhome.fi\/?p=201989"},"modified":"2026-01-07T12:52:39","modified_gmt":"2026-01-07T12:52:39","slug":"led-paaty-musta-tammi-200-x-185-x-1035-cm-tekninen-puu","status":"publish","type":"product","link":"https:\/\/www.otiumhome.fi\/index.php\/tuote\/led-paaty-musta-tammi-200-x-185-x-1035-cm-tekninen-puu\/","title":{"rendered":"LED-p\u00e4\u00e4ty Musta tammi. 200 x 18,5 x 103,5 cm Tekninen puu"},"content":{"rendered":"<p>T\u00e4m\u00e4 LED-p\u00e4\u00e4tylauta tekee makuuhuoneestasi rauhoittavan keitaan, yhdist\u00e4en modernin tyylin k\u00e4yt\u00e4nn\u00f6llisiin ominaisuuksiin. Suunniteltu yksinkertaisuutta ja minimalismia silm\u00e4ll\u00e4 pit\u00e4en, se on kuin keskipiste miss\u00e4 tahansa nukkumatilassa. Valmistettu teknisest\u00e4 puusta, se tuo tyylik\u00e4st\u00e4 ilmett\u00e4 ja kest\u00e4v\u00e4n perustan, t\u00e4ydent\u00e4en s\u00e4nky\u00e4si tyylill\u00e4. P\u00e4\u00e4tylaudan moniv\u00e4riset LED-valot ovat just passelit rentoutumishommiin, olitpa sitten rauhoittelemassa itse\u00e4si y\u00f6lle tai nauttimassa lempe\u00e4st\u00e4 illasta. Sen lakattu pinta tuo hienostunutta twisti\u00e4.<\/p>\n<ul>\n<li><b>Teknisen puun runko<\/b> Vahva ja kest\u00e4v\u00e4, p\u00e4\u00e4tylauta on tehty kest\u00e4v\u00e4st\u00e4 teknisest\u00e4 puusta. T\u00e4m\u00e4 materiaali takaa pitk\u00e4n k\u00e4ytt\u00f6i\u00e4n ja antaa p\u00e4\u00e4tylaudalle tyylikk\u00e4\u00e4n ilmeen, joka kest\u00e4\u00e4 arkea. Loistava valinta, jos etsit tyyli\u00e4 ja kest\u00e4vyys yhdistyv\u00e4t, tekninen puu tuo kauniin luonnollisen pinnan.<\/li>\n<li><b>LED-valaistus<\/b> Sis\u00e4\u00e4nrakennettu joustava LED-nauha tarjoaa t\u00e4htit\u00e4hk\u00e4isi\u00e4, s\u00e4\u00e4dett\u00e4vi\u00e4 vaihtoehtoja, joilla voit luoda t\u00e4ydellisen tunnelman joka tilaisuudelle. Olipa lukemista, ty\u00f6skentely\u00e4 tai rentoutumista, energiatehokkaat valot voi s\u00e4\u00e4t\u00e4\u00e4 tarpeesi mukaan helposti.<\/li>\n<li><b>K\u00e4yt\u00e4nn\u00f6llinen s\u00e4ilytys<\/b> Hylly on j\u00e4rkev\u00e4n suunniteltu, ja t\u00e4m\u00e4 p\u00e4\u00e4tylauta tarjoaa lis\u00e4s\u00e4ilytystilan ilman ylim\u00e4\u00e4r\u00e4ist\u00e4 tilan viev\u00e4\u00e4. Hyvin mietitty sijoitus takaa, ett\u00e4 t\u00e4rke\u00e4t jutut, kuten kirjat tai koristeet, ovat helposti saatavilla ja tilasi pysyy siistin\u00e4.<\/li>\n<li><b>Helppo USB-virta<\/b> USB-yhteydell\u00e4 toimiva LED-j\u00e4rjestelm\u00e4 on k\u00e4tev\u00e4 ja tehokas. T\u00e4m\u00e4 tekee asetuksesta superhelpon, ja se on my\u00f6s turvallinen ja energiatehokas valinta, joka on ymp\u00e4rist\u00f6yst\u00e4v\u00e4llinen.<\/li>\n<li><b>Yksinkertainen huolto<\/b> P\u00e4\u00e4tylaudan hoito on vaivatonta \u2013 riitt\u00e4\u00e4 kun pyyhit sen liinalla. T\u00e4m\u00e4 yksinkertainen huoltok\u00e4yt\u00e4nt\u00f6 pit\u00e4\u00e4 tuotteen puhtaana ja houkuttelevana, sopien kaikkiin makuuhuoneen ymp\u00e4rist\u00f6ihin.<\/li>\n<\/ul>\n<p> Tuotteessa on USB-liitin, mutta sertifioitua 5V USB-virtal\u00e4hdett\u00e4 ei sis\u00e4lly <\/p>\n<ul>\n<li>V\u00e4ri: Musta tammi.<\/li>\n<li>Materiaali: Tekninen puu<\/li>\n<li>Kehysmateriaali: Tekninen puu<\/li>\n<li>Yleiset mitat: 200 x 18,5 x 103,5 cm (P x L x K)<\/li>\n<li>Kest\u00e4v\u00e4<\/li>\n<li>S\u00e4ilytystila<\/li>\n<li>Kokoonpano vaaditaan: Kyll\u00e4<\/li>\n<li>Toimitus-:<\/li>\n<li>1 x LED-p\u00e4\u00e4ty<\/li>\n<\/ul>\n","protected":false},"excerpt":{"rendered":"<ul>\n<li>V\u00e4ri: Musta tammi.<\/li>\n<li>Materiaali: Tekninen puu<\/li>\n<li>Kehysmateriaali: Tekninen puu<\/li>\n<li>Yleiset mitat: 200 x 18,5 x 103,5 cm (P x L x K)<\/li>\n<li>Kest\u00e4v\u00e4<\/li>\n<li>S\u00e4ilytystila<\/li>\n<li>Kokoonpano vaaditaan: Kyll\u00e4<\/li>\n<li>Toimitus-:<\/li>\n<li>1 x LED-p\u00e4\u00e4ty<\/li>\n<\/ul>\n","protected":false},"featured_media":100000201989,"comment_status":"closed","ping_status":"closed","template":"","meta":[],"product_brand":[],"product_cat":[84,8636],"product_tag":[],"class_list":{"0":"post-201989","1":"product","2":"type-product","3":"status-publish","4":"has-post-thumbnail","6":"product_cat-huonekalut","7":"product_cat-sangynpaadyt","9":"first","10":"instock","11":"taxable","12":"shipping-taxable","13":"purchasable","14":"product-type-simple"},"_links":{"self":[{"href":"https:\/\/www.otiumhome.fi\/index.php\/wp-json\/wp\/v2\/product\/201989","targetHints":{"allow":["GET"]}}],"collection":[{"href":"https:\/\/www.otiumhome.fi\/index.php\/wp-json\/wp\/v2\/product"}],"about":[{"href":"https:\/\/www.otiumhome.fi\/index.php\/wp-json\/wp\/v2\/types\/product"}],"replies":[{"embeddable":true,"href":"https:\/\/www.otiumhome.fi\/index.php\/wp-json\/wp\/v2\/comments?post=201989"}],"wp:featuredmedia":[{"embeddable":true,"href":"https:\/\/www.otiumhome.fi\/index.php\/wp-json\/"}],"wp:attachment":[{"href":"https:\/\/www.otiumhome.fi\/index.php\/wp-json\/wp\/v2\/media?parent=201989"}],"wp:term":[{"taxonomy":"product_brand","embeddable":true,"href":"https:\/\/www.otiumhome.fi\/index.php\/wp-json\/wp\/v2\/product_brand?post=201989"},{"taxonomy":"product_cat","embeddable":true,"href":"https:\/\/www.otiumhome.fi\/index.php\/wp-json\/wp\/v2\/product_cat?post=201989"},{"taxonomy":"product_tag","embeddable":true,"href":"https:\/\/www.otiumhome.fi\/index.php\/wp-json\/wp\/v2\/product_tag?post=201989"}],"curies":[{"name":"wp","href":"https:\/\/api.w.org\/{rel}","templated":true}]}}