{"id":201746,"date":"2025-12-26T02:59:19","date_gmt":"2025-12-26T02:59:19","guid":{"rendered":"https:\/\/www.otiumhome.fi\/?p=201746"},"modified":"2025-12-28T07:16:35","modified_gmt":"2025-12-28T07:16:35","slug":"seinalle-asennettava-takkihylly-betoni-harmaa-65-x-3-x-100-cm","status":"publish","type":"product","link":"https:\/\/www.otiumhome.fi\/index.php\/tuote\/seinalle-asennettava-takkihylly-betoni-harmaa-65-x-3-x-100-cm\/","title":{"rendered":"Sein\u00e4lle asennettava takkihylly Betoni Harmaa 65 x 3 x 100 cm"},"content":{"rendered":"<p>T\u00e4\u00e4 sein\u00e4\u00e4n kiinnitett\u00e4v\u00e4 takkinsuoja yhdist\u00e4\u00e4 k\u00e4yt\u00e4nn\u00f6llisyyden ja tyylin, joten se on t\u00e4ydellinen lis\u00e4 moderniin kotiin. Eteisk\u00e4ytt\u00f6\u00f6n suunniteltu, se yhdist\u00e4\u00e4 takkihangin ja s\u00e4ilytysominaisuudet, palvellen niit\u00e4, jotka etsii tilavia ratkaisuja ilman, ett\u00e4 tila tuntuu ahdistavalta. Suorakaiteinen muotoilu ja moderni tyyli luovat siistin ja j\u00e4rjestelm\u00e4llisen ilmeen, joka sopii t\u00e4ydellisesti yhteen modernien sisustustyyppien kanssa. Toiminnallisuus painottuu nelj\u00e4n tukevan kiinnityspisteen kautta, mik\u00e4 helpottaa erilaisten vaatteiden ja varusteiden tukea, samalla lis\u00e4ten eteisen j\u00e4rjestelm\u00e4llisyytt\u00e4.<\/p>\n<ul><\/br><\/p>\n<li><b>Kest\u00e4v\u00e4 materiaali:<\/b> Valmistettu teknisest\u00e4 puusta, joka on vahva ja kest\u00e4v\u00e4. T\u00e4\u00e4 materiaali antaa tyylikk\u00e4\u00e4n ilmeen ja varmistaa pitk\u00e4aikaisen k\u00e4yt\u00f6n, joten se on k\u00e4yt\u00e4nn\u00f6llinen valinta eteisen tarpeisiin.<\/li>\n<p><\/br><\/p>\n<li><b>Integroitu s\u00e4ilytysominaisuus:<\/b> Sis\u00e4lt\u00e4\u00e4 hyllyt, jotka yhdist\u00e4v\u00e4t takkihangin ja s\u00e4ilytysratkaisut yhteen. T\u00e4\u00e4 virtaviivainen yhdistelm\u00e4 auttaa pit\u00e4m\u00e4\u00e4n j\u00e4rjestyksen ja v\u00e4hent\u00e4\u00e4 sekasortoa, t\u00e4ytt\u00e4\u00e4 p\u00e4ivitt\u00e4iset tarvitsemisen tarpeet tehokkaasti.<\/li>\n<p><\/br><\/p>\n<li><b>Moderni, siisti muotoilu:<\/b> Esittelee yksinkertaiset linjat, suunniteltu minimalisteille. T\u00e4\u00e4 tyylikk\u00e4\u00e4n ulkon\u00e4k\u00f6 toimii katseenvangitsijana ja rikastuttaa eteist\u00e4 samalla kun se pit\u00e4\u00e4 sen siistin\u00e4.<\/li>\n<p><\/br><\/p>\n<li><b>Tilan s\u00e4\u00e4st\u00e4v\u00e4 kiinnitys:<\/b> Sein\u00e4\u00e4n kiinnitett\u00e4v\u00e4 muotoilu maksimoi lattiatilan. Ihan t\u00e4ydellinen pienille tai kapeille eteisille, t\u00e4\u00e4 layout varmistaa siistin sis\u00e4\u00e4nk\u00e4ynnin ilman esteit\u00e4.<\/li>\n<p><\/br><\/p>\n<li><b>Kokoaminen tavallisilla ty\u00f6kaluilla:<\/b> Tarvitsee kahdelta henkil\u00f6lt\u00e4 ruuvimeisselin avulla. T\u00e4\u00e4 yksinkertainen prosessi takaa turvallisen ja luotettavan asennuksen, joka sopii kotitalouksien sis\u00e4\u00e4nk\u00e4ynneille.<\/li>\n<p><\/br><\/ul>\n<ul>\n<li>V\u00e4ri: Betoni harmaa<\/li>\n<li>Materiaali: Tekninen puu<\/li>\n<li>Yleiset mitat: 65 x 3 x 100 cm (P x L x K)<\/li>\n<li>Paino: 6,22 kg<\/li>\n<li>S\u00e4ilytystila<\/li>\n<li>Vakaa<\/li>\n<li>Vain sis\u00e4k\u00e4ytt\u00f6\u00f6n<\/li>\n<li>Toimitus-:<\/li>\n<li>1 x Sein\u00e4kiinnitteinen Takkiheitin<\/li>\n<li>Kokoonpano vaaditaan: Kyll\u00e4<\/li>\n<\/ul>\n","protected":false},"excerpt":{"rendered":"<ul>\n<li>V\u00e4ri: Betoni harmaa<\/li>\n<li>Materiaali: Tekninen puu<\/li>\n<li>Yleiset mitat: 65 x 3 x 100 cm (P x L x K)<\/li>\n<li>Paino: 6,22 kg<\/li>\n<li>S\u00e4ilytystila<\/li>\n<li>Vakaa<\/li>\n<li>Vain sis\u00e4k\u00e4ytt\u00f6\u00f6n<\/li>\n<li>Toimitus-:<\/li>\n<li>1 x Sein\u00e4kiinnitteinen Takkiheitin<\/li>\n<li>Kokoonpano vaaditaan: Kyll\u00e4<\/li>\n<\/ul>\n","protected":false},"featured_media":100000201746,"comment_status":"closed","ping_status":"closed","template":"","meta":[],"product_brand":[],"product_cat":[84,8634],"product_tag":[],"class_list":{"0":"post-201746","1":"product","2":"type-product","3":"status-publish","4":"has-post-thumbnail","6":"product_cat-huonekalut","7":"product_cat-seinahyllyt","9":"first","10":"instock","11":"taxable","12":"shipping-taxable","13":"purchasable","14":"product-type-simple"},"_links":{"self":[{"href":"https:\/\/www.otiumhome.fi\/index.php\/wp-json\/wp\/v2\/product\/201746","targetHints":{"allow":["GET"]}}],"collection":[{"href":"https:\/\/www.otiumhome.fi\/index.php\/wp-json\/wp\/v2\/product"}],"about":[{"href":"https:\/\/www.otiumhome.fi\/index.php\/wp-json\/wp\/v2\/types\/product"}],"replies":[{"embeddable":true,"href":"https:\/\/www.otiumhome.fi\/index.php\/wp-json\/wp\/v2\/comments?post=201746"}],"wp:featuredmedia":[{"embeddable":true,"href":"https:\/\/www.otiumhome.fi\/index.php\/wp-json\/"}],"wp:attachment":[{"href":"https:\/\/www.otiumhome.fi\/index.php\/wp-json\/wp\/v2\/media?parent=201746"}],"wp:term":[{"taxonomy":"product_brand","embeddable":true,"href":"https:\/\/www.otiumhome.fi\/index.php\/wp-json\/wp\/v2\/product_brand?post=201746"},{"taxonomy":"product_cat","embeddable":true,"href":"https:\/\/www.otiumhome.fi\/index.php\/wp-json\/wp\/v2\/product_cat?post=201746"},{"taxonomy":"product_tag","embeddable":true,"href":"https:\/\/www.otiumhome.fi\/index.php\/wp-json\/wp\/v2\/product_tag?post=201746"}],"curies":[{"name":"wp","href":"https:\/\/api.w.org\/{rel}","templated":true}]}}