{"id":201699,"date":"2025-12-26T02:34:43","date_gmt":"2025-12-26T02:34:43","guid":{"rendered":"https:\/\/www.otiumhome.fi\/?p=201699"},"modified":"2025-12-27T15:13:10","modified_gmt":"2025-12-27T15:13:10","slug":"seinalle-asennettava-takkihylly-hyllylla-artisan-tammi","status":"publish","type":"product","link":"https:\/\/www.otiumhome.fi\/index.php\/tuote\/seinalle-asennettava-takkihylly-hyllylla-artisan-tammi\/","title":{"rendered":"Sein\u00e4lle asennettava takkihylly hyllyll\u00e4 Artisan tammi"},"content":{"rendered":"<p>T\u00e4m\u00e4 innovatiivinen sein\u00e4lle asennettava naulakko yhdist\u00e4\u00e4 tyylin ja toimivuuden. Se sopii t\u00e4ydellisesti moderniin kotiin, ja sen tyylik\u00e4s malli vieh\u00e4tt\u00e4\u00e4 k\u00e4yt\u00e4v\u00e4ll\u00e4. Se tarjoaa esteettist\u00e4 arvoa ja k\u00e4yt\u00e4nn\u00f6llisyytt\u00e4, yhdist\u00e4en takkihangoinnin tilan ja ylim\u00e4\u00e4r\u00e4iset s\u00e4ilytysratkaisut sis\u00e4tiloissa.<\/p>\n<ul>\n<li><b>Tekninen puu<\/b> T\u00e4m\u00e4 naulakko on valmistettu teknisest\u00e4 puusta, joka on kest\u00e4v\u00e4 ja n\u00e4ytt\u00e4v\u00e4. Materiaali takaa pitk\u00e4n k\u00e4ytt\u00f6i\u00e4n ja sopii hyvin moderniin sisustukseen. Sile\u00e4 pinta tuo hienostuneen tunnelman k\u00e4yt\u00e4v\u00e4lle.<\/li>\n<li><b>Rikkaita s\u00e4ilytysmahdollisuuksia<\/b> Naulakossa on takkihookeja ja ylim\u00e4\u00e4r\u00e4isi\u00e4 s\u00e4ilytystiloja, jotka yhdist\u00e4v\u00e4t muotoilun ja toiminnallisuuden. S\u00e4ilyt\u00e4 p\u00e4ivitt\u00e4iset tavarat tai sesonkivaatteet k\u00e4tev\u00e4sti, v\u00e4hent\u00e4en sotkua kotiisi.<\/li>\n<li><b>Nykyaikainen muotoilu<\/b> Sen yksinkertaiset linjat ja koristeettomuus korostavat nykyaikaisia esteettisi\u00e4 arvoja. T\u00e4m\u00e4 design ei vain paranna k\u00e4yt\u00e4nn\u00f6llisyytt\u00e4, vaan rikastaa my\u00f6s visuaalista harmoniaa ilman sisustuksen dominoimista.<\/li>\n<li><b>K\u00e4yt\u00e4nn\u00f6llisyys k\u00e4yt\u00e4vill\u00e4<\/b> T\u00e4m\u00e4 naulakko on optimoitu sis\u00e4tiloille, ja se tarjoaa helpon p\u00e4\u00e4syn ulkovaatteisiin, mik\u00e4 parantaa tilan tehokkuutta.<\/li>\n<li><b>Kokoamisohjeet<\/b> Kokoaminen vaatii kaksi henkil\u00f6\u00e4 ja ruuvimeisseli\u00e4. Selke\u00e4t ohjeet tekev\u00e4t prosessista helpon, varmistamalla, ett\u00e4 kaikki pysyy tukevasti ja turvallisesti sein\u00e4ll\u00e4.<\/li>\n<\/ul>\n<ul>\n<li>V\u00e4ri: Artisan tammi<\/li>\n<li>Materiaali: Tekninen puu<\/li>\n<li>Yleiset mitat: 100 x 12 x 43,5 cm (P x L x K)<\/li>\n<li>Paino: 5,4 kg<\/li>\n<li>Koukut<\/li>\n<li>5 hyllyill\u00e4<\/li>\n<li>Vain sis\u00e4k\u00e4ytt\u00f6\u00f6n<\/li>\n<li>Toimitus-:<\/li>\n<li>1 x Sein\u00e4kiinnitteinen Takkiheitin<\/li>\n<li>Kokoonpano vaaditaan: Kyll\u00e4<\/li>\n<\/ul>\n","protected":false},"excerpt":{"rendered":"<ul>\n<li>V\u00e4ri: Artisan tammi<\/li>\n<li>Materiaali: Tekninen puu<\/li>\n<li>Yleiset mitat: 100 x 12 x 43,5 cm (P x L x K)<\/li>\n<li>Paino: 5,4 kg<\/li>\n<li>Koukut<\/li>\n<li>5 hyllyill\u00e4<\/li>\n<li>Vain sis\u00e4k\u00e4ytt\u00f6\u00f6n<\/li>\n<li>Toimitus-:<\/li>\n<li>1 x Sein\u00e4kiinnitteinen Takkiheitin<\/li>\n<li>Kokoonpano vaaditaan: Kyll\u00e4<\/li>\n<\/ul>\n","protected":false},"featured_media":100000201699,"comment_status":"closed","ping_status":"closed","template":"","meta":[],"product_brand":[],"product_cat":[84,8634],"product_tag":[],"class_list":{"0":"post-201699","1":"product","2":"type-product","3":"status-publish","4":"has-post-thumbnail","6":"product_cat-huonekalut","7":"product_cat-seinahyllyt","9":"first","10":"outofstock","11":"taxable","12":"shipping-taxable","13":"purchasable","14":"product-type-simple"},"_links":{"self":[{"href":"https:\/\/www.otiumhome.fi\/index.php\/wp-json\/wp\/v2\/product\/201699","targetHints":{"allow":["GET"]}}],"collection":[{"href":"https:\/\/www.otiumhome.fi\/index.php\/wp-json\/wp\/v2\/product"}],"about":[{"href":"https:\/\/www.otiumhome.fi\/index.php\/wp-json\/wp\/v2\/types\/product"}],"replies":[{"embeddable":true,"href":"https:\/\/www.otiumhome.fi\/index.php\/wp-json\/wp\/v2\/comments?post=201699"}],"wp:featuredmedia":[{"embeddable":true,"href":"https:\/\/www.otiumhome.fi\/index.php\/wp-json\/"}],"wp:attachment":[{"href":"https:\/\/www.otiumhome.fi\/index.php\/wp-json\/wp\/v2\/media?parent=201699"}],"wp:term":[{"taxonomy":"product_brand","embeddable":true,"href":"https:\/\/www.otiumhome.fi\/index.php\/wp-json\/wp\/v2\/product_brand?post=201699"},{"taxonomy":"product_cat","embeddable":true,"href":"https:\/\/www.otiumhome.fi\/index.php\/wp-json\/wp\/v2\/product_cat?post=201699"},{"taxonomy":"product_tag","embeddable":true,"href":"https:\/\/www.otiumhome.fi\/index.php\/wp-json\/wp\/v2\/product_tag?post=201699"}],"curies":[{"name":"wp","href":"https:\/\/api.w.org\/{rel}","templated":true}]}}