{"id":201650,"date":"2025-12-26T02:29:22","date_gmt":"2025-12-26T02:29:22","guid":{"rendered":"https:\/\/www.otiumhome.fi\/?p=201650"},"modified":"2025-12-26T07:42:13","modified_gmt":"2025-12-26T07:42:13","slug":"kaannettava-sohva-vuode-musta-74-x-77-x-81-cm","status":"publish","type":"product","link":"https:\/\/www.otiumhome.fi\/index.php\/tuote\/kaannettava-sohva-vuode-musta-74-x-77-x-81-cm\/","title":{"rendered":"K\u00e4\u00e4nnett\u00e4v\u00e4 Sohva Vuode Musta 74 x 77 x 81 cm"},"content":{"rendered":"<p>T\u00e4m\u00e4 kangasp\u00e4\u00e4llysteinen sohvas\u00e4nky on monipuolinen ja tyylik\u00e4s lis\u00e4 jokaiseen kotiin tai toimistoon. Sen moderni muotoilu on yksinkertaista ja k\u00e4yt\u00e4nn\u00f6llist\u00e4, sulautuen hyvin erilaisiin sisustustyyleihin. Kaksipaikkainen malli tarkoittaa, ett\u00e4 se on mukava sohva ja k\u00e4tev\u00e4 s\u00e4nky vieraille, parantaen tilank\u00e4ytt\u00f6\u00e4 ilman mukavuuden heikent\u00e4mist\u00e4. Siin\u00e4 on yksinkertaisia linjoja ja v\u00e4h\u00e4ist\u00e4 koristeellisuutta, mik\u00e4 tekee siit\u00e4 t\u00e4ydellisen niille, jotka haluavat hy\u00f6dynt\u00e4\u00e4 tilaa pieniss\u00e4 asuintiloissa tyylikk\u00e4\u00e4sti.<\/p>\n<ul>\n<li><b>Materiaalit:<\/b> T\u00e4m\u00e4 taitettava sohvas\u00e4nky on tehty PVC:st\u00e4, mik\u00e4 tekee siit\u00e4 helppohoitoisen ja miellytt\u00e4v\u00e4n n\u00e4k\u00f6isen. PVC:n tahroja kest\u00e4v\u00e4 pinta lis\u00e4\u00e4 sen kestoa, tehden siit\u00e4 loistavan valinnan p\u00e4ivitt\u00e4iseen k\u00e4ytt\u00f6\u00f6n. Moderni ilme yhdistettyn\u00e4 pehme\u00e4\u00e4n kosketukseen parantaa k\u00e4ytt\u00f6kokemusta ja takaa, ett\u00e4 t\u00e4m\u00e4 sohva on suosikkipaikka miss\u00e4 tahansa huoneessa.<\/li>\n<li><b>Lis\u00e4komponentit:<\/b> Sohvas\u00e4ngyss\u00e4 on tukevat PVC-k\u00e4sinojat ja mukava muistivaahtosija, jotka tuovat lis\u00e4\u00e4 mukavuutta ja kest\u00e4vyytt\u00e4. Teknisen puun runko luo vahvan perustan, joka on t\u00e4rke\u00e4 sen muunto-ominaisuuksille. N\u00e4m\u00e4 komponentit toimivat yhdess\u00e4 tarjoten pehme\u00e4n istuimen ja vahvan rakenteen.<\/li>\n<li><b>Ominaisuudet \/ Toiminnallisuus \/ Muotoilu:<\/b> T\u00e4m\u00e4 sohva on yht\u00e4 aikaa pehme\u00e4 ja taitettava, jolloin istuinta voidaan helposti muuntaa nukkumatilaksi. Suunniteltu 2-in-1 vuodesohvaksi, se tukee modernia el\u00e4m\u00e4\u00e4, jossa tilans\u00e4\u00e4st\u00f6 on t\u00e4rke\u00e4\u00e4. Siistit ja minimalistiset linjat sulautuvat helposti oleskelutiloihin, tehden siit\u00e4 ajattoman huonekalun.<\/li>\n<li><b>Suositellut k\u00e4ytt\u00f6tarkoitukset:<\/b> T\u00e4m\u00e4 sohvas\u00e4nky sopii erinomaisesti olohuoneisiin ja toimistoihin, joissa tarvitaan satunnaisia nukkumaj\u00e4rjestelyj\u00e4 kuitenkin tyylin k\u00e4rsim\u00e4tt\u00e4. Sen muunneltavuus mahdollistaa sen k\u00e4yt\u00f6n sek\u00e4 istuimena p\u00e4iv\u00e4ll\u00e4 ett\u00e4 s\u00e4nkyn\u00e4 y\u00f6ll\u00e4.<\/li>\n<li><b>Hoito ja yll\u00e4pito:<\/b> Pid\u00e4 t\u00e4m\u00e4 sohva hyv\u00e4ss\u00e4 kunnossa pyyhkim\u00e4ll\u00e4 se vain kuivalla liinalla. V\u00e4lt\u00e4 voimakkaita kemikaaleja, jotta PVC-pinta ei vaurioidu. S\u00e4\u00e4nn\u00f6llinen huolto takaa pitk\u00e4n k\u00e4ytt\u00f6i\u00e4n ja pit\u00e4\u00e4 sohvan ulkon\u00e4\u00f6n houkuttelevana.<\/li>\n<\/ul>\n<p><strong>T\u00e4rke\u00e4\u00e4 tiet\u00e4\u00e4:<\/strong><\/p>\n<ul>\n<li>Enimm\u00e4ispaino 110 kg per paikka.<\/li>\n<\/ul>\n<ul>\n<li>V\u00e4ri: Musta<\/li>\n<li>Materiaali: Polyvinyylikloridi<\/li>\n<li>T\u00e4ytt\u00f6materiaali: Muistivaahto<\/li>\n<li>Kehysmateriaali: Tekninen puu<\/li>\n<li>K\u00e4sinojaaine: PVC<\/li>\n<li>Yleiset mitat: 74 x 77 x 81 cm (P x L x K)<\/li>\n<li>Istuimen leveys: 61 cm<\/li>\n<li>Istuimen syvyys: 47 cm<\/li>\n<li>Pehme\u00e4<\/li>\n<li>Taitettava\/muunnettava<\/li>\n<li>Vankka ja kest\u00e4v\u00e4 runko<\/li>\n<li>Istuinkapasiteetti: 1<\/li>\n<li>Kokoonpano vaaditaan: Kyll\u00e4<\/li>\n<li>Toimitus-:<\/li>\n<li>1 x K\u00e4\u00e4nnett\u00e4v\u00e4 Sohva<\/li>\n<\/ul>\n","protected":false},"excerpt":{"rendered":"<ul>\n<li>V\u00e4ri: Musta<\/li>\n<li>Materiaali: Polyvinyylikloridi<\/li>\n<li>T\u00e4ytt\u00f6materiaali: Muistivaahto<\/li>\n<li>Kehysmateriaali: Tekninen puu<\/li>\n<li>K\u00e4sinojaaine: PVC<\/li>\n<li>Yleiset mitat: 74 x 77 x 81 cm (P x L x K)<\/li>\n<li>Istuimen leveys: 61 cm<\/li>\n<li>Istuimen syvyys: 47 cm<\/li>\n<li>Pehme\u00e4<\/li>\n<li>Taitettava\/muunnettava<\/li>\n<li>Vankka ja kest\u00e4v\u00e4 runko<\/li>\n<li>Istuinkapasiteetti: 1<\/li>\n<li>Kokoonpano vaaditaan: Kyll\u00e4<\/li>\n<li>Toimitus-:<\/li>\n<li>1 x K\u00e4\u00e4nnett\u00e4v\u00e4 Sohva<\/li>\n<\/ul>\n","protected":false},"featured_media":100000201650,"comment_status":"closed","ping_status":"closed","template":"","meta":[],"product_brand":[],"product_cat":[84],"product_tag":[],"class_list":{"0":"post-201650","1":"product","2":"type-product","3":"status-publish","4":"has-post-thumbnail","6":"product_cat-huonekalut","8":"first","9":"instock","10":"taxable","11":"shipping-taxable","12":"purchasable","13":"product-type-simple"},"_links":{"self":[{"href":"https:\/\/www.otiumhome.fi\/index.php\/wp-json\/wp\/v2\/product\/201650","targetHints":{"allow":["GET"]}}],"collection":[{"href":"https:\/\/www.otiumhome.fi\/index.php\/wp-json\/wp\/v2\/product"}],"about":[{"href":"https:\/\/www.otiumhome.fi\/index.php\/wp-json\/wp\/v2\/types\/product"}],"replies":[{"embeddable":true,"href":"https:\/\/www.otiumhome.fi\/index.php\/wp-json\/wp\/v2\/comments?post=201650"}],"wp:featuredmedia":[{"embeddable":true,"href":"https:\/\/www.otiumhome.fi\/index.php\/wp-json\/"}],"wp:attachment":[{"href":"https:\/\/www.otiumhome.fi\/index.php\/wp-json\/wp\/v2\/media?parent=201650"}],"wp:term":[{"taxonomy":"product_brand","embeddable":true,"href":"https:\/\/www.otiumhome.fi\/index.php\/wp-json\/wp\/v2\/product_brand?post=201650"},{"taxonomy":"product_cat","embeddable":true,"href":"https:\/\/www.otiumhome.fi\/index.php\/wp-json\/wp\/v2\/product_cat?post=201650"},{"taxonomy":"product_tag","embeddable":true,"href":"https:\/\/www.otiumhome.fi\/index.php\/wp-json\/wp\/v2\/product_tag?post=201650"}],"curies":[{"name":"wp","href":"https:\/\/api.w.org\/{rel}","templated":true}]}}