{"id":201649,"date":"2025-12-26T02:29:22","date_gmt":"2025-12-26T02:29:22","guid":{"rendered":"https:\/\/www.otiumhome.fi\/?p=201649"},"modified":"2025-12-30T23:13:31","modified_gmt":"2025-12-30T23:13:31","slug":"seinalle-asennettava-takkihylly-musta-tammi-50-x-20-x-30-cm","status":"publish","type":"product","link":"https:\/\/www.otiumhome.fi\/index.php\/tuote\/seinalle-asennettava-takkihylly-musta-tammi-50-x-20-x-30-cm\/","title":{"rendered":"Sein\u00e4lle asennettava takkihylly Musta tammi. 50 x 20 x 30 cm"},"content":{"rendered":"<p>T\u00e4\u00e4 sein\u00e4lle asennettava naulakko edustaa modernia muotoilua sen tyylikk\u00e4\u00e4n ja huomaamattoman ulkon\u00e4\u00f6n ansiosta, sopii t\u00e4ydellisesti nykyaikaisiin tiloihin. Huolellisesti valmistettu teknisest\u00e4 puusta, se tarjoaa toimivan ratkaisun k\u00e4yt\u00e4v\u00e4n j\u00e4rjestelyyn, yhdist\u00e4en k\u00e4yt\u00e4nn\u00f6llisyyden puhtaaseen ja minimalistiseen estetiikkaan.<\/p>\n<ul>\n<li><b>Tekninen puupinta<\/b> Naulakko on tehty teknisest\u00e4 puusta, joka on tunnettu kest\u00e4vyydest\u00e4\u00e4n ja tyylikkyydest\u00e4\u00e4n. Sen sile\u00e4 pinta on helppo puhdistaa ja kest\u00e4v\u00e4 p\u00e4ivitt\u00e4iselle k\u00e4yt\u00f6lle, tarjoten luotettavan ja esteettisesti miellytt\u00e4v\u00e4n lis\u00e4n kotiisi.<\/li>\n<li><b>Tilaa s\u00e4\u00e4st\u00e4v\u00e4 muotoilu<\/b> T\u00e4\u00e4 sein\u00e4lle asennettava naulakko on kehitetty maksimoimaan tila k\u00e4yt\u00e4v\u00e4ss\u00e4. Kiinnitt\u00e4m\u00e4ll\u00e4 sen tiiviisti sein\u00e4\u00e4n, se vapauttaa lattiapintaa ja tukee moderneja, avaria sisustoja, pit\u00e4en samalla virtaviivaisen ilmeen.<\/li>\n<li><b>Monipuoliset koukut<\/b> Naulakossa on useita tukevaa koukkua, jotka sopii takkien, laukkujen ja muiden esineiden roikottamiseen. N\u00e4m\u00e4 koukut on strategisesti sijoitettu, tarjoamalla organisoidun ratkaisun jokap\u00e4iv\u00e4isiin tarpeisiin ja varmistaen helpon p\u00e4\u00e4syn kaikille kotitalouden j\u00e4senille.<\/li>\n<li><b>Yksinkertainen, moderni muotoilu<\/b> T\u00e4\u00e4 naulakko tuo esiin modernin muotoilun periaatteet puhtailla linjoilla ja minimilla koristeilla, sulautuen t\u00e4ydellisesti eri sisustustyyleihin ja lis\u00e4\u00e4m\u00e4ll\u00e4 eleganssia mihin tahansa se asetetaan.<\/li>\n<li><b>K\u00e4ytt\u00e4j\u00e4yst\u00e4v\u00e4llinen asennus<\/b> Se toimitetaan kattavien ohjeiden kanssa, joten sen kokoaminen on helppoa &#8211; tarvitaan vain kaksi henkil\u00f6\u00e4 ja ruuvimeisseli turvallista sein\u00e4kiinnityst\u00e4 varten, mik\u00e4 takaa vakautta ja pitk\u00e4ik\u00e4isyytt\u00e4.<\/li>\n<\/ul>\n<ul>\n<li>V\u00e4ri: Musta tammi.<\/li>\n<li>Materiaali: Tekninen puu<\/li>\n<li>Yleiset mitat: 50 x 20 x 30 cm (P x L x K)<\/li>\n<li>Paino: 5,12 kg<\/li>\n<li>Koukut<\/li>\n<li>2 hyllyill\u00e4<\/li>\n<li>2 ovien kanssa<\/li>\n<li>Vain sis\u00e4k\u00e4ytt\u00f6\u00f6n<\/li>\n<li>Toimitus-:<\/li>\n<li>1 x Sein\u00e4kiinnitteinen Takkiheitin<\/li>\n<li>Kokoonpano vaaditaan: Kyll\u00e4<\/li>\n<\/ul>\n","protected":false},"excerpt":{"rendered":"<ul>\n<li>V\u00e4ri: Musta tammi.<\/li>\n<li>Materiaali: Tekninen puu<\/li>\n<li>Yleiset mitat: 50 x 20 x 30 cm (P x L x K)<\/li>\n<li>Paino: 5,12 kg<\/li>\n<li>Koukut<\/li>\n<li>2 hyllyill\u00e4<\/li>\n<li>2 ovien kanssa<\/li>\n<li>Vain sis\u00e4k\u00e4ytt\u00f6\u00f6n<\/li>\n<li>Toimitus-:<\/li>\n<li>1 x Sein\u00e4kiinnitteinen Takkiheitin<\/li>\n<li>Kokoonpano vaaditaan: Kyll\u00e4<\/li>\n<\/ul>\n","protected":false},"featured_media":100000201649,"comment_status":"closed","ping_status":"closed","template":"","meta":[],"product_brand":[],"product_cat":[84,8634],"product_tag":[],"class_list":{"0":"post-201649","1":"product","2":"type-product","3":"status-publish","4":"has-post-thumbnail","6":"product_cat-huonekalut","7":"product_cat-seinahyllyt","9":"first","10":"instock","11":"taxable","12":"shipping-taxable","13":"purchasable","14":"product-type-simple"},"_links":{"self":[{"href":"https:\/\/www.otiumhome.fi\/index.php\/wp-json\/wp\/v2\/product\/201649","targetHints":{"allow":["GET"]}}],"collection":[{"href":"https:\/\/www.otiumhome.fi\/index.php\/wp-json\/wp\/v2\/product"}],"about":[{"href":"https:\/\/www.otiumhome.fi\/index.php\/wp-json\/wp\/v2\/types\/product"}],"replies":[{"embeddable":true,"href":"https:\/\/www.otiumhome.fi\/index.php\/wp-json\/wp\/v2\/comments?post=201649"}],"wp:featuredmedia":[{"embeddable":true,"href":"https:\/\/www.otiumhome.fi\/index.php\/wp-json\/"}],"wp:attachment":[{"href":"https:\/\/www.otiumhome.fi\/index.php\/wp-json\/wp\/v2\/media?parent=201649"}],"wp:term":[{"taxonomy":"product_brand","embeddable":true,"href":"https:\/\/www.otiumhome.fi\/index.php\/wp-json\/wp\/v2\/product_brand?post=201649"},{"taxonomy":"product_cat","embeddable":true,"href":"https:\/\/www.otiumhome.fi\/index.php\/wp-json\/wp\/v2\/product_cat?post=201649"},{"taxonomy":"product_tag","embeddable":true,"href":"https:\/\/www.otiumhome.fi\/index.php\/wp-json\/wp\/v2\/product_tag?post=201649"}],"curies":[{"name":"wp","href":"https:\/\/api.w.org\/{rel}","templated":true}]}}