{"id":201635,"date":"2025-12-26T02:29:13","date_gmt":"2025-12-26T02:29:13","guid":{"rendered":"https:\/\/www.otiumhome.fi\/?p=201635"},"modified":"2025-12-30T13:54:17","modified_gmt":"2025-12-30T13:54:17","slug":"seinahylly-seinakiinnitettava-artisan-tammi-104-5-x-43-x-10-cm","status":"publish","type":"product","link":"https:\/\/www.otiumhome.fi\/index.php\/tuote\/seinahylly-seinakiinnitettava-artisan-tammi-104-5-x-43-x-10-cm\/","title":{"rendered":"Sein\u00e4hylly Sein\u00e4kiinnitett\u00e4v\u00e4 Artisan tammi 104.5 x 43 x 10 cm"},"content":{"rendered":"<p>T\u00e4\u00e4 sein\u00e4hylly tuo k\u00e4yt\u00e4nn\u00f6llisyyden ja kauneuden suoraan sisustukseesi. Moderni yksinkertaisuus yhdist\u00e4\u00e4 puhtaat linjat ja minimalismin ihan mihin tahansa huoneeseen. Jos arvostat sek\u00e4 tyyli\u00e4 ett\u00e4 hy\u00f6dyllisyytt\u00e4, t\u00e4\u00e4 hylly on just sulle. Kiinnit\u00e4 se olohuoneeseen, ty\u00f6huoneeseen tai makuuhuoneeseen ja esittelet samalla suosikkikirjojasi ja koristeita. Ihanteellinen moneen erilaiseen ymp\u00e4rist\u00f6\u00f6n.<\/p>\n<ul>\n<li><b>Tekninen puu:<\/b> T\u00e4\u00e4 hylly on tehty laadukkaasta teknisest\u00e4 puusta, mik\u00e4 tekee siit\u00e4 tyylikk\u00e4\u00e4n ja kest\u00e4v\u00e4n. Sit\u00e4 on valittu sen pitk\u00e4ik\u00e4isyyden ja lujuuden takia, joten se n\u00e4ytt\u00e4\u00e4 hyv\u00e4lt\u00e4 pitk\u00e4\u00e4n.<\/li>\n<li><b>Sein\u00e4kiinnitett\u00e4v\u00e4 rakenne:<\/b> Hylly on suunniteltu kiinnitett\u00e4v\u00e4ksi sein\u00e4\u00e4n, mik\u00e4 vapauttaa lattiatilaa ja tekee siit\u00e4 t\u00e4ydellisen pieneen tilaan. Vahva kiinnitys pit\u00e4\u00e4 tavarasi turvallisesti paikallaan.<\/li>\n<li><b>Runsaasti s\u00e4ilytystilaa:<\/b> T\u00e4ss\u00e4 on tilaa kirjoille, maljakoille ja muille aarteille, joten t\u00e4\u00e4 hylly auttaa sua pit\u00e4m\u00e4\u00e4n kodin j\u00e4rjestyksess\u00e4 ja tyylikk\u00e4\u00e4n\u00e4. Sen muotoilu sopii erikokoisille esineille, mik\u00e4 parantaa kodin ilmett\u00e4.<\/li>\n<li><b>Moderni minimalismi:<\/b> T\u00e4\u00e4 hylly on yksinkertainen ja kaunis, t\u00e4ydent\u00e4\u00e4 modernin sisustuksen tyylej\u00e4. Sen hieno muotoilu ei vie huomiota pois esineist\u00e4si, vaan tekee niist\u00e4 viel\u00e4kin n\u00e4ytt\u00e4v\u00e4mpi\u00e4.<\/li>\n<li><b>Loppumaton sis\u00e4k\u00e4ytt\u00f6:<\/b> T\u00e4\u00e4 hylly on tarkoitettu sis\u00e4tiloihin, ja se on helppo pit\u00e4\u00e4 puhtaana. Yksinkertainen kokoaminen tekee siit\u00e4 loistavan lis\u00e4n mihin tahansa kotiin.<\/li>\n<\/ul>\n<ul>\n<li>V\u00e4ri: Artisan tammi<\/li>\n<li>Yleiset mitat: 104,5 x 43 x 10 cm (P x L x K)<\/li>\n<li>Paino: 2,15 kg<\/li>\n<li>Runsaasti s\u00e4ilytystilaa<\/li>\n<li>Vain sis\u00e4k\u00e4ytt\u00f6\u00f6n<\/li>\n<li>Toimitus-:<\/li>\n<li>1 kpl sein\u00e4hylly<\/li>\n<li>Kokoonpano vaaditaan: Kyll\u00e4<\/li>\n<\/ul>\n","protected":false},"excerpt":{"rendered":"<ul>\n<li>V\u00e4ri: Artisan tammi<\/li>\n<li>Yleiset mitat: 104,5 x 43 x 10 cm (P x L x K)<\/li>\n<li>Paino: 2,15 kg<\/li>\n<li>Runsaasti s\u00e4ilytystilaa<\/li>\n<li>Vain sis\u00e4k\u00e4ytt\u00f6\u00f6n<\/li>\n<li>Toimitus-:<\/li>\n<li>1 kpl sein\u00e4hylly<\/li>\n<li>Kokoonpano vaaditaan: Kyll\u00e4<\/li>\n<\/ul>\n","protected":false},"featured_media":100000201635,"comment_status":"closed","ping_status":"closed","template":"","meta":[],"product_brand":[],"product_cat":[84,8634],"product_tag":[],"class_list":{"0":"post-201635","1":"product","2":"type-product","3":"status-publish","4":"has-post-thumbnail","6":"product_cat-huonekalut","7":"product_cat-seinahyllyt","9":"first","10":"instock","11":"taxable","12":"shipping-taxable","13":"purchasable","14":"product-type-simple"},"_links":{"self":[{"href":"https:\/\/www.otiumhome.fi\/index.php\/wp-json\/wp\/v2\/product\/201635","targetHints":{"allow":["GET"]}}],"collection":[{"href":"https:\/\/www.otiumhome.fi\/index.php\/wp-json\/wp\/v2\/product"}],"about":[{"href":"https:\/\/www.otiumhome.fi\/index.php\/wp-json\/wp\/v2\/types\/product"}],"replies":[{"embeddable":true,"href":"https:\/\/www.otiumhome.fi\/index.php\/wp-json\/wp\/v2\/comments?post=201635"}],"wp:featuredmedia":[{"embeddable":true,"href":"https:\/\/www.otiumhome.fi\/index.php\/wp-json\/"}],"wp:attachment":[{"href":"https:\/\/www.otiumhome.fi\/index.php\/wp-json\/wp\/v2\/media?parent=201635"}],"wp:term":[{"taxonomy":"product_brand","embeddable":true,"href":"https:\/\/www.otiumhome.fi\/index.php\/wp-json\/wp\/v2\/product_brand?post=201635"},{"taxonomy":"product_cat","embeddable":true,"href":"https:\/\/www.otiumhome.fi\/index.php\/wp-json\/wp\/v2\/product_cat?post=201635"},{"taxonomy":"product_tag","embeddable":true,"href":"https:\/\/www.otiumhome.fi\/index.php\/wp-json\/wp\/v2\/product_tag?post=201635"}],"curies":[{"name":"wp","href":"https:\/\/api.w.org\/{rel}","templated":true}]}}