{"id":201633,"date":"2025-12-26T02:29:12","date_gmt":"2025-12-26T02:29:12","guid":{"rendered":"https:\/\/www.otiumhome.fi\/?p=201633"},"modified":"2025-12-30T13:54:05","modified_gmt":"2025-12-30T13:54:05","slug":"seinahylly-seinakiinnitettava-sailytystilassa-3-pcs-savupuu","status":"publish","type":"product","link":"https:\/\/www.otiumhome.fi\/index.php\/tuote\/seinahylly-seinakiinnitettava-sailytystilassa-3-pcs-savupuu\/","title":{"rendered":"Sein\u00e4hylly Sein\u00e4kiinnitett\u00e4v\u00e4 s\u00e4ilytystilassa 3 pcs Savupuu"},"content":{"rendered":"<p>T\u00e4\u00e4 moderni sein\u00e4\u00e4n asennettava hyllysetti vie sun kotisi tyyli\u00e4 uudelle tasolle tyylikk\u00e4\u00e4ll\u00e4 ja minimalistisella muotoilulaan. N\u00e4\u00e4 hyllyt on t\u00e4ydellinen ratkaisu s\u00e4ilytystarpeisiin erilaisissa ymp\u00e4rist\u00f6iss\u00e4. Puhtaat linjat ja hieno ilme sulautuu t\u00e4ydellisesti moderneihin sisustuksiin, tarjoten k\u00e4yt\u00e4nn\u00f6llisyytt\u00e4 ilman, ett\u00e4 tyylist\u00e4 tarvii tinki\u00e4. Olipa kyseess\u00e4 rakkaat koristeet tai fiksusti j\u00e4rjestetyt kirjat, n\u00e4\u00e4 hyllyt muuttaa alastomat sein\u00e4t toiminnallisiksi taideteoksiksi, jotka sopii moderneihin koteihin.<\/p>\n<ul>\n<li><b>Materiaalit:<\/b> N\u00e4\u00e4 sein\u00e4hyllyt on tehty laadukkaasta teknisest\u00e4 puusta ja kest\u00e4v\u00e4st\u00e4 metallista, mik\u00e4 antaa niille vahvan rakenteen. Tekninen puu on sile\u00e4, mik\u00e4 tuo esiin yleisilmeen, ja metalliosat antaa loistavaa tukea. T\u00e4\u00e4 yhdistelm\u00e4 takaa kest\u00e4vyyden ja esteettisen vieh\u00e4tyksen, mik\u00e4 tekee niist\u00e4 t\u00e4ydellisi\u00e4 pitk\u00e4aikaiseen sis\u00e4k\u00e4ytt\u00f6\u00f6n.<\/li>\n<li><b>Mukana tulevat osat:<\/b> Settiin kuuluu kolme erikokoista hylly\u00e4, jotka on suunniteltu kattamaan monia s\u00e4ilytystarpeita. Eri kokoiset mallit antaa joustoa siin\u00e4, miten esineet j\u00e4rjestet\u00e4\u00e4n &#8211; olipa sitten kyseess\u00e4 koristeet, kirjat tai valokuvat &#8211; jokainen hylly toimii tilassasi ainutlaatuisesti, lis\u00e4ten sek\u00e4 k\u00e4yt\u00e4nn\u00f6llisyytt\u00e4 ett\u00e4 tyyli\u00e4.<\/li>\n<li><b>Tilaa s\u00e4\u00e4st\u00e4v\u00e4 muotoilu:<\/b> N\u00e4\u00e4 hyllyt asennettuna sein\u00e4lle hy\u00f6dynt\u00e4\u00e4 pystysuuntaista tilaa tehokkaasti, joten ne on loistava valinta pieniin asuntoihin tai huoneisiin, joissa lattiatila on niukkaa. Helppo asentaa, ja ne tuo moderniin ja j\u00e4rjestelm\u00e4lliseen ilmeeseen, joten sun ymp\u00e4rist\u00f6 pysyy siistin\u00e4.<\/li>\n<li><b>Runsaasti s\u00e4ilytystilaa:<\/b> N\u00e4\u00e4 hyllyt tarjoaa paljon tilaa kaikenlaisille tavaroille, arjen v\u00e4ltt\u00e4m\u00e4tt\u00f6myyksist\u00e4 koriste-esineisiin. Oli sitten kyseess\u00e4 keitti\u00f6n mausteet tai kylpp\u00e4rin pyyhkeet, niiden tilava rakenne varmistaa, ett\u00e4 kaikelle l\u00f6ytyy paikka, mik\u00e4 tekee j\u00e4rjest\u00e4misest\u00e4 helppoa ja tyylikk\u00e4\u00e4mp\u00e4\u00e4.<\/li>\n<li><b>Asennusohjeet:<\/b> Setti tulee kolmena erikokoisena hyllyn\u00e4, ja niiden kokoaminen vaatii kaksi k\u00e4tt\u00e4 ja ruuvimeisselin. Koko-ohjeiden noudattaminen varmistaa, ett\u00e4 hyllyt asennetaan turvallisesti seinille.<\/li>\n<\/ul>\n<ul>\n<li>V\u00e4ri: Savupuu<\/li>\n<li>Yleiset mitat: 37 x 12 x 13 cm (P x L x K)<\/li>\n<li>Paino: 1,35 kg<\/li>\n<li>Runsaasti s\u00e4ilytystilaa<\/li>\n<li>Vain sis\u00e4k\u00e4ytt\u00f6\u00f6n<\/li>\n<li>Toimitus-:<\/li>\n<li>1 x Sein\u00e4hylly: 27 x 12 x 13 cm(PxLxK)<\/li>\n<li>1 x Sein\u00e4hylly: 32 x 12 x 13 cm(PxLxK)<\/li>\n<li>1 x Sein\u00e4hylly: 37 x 12 x 13 cm(PxLxK)<\/li>\n<li>Kokoonpano vaaditaan: Kyll\u00e4<\/li>\n<\/ul>\n","protected":false},"excerpt":{"rendered":"<ul>\n<li>V\u00e4ri: Savupuu<\/li>\n<li>Yleiset mitat: 37 x 12 x 13 cm (P x L x K)<\/li>\n<li>Paino: 1,35 kg<\/li>\n<li>Runsaasti s\u00e4ilytystilaa<\/li>\n<li>Vain sis\u00e4k\u00e4ytt\u00f6\u00f6n<\/li>\n<li>Toimitus-:<\/li>\n<li>1 x Sein\u00e4hylly: 27 x 12 x 13 cm(PxLxK)<\/li>\n<li>1 x Sein\u00e4hylly: 32 x 12 x 13 cm(PxLxK)<\/li>\n<li>1 x Sein\u00e4hylly: 37 x 12 x 13 cm(PxLxK)<\/li>\n<li>Kokoonpano vaaditaan: Kyll\u00e4<\/li>\n<\/ul>\n","protected":false},"featured_media":100000201633,"comment_status":"closed","ping_status":"closed","template":"","meta":[],"product_brand":[],"product_cat":[84,8634],"product_tag":[],"class_list":{"0":"post-201633","1":"product","2":"type-product","3":"status-publish","4":"has-post-thumbnail","6":"product_cat-huonekalut","7":"product_cat-seinahyllyt","9":"first","10":"instock","11":"taxable","12":"shipping-taxable","13":"purchasable","14":"product-type-simple"},"_links":{"self":[{"href":"https:\/\/www.otiumhome.fi\/index.php\/wp-json\/wp\/v2\/product\/201633","targetHints":{"allow":["GET"]}}],"collection":[{"href":"https:\/\/www.otiumhome.fi\/index.php\/wp-json\/wp\/v2\/product"}],"about":[{"href":"https:\/\/www.otiumhome.fi\/index.php\/wp-json\/wp\/v2\/types\/product"}],"replies":[{"embeddable":true,"href":"https:\/\/www.otiumhome.fi\/index.php\/wp-json\/wp\/v2\/comments?post=201633"}],"wp:featuredmedia":[{"embeddable":true,"href":"https:\/\/www.otiumhome.fi\/index.php\/wp-json\/"}],"wp:attachment":[{"href":"https:\/\/www.otiumhome.fi\/index.php\/wp-json\/wp\/v2\/media?parent=201633"}],"wp:term":[{"taxonomy":"product_brand","embeddable":true,"href":"https:\/\/www.otiumhome.fi\/index.php\/wp-json\/wp\/v2\/product_brand?post=201633"},{"taxonomy":"product_cat","embeddable":true,"href":"https:\/\/www.otiumhome.fi\/index.php\/wp-json\/wp\/v2\/product_cat?post=201633"},{"taxonomy":"product_tag","embeddable":true,"href":"https:\/\/www.otiumhome.fi\/index.php\/wp-json\/wp\/v2\/product_tag?post=201633"}],"curies":[{"name":"wp","href":"https:\/\/api.w.org\/{rel}","templated":true}]}}