{"id":201632,"date":"2025-12-26T02:29:10","date_gmt":"2025-12-26T02:29:10","guid":{"rendered":"https:\/\/www.otiumhome.fi\/?p=201632"},"modified":"2025-12-26T08:00:56","modified_gmt":"2025-12-26T08:00:56","slug":"sohva-valkoinen-keinonahka","status":"publish","type":"product","link":"https:\/\/www.otiumhome.fi\/index.php\/tuote\/sohva-valkoinen-keinonahka\/","title":{"rendered":"Sohva Valkoinen Keinonahka"},"content":{"rendered":"<p>T\u00e4m\u00e4 upea moderni sohva on t\u00e4ydellinen keskipiste olohuoneeseen, yhdist\u00e4en nykyaikaista tyyli\u00e4 ja mukavuutta. Vain sis\u00e4tiloihin tarkoitettu sohva sulautuu t\u00e4ydellisesti moderneihin sisustuksiin yksinkertaisilla linjoillaan ja hillityll\u00e4 muotoilullaan.<\/p>\n<ul>\n<li><b>Laadukkaat materiaalit:<\/b> Suunniteltu keinonahkaverhoilulla, sohva antaa tyylikk\u00e4\u00e4n ja k\u00e4yt\u00e4nn\u00f6llisen ilmeen. Materiaali on helppo puhdistaa, joten se sopii vilkkaisiin koteihin. Sen rakenne lis\u00e4\u00e4 ripauksen hienostuneisuutta mihin tahansa tilaan.<\/li>\n<li><b>Yksinkertainen kokoaminen:<\/b> Sohva saapuu valmiina ja sen kokoaminen k\u00e4y nopeasti, joten sinun ei tarvitse n\u00e4hd\u00e4 vaivann\u00e4k\u00f6\u00e4 integroimiseen. Kaikki osat on helppoja k\u00e4ytt\u00e4\u00e4 ja kest\u00e4vi\u00e4, joten voit j\u00e4rjest\u00e4\u00e4 tilan hetkess\u00e4.<\/li>\n<li><b>Toiminnallinen muotoilu:<\/b> T\u00e4m\u00e4 sohva tarjoaa modernia muotoilua puhtain linjoin. Se t\u00e4ydent\u00e4\u00e4 nykyajan estetiikkaa ilman, ett\u00e4 se varastaa huomion, tarjoten tyylikk\u00e4\u00e4n ratkaisun moniin huonekalu- ja sisustustyyleihin.<\/li>\n<li><b>Kausittainen monipuolisuus:<\/b> T\u00e4ydellinen talvelle ja kev\u00e4\u00e4lle, t\u00e4m\u00e4 sohva tuo mukavuutta kylmin\u00e4 kuukausina ja on tyylikk\u00e4\u00e4n\u00e4 paikkana auringonpaisteessa kev\u00e4isin, parantaen yleist\u00e4 tunnelmaa.<\/li>\n<li><b>Sis\u00e4tilojen mukavuus:<\/b> Erityisesti sis\u00e4tiloihin suunniteltu sohva lupaa luksusta istumishetkiin kodeissa tai oleskelutiloissa, tarjoten rentoutumista ja visuaalista vieh\u00e4tyst\u00e4. Sen kest\u00e4v\u00e4 rakenne sopii jokap\u00e4iv\u00e4iseen k\u00e4ytt\u00f6\u00f6n, tehden siit\u00e4 olennainen osa mukavaa asuintilaa.<\/li>\n<\/ul>\n<ul>\n<li>V\u00e4ri: Valkoinen<\/li>\n<li>Materiaali: Keinonahka<\/li>\n<li>Kokoonpano vaaditaan: Kyll\u00e4<\/li>\n<li>Toimitus-:<\/li>\n<li>1 x Sohva<\/li>\n<\/ul>\n","protected":false},"excerpt":{"rendered":"<ul>\n<li>V\u00e4ri: Valkoinen<\/li>\n<li>Materiaali: Keinonahka<\/li>\n<li>Kokoonpano vaaditaan: Kyll\u00e4<\/li>\n<li>Toimitus-:<\/li>\n<li>1 x Sohva<\/li>\n<\/ul>\n","protected":false},"featured_media":100000201632,"comment_status":"closed","ping_status":"closed","template":"","meta":[],"product_brand":[],"product_cat":[84],"product_tag":[],"class_list":{"0":"post-201632","1":"product","2":"type-product","3":"status-publish","4":"has-post-thumbnail","6":"product_cat-huonekalut","8":"first","9":"instock","10":"taxable","11":"shipping-taxable","12":"purchasable","13":"product-type-simple"},"_links":{"self":[{"href":"https:\/\/www.otiumhome.fi\/index.php\/wp-json\/wp\/v2\/product\/201632","targetHints":{"allow":["GET"]}}],"collection":[{"href":"https:\/\/www.otiumhome.fi\/index.php\/wp-json\/wp\/v2\/product"}],"about":[{"href":"https:\/\/www.otiumhome.fi\/index.php\/wp-json\/wp\/v2\/types\/product"}],"replies":[{"embeddable":true,"href":"https:\/\/www.otiumhome.fi\/index.php\/wp-json\/wp\/v2\/comments?post=201632"}],"wp:featuredmedia":[{"embeddable":true,"href":"https:\/\/www.otiumhome.fi\/index.php\/wp-json\/"}],"wp:attachment":[{"href":"https:\/\/www.otiumhome.fi\/index.php\/wp-json\/wp\/v2\/media?parent=201632"}],"wp:term":[{"taxonomy":"product_brand","embeddable":true,"href":"https:\/\/www.otiumhome.fi\/index.php\/wp-json\/wp\/v2\/product_brand?post=201632"},{"taxonomy":"product_cat","embeddable":true,"href":"https:\/\/www.otiumhome.fi\/index.php\/wp-json\/wp\/v2\/product_cat?post=201632"},{"taxonomy":"product_tag","embeddable":true,"href":"https:\/\/www.otiumhome.fi\/index.php\/wp-json\/wp\/v2\/product_tag?post=201632"}],"curies":[{"name":"wp","href":"https:\/\/api.w.org\/{rel}","templated":true}]}}