{"id":201631,"date":"2025-12-26T02:29:09","date_gmt":"2025-12-26T02:29:09","guid":{"rendered":"https:\/\/www.otiumhome.fi\/?p=201631"},"modified":"2025-12-26T08:00:56","modified_gmt":"2025-12-26T08:00:56","slug":"sohva-keltainen-5-hengen-kangas","status":"publish","type":"product","link":"https:\/\/www.otiumhome.fi\/index.php\/tuote\/sohva-keltainen-5-hengen-kangas\/","title":{"rendered":"Sohva Keltainen 5-hengen kangas"},"content":{"rendered":"<p>T\u00e4m\u00e4 moderni sohva on loistava esimerkki yksinkertaisuudesta ja toiminnallisuudesta. Sen puhtaat linjat ja v\u00e4h\u00e4iset yksityiskohdat tekev\u00e4t siit\u00e4 monipuolisen lis\u00e4n mihin tahansa olohuoneeseen. Sohva on suunniteltu sis\u00e4tiloihin ja valmistettu laadukkaasta kankaasta, joka tuo mukavuutta ja parantaa huoneen tyyli\u00e4. Erottuvat keltaiset kaarevat k\u00e4sinojat lis\u00e4\u00e4v\u00e4t ilmett\u00e4. T\u00e4m\u00e4 on t\u00e4ydellinen valinta talveen ja kev\u00e4\u00e4seen, sill\u00e4 se tarjoaa sek\u00e4 visuaalista vieh\u00e4tyst\u00e4 ett\u00e4 k\u00e4yt\u00e4nn\u00f6llisyytt\u00e4 joka p\u00e4iv\u00e4lle.<\/p>\n<ul>\n<li><b>Laadukas kankaan rakenne:<\/b> T\u00e4m\u00e4 sohva on tehty kest\u00e4v\u00e4st\u00e4 kankaasta, joka tarjoaa sek\u00e4 mukavuutta ett\u00e4 tyylikkyytt\u00e4. Sen pehme\u00e4 pinta luo mukavan ymp\u00e4rist\u00f6n eik\u00e4 laatu k\u00e4rsi p\u00e4ivitt\u00e4isess\u00e4 k\u00e4yt\u00f6ss\u00e4.<\/li>\n<li><b>Kaarevat k\u00e4sinojat:<\/b> K\u00e4sinojat on muotoiltu hell\u00e4sti kaariksi keltaisessa s\u00e4vyss\u00e4, mik\u00e4 tuo sek\u00e4 kauneutta ett\u00e4 mukavuutta. T\u00e4m\u00e4 design mahdollistaa rentouttavat asennot, ja se sopii erinomaisesti pitk\u00e4\u00e4n istumiseen.<\/li>\n<li><b>Moderni esteettisyys:<\/b> Sohva edustaa modernia yksinkertaisuutta ja puhtaita linjoja, itsess\u00e4\u00e4n on eleganssia. Minimalistinen muotoilu sopii nykyaikaisiin koteihin ja on joustava erilaisissa sisustusratkaisuissa.<\/li>\n<li><b>Sesongin mukaan k\u00e4ytt\u00f6:<\/b> T\u00e4m\u00e4 sohva on suunniteltu t\u00e4ydent\u00e4m\u00e4\u00e4n kodin tunnelmaa talvella ja kev\u00e4\u00e4ll\u00e4, ja se soveltuu hyvin sesongin esteettisiin muutoshaasteisiin.<\/li>\n<li><b>Kokoamisvaatimukset:<\/b> Sohva on helppo koota kahden henkil\u00f6n voimin perusv\u00e4lineit\u00e4 k\u00e4ytt\u00e4en. Se toimitetaan valmiina osana, joten asennus onnistuu vaivattomasti.<\/li>\n<\/ul>\n<ul>\n<li>V\u00e4ri: Keltainen<\/li>\n<li>Materiaali: Kangas<\/li>\n<li>Istuinkapasiteetti: 5<\/li>\n<li>Kokoonpano vaaditaan: Kyll\u00e4<\/li>\n<li>Toimitus-:<\/li>\n<li>1 x Sohva<\/li>\n<\/ul>\n","protected":false},"excerpt":{"rendered":"<ul>\n<li>V\u00e4ri: Keltainen<\/li>\n<li>Materiaali: Kangas<\/li>\n<li>Istuinkapasiteetti: 5<\/li>\n<li>Kokoonpano vaaditaan: Kyll\u00e4<\/li>\n<li>Toimitus-:<\/li>\n<li>1 x Sohva<\/li>\n<\/ul>\n","protected":false},"featured_media":100000201631,"comment_status":"closed","ping_status":"closed","template":"","meta":[],"product_brand":[],"product_cat":[84],"product_tag":[],"class_list":{"0":"post-201631","1":"product","2":"type-product","3":"status-publish","4":"has-post-thumbnail","6":"product_cat-huonekalut","8":"first","9":"instock","10":"taxable","11":"shipping-taxable","12":"purchasable","13":"product-type-simple"},"_links":{"self":[{"href":"https:\/\/www.otiumhome.fi\/index.php\/wp-json\/wp\/v2\/product\/201631","targetHints":{"allow":["GET"]}}],"collection":[{"href":"https:\/\/www.otiumhome.fi\/index.php\/wp-json\/wp\/v2\/product"}],"about":[{"href":"https:\/\/www.otiumhome.fi\/index.php\/wp-json\/wp\/v2\/types\/product"}],"replies":[{"embeddable":true,"href":"https:\/\/www.otiumhome.fi\/index.php\/wp-json\/wp\/v2\/comments?post=201631"}],"wp:featuredmedia":[{"embeddable":true,"href":"https:\/\/www.otiumhome.fi\/index.php\/wp-json\/"}],"wp:attachment":[{"href":"https:\/\/www.otiumhome.fi\/index.php\/wp-json\/wp\/v2\/media?parent=201631"}],"wp:term":[{"taxonomy":"product_brand","embeddable":true,"href":"https:\/\/www.otiumhome.fi\/index.php\/wp-json\/wp\/v2\/product_brand?post=201631"},{"taxonomy":"product_cat","embeddable":true,"href":"https:\/\/www.otiumhome.fi\/index.php\/wp-json\/wp\/v2\/product_cat?post=201631"},{"taxonomy":"product_tag","embeddable":true,"href":"https:\/\/www.otiumhome.fi\/index.php\/wp-json\/wp\/v2\/product_tag?post=201631"}],"curies":[{"name":"wp","href":"https:\/\/api.w.org\/{rel}","templated":true}]}}