{"id":201630,"date":"2025-12-26T02:29:09","date_gmt":"2025-12-26T02:29:09","guid":{"rendered":"https:\/\/www.otiumhome.fi\/?p=201630"},"modified":"2025-12-26T08:00:56","modified_gmt":"2025-12-26T08:00:56","slug":"sohva-kerma-4-istuttava-kangas","status":"publish","type":"product","link":"https:\/\/www.otiumhome.fi\/index.php\/tuote\/sohva-kerma-4-istuttava-kangas\/","title":{"rendered":"Sohva Kerma 4-istuttava kangas"},"content":{"rendered":"<p>T\u00e4m\u00e4 moderni sohva on monipuolinen huonekalu, joka tuo eleganttia tunnelmaa mihin tahansa sis\u00e4tilaan. Sen selke\u00e4 linja ja minimalistinen muotoilu tekev\u00e4t siit\u00e4 sopivan erilaisiin sisustustyyleihin. Sohva on mukava ja kutsuva paikka rentoutua, erinomaisen olohuoneissa, auloissa tai toimistotiloissa. Tyylik\u00e4s ilme t\u00e4ydent\u00e4\u00e4 nykyaikaisia sisustusmotiiveja ja tuo sek\u00e4 tyyli\u00e4 ett\u00e4 mukavuutta.<\/p>\n<ul>\n<li><b>Kangasmateriaali:<\/b> Valmistettu kest\u00e4v\u00e4st\u00e4 ja mukavasta kankaasta, sohva on t\u00e4ydellinen k\u00e4ytt\u00f6\u00f6n vaativissa tiloissa. Kankaan hengitt\u00e4vyys takaa mukavuutta pitkiss\u00e4 istumisetioissa.<\/li>\n<li><b>Lis\u00e4varusteet:<\/b> Sohvassa on tasaiset k\u00e4sinojat, jotka tarjoavat oivan tilan k\u00e4sien lep\u00e4\u00e4miseen. K\u00e4sinojien simppeli muotoilu tuo esiin huonekalun modernin ilmeen ja tekee tilasta rauhallisen. Sohvan tukevuus takaa varman istumapaikan jokap\u00e4iv\u00e4isess\u00e4 k\u00e4yt\u00f6ss\u00e4.<\/li>\n<li><b>Toiminnallisuus:<\/b> T\u00e4m\u00e4 moderni sohva on monik\u00e4ytt\u00f6inen ja mukautuu helposti erilaisiin ymp\u00e4rist\u00f6ihin. Se sopii tiloihin rentoutumiseen tai ep\u00e4virallisiin kokouksiin, ja sen moderni tyyli antaa mahdollisuuksia luovaan sisustamiseen.<\/li>\n<li><b>Suositellut k\u00e4ytt\u00f6tarkoitukset:<\/b> T\u00e4m\u00e4 sohva on suunniteltu talvea ja kev\u00e4tt\u00e4 varten, ja se sopeutuu kausittaisiin sisustamiseen. Sopii t\u00e4ydellisesti modernille kotinomistajalle, joka arvostaa tyyli\u00e4 ja k\u00e4yt\u00e4nn\u00f6llisyytt\u00e4.<\/li>\n<li><b>Kokoaminen vaaditaan:<\/b> Sohva on helppo koota, mik\u00e4 mahdollistaa sen mukauttamisen tilan mukaan. T\u00e4m\u00e4 tekee siit\u00e4 helpon kuljettaa ja r\u00e4\u00e4t\u00e4l\u00f6id\u00e4 omien toiveidesi mukaan, varmistaen kauniin sisustuksen.,}<\/li>\n<\/ul>\n<ul>\n<li>V\u00e4ri: Kerma<\/li>\n<li>Materiaali: Kangas<\/li>\n<li>Istuinkapasiteetti: 4<\/li>\n<li>Kokoonpano vaaditaan: Kyll\u00e4<\/li>\n<li>Toimitus-:<\/li>\n<li>1 x Sohva<\/li>\n<\/ul>\n","protected":false},"excerpt":{"rendered":"<ul>\n<li>V\u00e4ri: Kerma<\/li>\n<li>Materiaali: Kangas<\/li>\n<li>Istuinkapasiteetti: 4<\/li>\n<li>Kokoonpano vaaditaan: Kyll\u00e4<\/li>\n<li>Toimitus-:<\/li>\n<li>1 x Sohva<\/li>\n<\/ul>\n","protected":false},"featured_media":100000201630,"comment_status":"closed","ping_status":"closed","template":"","meta":[],"product_brand":[],"product_cat":[84],"product_tag":[],"class_list":{"0":"post-201630","1":"product","2":"type-product","3":"status-publish","4":"has-post-thumbnail","6":"product_cat-huonekalut","8":"first","9":"instock","10":"taxable","11":"shipping-taxable","12":"purchasable","13":"product-type-simple"},"_links":{"self":[{"href":"https:\/\/www.otiumhome.fi\/index.php\/wp-json\/wp\/v2\/product\/201630","targetHints":{"allow":["GET"]}}],"collection":[{"href":"https:\/\/www.otiumhome.fi\/index.php\/wp-json\/wp\/v2\/product"}],"about":[{"href":"https:\/\/www.otiumhome.fi\/index.php\/wp-json\/wp\/v2\/types\/product"}],"replies":[{"embeddable":true,"href":"https:\/\/www.otiumhome.fi\/index.php\/wp-json\/wp\/v2\/comments?post=201630"}],"wp:featuredmedia":[{"embeddable":true,"href":"https:\/\/www.otiumhome.fi\/index.php\/wp-json\/"}],"wp:attachment":[{"href":"https:\/\/www.otiumhome.fi\/index.php\/wp-json\/wp\/v2\/media?parent=201630"}],"wp:term":[{"taxonomy":"product_brand","embeddable":true,"href":"https:\/\/www.otiumhome.fi\/index.php\/wp-json\/wp\/v2\/product_brand?post=201630"},{"taxonomy":"product_cat","embeddable":true,"href":"https:\/\/www.otiumhome.fi\/index.php\/wp-json\/wp\/v2\/product_cat?post=201630"},{"taxonomy":"product_tag","embeddable":true,"href":"https:\/\/www.otiumhome.fi\/index.php\/wp-json\/wp\/v2\/product_tag?post=201630"}],"curies":[{"name":"wp","href":"https:\/\/api.w.org\/{rel}","templated":true}]}}