{"id":201628,"date":"2025-12-26T02:29:08","date_gmt":"2025-12-26T02:29:08","guid":{"rendered":"https:\/\/www.otiumhome.fi\/?p=201628"},"modified":"2025-12-26T08:00:56","modified_gmt":"2025-12-26T08:00:56","slug":"sohva-harmaanruskea-4-istuttava-kangas","status":"publish","type":"product","link":"https:\/\/www.otiumhome.fi\/index.php\/tuote\/sohva-harmaanruskea-4-istuttava-kangas\/","title":{"rendered":"Sohva Harmaanruskea 4-istuttava kangas"},"content":{"rendered":"<p>Moderni sohva yhdist\u00e4\u00e4 tyylin ja k\u00e4yt\u00e4nn\u00f6llisyyden, sopeutuen t\u00e4ydellisesti moderneihin asuintiloihin. Kangasverhoilu tuo mukavuutta ja hienostuneisuutta, mik\u00e4 tekee siit\u00e4 erinomaisen valinnan niille, jotka arvostavat hyv\u00e4\u00e4 designia. Se on monik\u00e4ytt\u00f6inen, sopii rentoutumiseen tai yst\u00e4vien kutsumiseen. Sohva on sek\u00e4 huomaamaton ett\u00e4 silm\u00e4\u00e4npist\u00e4v\u00e4, tarjoten mukautuvan tilan rentoutumiseen ja hauskanpitoon.<\/p>\n<ul>\n<li><b>Huippulaatuinen kangas:<\/b> T\u00e4m\u00e4 sohva on verhoiltu laadukkaalla kankaalla, joka tarjoaa mukavuutta ja pitk\u00e4\u00e4 k\u00e4ytt\u00f6ik\u00e4\u00e4. Sen pehme\u00e4 pinta on kutsuva, ja kest\u00e4vyys antaa iloa pitk\u00e4ksi aikaa. Sopii sek\u00e4 p\u00e4ivitt\u00e4iseen k\u00e4ytt\u00f6\u00f6n ett\u00e4 vieraille.<\/li>\n<li><b>Musta moderni jalat:<\/b> Sohvan mustat jalat antavat tyylikk\u00e4\u00e4n ilmeen ja tukea. Ne ovat suunniteltu vakaiksi, t\u00e4ydent\u00e4en minimalistista tyyli\u00e4. Musta tuo hienostuneisuuden lis\u00e4yksen, joka sopii mihin tahansa sisustukseen.<\/li>\n<li><b>Yksinkertaisuus tyyliss\u00e4:<\/b> T\u00e4m\u00e4 sohva ilment\u00e4\u00e4 modernia tyyli\u00e4 yksinkertaisilla linjoilla. Se on ajaton valinta, joka yhdist\u00e4\u00e4 toiminnallisuuden ja tyylikkyyden.<\/li>\n<li><b>Toiminnallinen muotoilu:<\/b> Kompakti malli tekee t\u00e4st\u00e4 sohvasta soveltuvan monenlaisiin asuintiloihin, monista avarista loftista pieniin huoneistoihin. Sen monipuolisuus tekee siit\u00e4 erinomaisen valinnan.<\/li>\n<li><b>Helppo kokoaminen:<\/b> Kokoaminen vaatii kaksi henkil\u00f6\u00e4 ja ruuvimeisselin. T\u00e4m\u00e4 k\u00e4yt\u00e4nn\u00f6n ominaisuus tekee kokoamisesta nopeaa ja helppoa.<\/li>\n<\/ul>\n<ul>\n<li>V\u00e4ri: Harmaanruskea<\/li>\n<li>Materiaali: Kangas<\/li>\n<li>Istuinkapasiteetti: 4<\/li>\n<li>Kokoonpano vaaditaan: Kyll\u00e4<\/li>\n<\/ul>\n","protected":false},"excerpt":{"rendered":"<ul>\n<li>V\u00e4ri: Harmaanruskea<\/li>\n<li>Materiaali: Kangas<\/li>\n<li>Istuinkapasiteetti: 4<\/li>\n<li>Kokoonpano vaaditaan: Kyll\u00e4<\/li>\n<\/ul>\n","protected":false},"featured_media":100000201628,"comment_status":"closed","ping_status":"closed","template":"","meta":[],"product_brand":[],"product_cat":[84],"product_tag":[],"class_list":{"0":"post-201628","1":"product","2":"type-product","3":"status-publish","4":"has-post-thumbnail","6":"product_cat-huonekalut","8":"first","9":"instock","10":"taxable","11":"shipping-taxable","12":"purchasable","13":"product-type-simple"},"_links":{"self":[{"href":"https:\/\/www.otiumhome.fi\/index.php\/wp-json\/wp\/v2\/product\/201628","targetHints":{"allow":["GET"]}}],"collection":[{"href":"https:\/\/www.otiumhome.fi\/index.php\/wp-json\/wp\/v2\/product"}],"about":[{"href":"https:\/\/www.otiumhome.fi\/index.php\/wp-json\/wp\/v2\/types\/product"}],"replies":[{"embeddable":true,"href":"https:\/\/www.otiumhome.fi\/index.php\/wp-json\/wp\/v2\/comments?post=201628"}],"wp:featuredmedia":[{"embeddable":true,"href":"https:\/\/www.otiumhome.fi\/index.php\/wp-json\/"}],"wp:attachment":[{"href":"https:\/\/www.otiumhome.fi\/index.php\/wp-json\/wp\/v2\/media?parent=201628"}],"wp:term":[{"taxonomy":"product_brand","embeddable":true,"href":"https:\/\/www.otiumhome.fi\/index.php\/wp-json\/wp\/v2\/product_brand?post=201628"},{"taxonomy":"product_cat","embeddable":true,"href":"https:\/\/www.otiumhome.fi\/index.php\/wp-json\/wp\/v2\/product_cat?post=201628"},{"taxonomy":"product_tag","embeddable":true,"href":"https:\/\/www.otiumhome.fi\/index.php\/wp-json\/wp\/v2\/product_tag?post=201628"}],"curies":[{"name":"wp","href":"https:\/\/api.w.org\/{rel}","templated":true}]}}