{"id":201625,"date":"2025-12-26T02:29:07","date_gmt":"2025-12-26T02:29:07","guid":{"rendered":"https:\/\/www.otiumhome.fi\/?p=201625"},"modified":"2025-12-26T08:00:55","modified_gmt":"2025-12-26T08:00:55","slug":"sohva-valkoinen-kangas","status":"publish","type":"product","link":"https:\/\/www.otiumhome.fi\/index.php\/tuote\/sohva-valkoinen-kangas\/","title":{"rendered":"Sohva Valkoinen kangas"},"content":{"rendered":"<p>T\u00e4m\u00e4 moderni sohva yhdist\u00e4\u00e4 yksinkertaisen tyylin, joka sopii moneen ymp\u00e4rist\u00f6\u00f6n, oli se sitten olohuone tai toimisto. Sen puhtaat linjat ja valkoinen kangas tekev\u00e4t siit\u00e4 monipuolisen niin ett\u00e4 se t\u00e4ydent\u00e4\u00e4 erilaisia sisustustyylej\u00e4 ja tarjoaa mukautuvan istumisen mihin tahansa tilaisuuteen.<\/p>\n<ul>\n<li><b>Korkealaatuinen kangas:<\/b> Laadukkaasta materiaalista valmistettu sohva tarjoaa miellytt\u00e4v\u00e4n kosketuksen, parantaen istumiskokemusta ja lis\u00e4ten tyyli\u00e4 huoneeseen. Kangas on kest\u00e4v\u00e4 ja pehme\u00e4, joten se kest\u00e4\u00e4 pitk\u00e4\u00e4n ilman mukavuuden vaarantamista.<\/li>\n<li><b>Minimalistinen muotoilu:<\/b> Sohvassa on selkeit\u00e4 linjoja ja simppeli siluetti, joka kuvastaa modernia tyyli\u00e4. Yksinkertaisuus tuo j\u00e4rjestyst\u00e4, mink\u00e4 vuoksi se on loistava valinta tiloihin, joissa toiminnallisuus kohtaa estetiikan.<\/li>\n<li><b>Monipuolinen k\u00e4ytt\u00f6:<\/b> Ihanteellinen moneen ymp\u00e4rist\u00f6\u00f6n, kuten kotien olohuoneisiin ja liiketiloihin. Sohvan muotoilu vastaa erilaisiin tarpeisiin, ja se sopii niin rentoihin kokoontumisiin kuin ammattimaisiin tilaisuuksiin, heijastaen tasapainoista l\u00e4hestymistapaa nykyaikaiseen el\u00e4m\u00e4\u00e4n.<\/li>\n<li><b>Kokoaminen vaaditaan:<\/b> K\u00e4ytt\u00e4j\u00e4\u00e4 ajatellen suunniteltu kokoaminen antaa sinulle mahdollisuuden mukauttaa kokemusta. Kun se on koottu, sohva yhdist\u00e4\u00e4 saumattomasti tyylin ja k\u00e4yt\u00e4nn\u00f6llisyyden, mik\u00e4 heijastaa harkittua suunnittelua.<\/li>\n<li><b>Hoito-ohjeet:<\/b> Kangasmateriaali tarvitsee s\u00e4\u00e4nn\u00f6llist\u00e4 kuivapesua pysy\u00e4kseen hyv\u00e4ss\u00e4 kunnossa. V\u00e4lt\u00e4 voimakkaita kemikaaleja, jotka voivat heikent\u00e4\u00e4 kangasta ajan my\u00f6t\u00e4. Helppo hoito takaa, ett\u00e4 sohva pysyy kutsuvana ja tyylikk\u00e4\u00e4n\u00e4.<\/li>\n<\/ul>\n<ul>\n<li>V\u00e4ri: Valkoinen<\/li>\n<li>Materiaali: Kangas<\/li>\n<li>Kokoonpano vaaditaan: Kyll\u00e4<\/li>\n<\/ul>\n","protected":false},"excerpt":{"rendered":"<ul>\n<li>V\u00e4ri: Valkoinen<\/li>\n<li>Materiaali: Kangas<\/li>\n<li>Kokoonpano vaaditaan: Kyll\u00e4<\/li>\n<\/ul>\n","protected":false},"featured_media":100000201625,"comment_status":"closed","ping_status":"closed","template":"","meta":[],"product_brand":[],"product_cat":[84],"product_tag":[],"class_list":{"0":"post-201625","1":"product","2":"type-product","3":"status-publish","4":"has-post-thumbnail","6":"product_cat-huonekalut","8":"first","9":"instock","10":"taxable","11":"shipping-taxable","12":"purchasable","13":"product-type-simple"},"_links":{"self":[{"href":"https:\/\/www.otiumhome.fi\/index.php\/wp-json\/wp\/v2\/product\/201625","targetHints":{"allow":["GET"]}}],"collection":[{"href":"https:\/\/www.otiumhome.fi\/index.php\/wp-json\/wp\/v2\/product"}],"about":[{"href":"https:\/\/www.otiumhome.fi\/index.php\/wp-json\/wp\/v2\/types\/product"}],"replies":[{"embeddable":true,"href":"https:\/\/www.otiumhome.fi\/index.php\/wp-json\/wp\/v2\/comments?post=201625"}],"wp:featuredmedia":[{"embeddable":true,"href":"https:\/\/www.otiumhome.fi\/index.php\/wp-json\/"}],"wp:attachment":[{"href":"https:\/\/www.otiumhome.fi\/index.php\/wp-json\/wp\/v2\/media?parent=201625"}],"wp:term":[{"taxonomy":"product_brand","embeddable":true,"href":"https:\/\/www.otiumhome.fi\/index.php\/wp-json\/wp\/v2\/product_brand?post=201625"},{"taxonomy":"product_cat","embeddable":true,"href":"https:\/\/www.otiumhome.fi\/index.php\/wp-json\/wp\/v2\/product_cat?post=201625"},{"taxonomy":"product_tag","embeddable":true,"href":"https:\/\/www.otiumhome.fi\/index.php\/wp-json\/wp\/v2\/product_tag?post=201625"}],"curies":[{"name":"wp","href":"https:\/\/api.w.org\/{rel}","templated":true}]}}