{"id":201615,"date":"2025-12-26T02:26:37","date_gmt":"2025-12-26T02:26:37","guid":{"rendered":"https:\/\/www.otiumhome.fi\/?p=201615"},"modified":"2025-12-26T07:42:16","modified_gmt":"2025-12-26T07:42:16","slug":"seinalaatikkohylly-korkeak-valk-88x26x185-cm-tekninen-puu","status":"publish","type":"product","link":"https:\/\/www.otiumhome.fi\/index.php\/tuote\/seinalaatikkohylly-korkeak-valk-88x26x185-cm-tekninen-puu\/","title":{"rendered":"Sein\u00e4laatikkohylly korkeak. valk. 88x26x18,5 cm tekninen puu"},"content":{"rendered":"<p>Haluatko lis\u00e4t\u00e4 tyyli\u00e4 tyhjille seinille tai enemm\u00e4n s\u00e4ilytystilaa kotiisi? T\u00e4ss\u00e4 sein\u00e4lle kiinnitett\u00e4v\u00e4ss\u00e4 laatikoilla varustetussa hyllyss\u00e4 on kaikki mit\u00e4 tarvitset!<\/p>\n<\/p>\n<p>T\u00e4m\u00e4 kolmella laatikolla varustettu kelluva hylly tarjoaa ihanteellisen s\u00e4ilytysratkaisun mihin tahansa kotiin. Se on monipuolinen kaappi, jonka voit sijoittaa k\u00e4yt\u00e4v\u00e4lle ja pit\u00e4\u00e4 avaimet j\u00e4rjestyksess\u00e4 tai olohuoneeseen valokuvien ja koriste-esineiden esille panemiseksi. Voit my\u00f6s laittaa sen sein\u00e4peilin alla meikkialueen luomiseksi. Laadukkaasta teknisest\u00e4 puusta valmistettu kelluva hylly on rakennettu kest\u00e4m\u00e4\u00e4n.<\/p>\n<\/p>\n<p>Laatikkohylly on helppo puhdistaa kostealla liinalla.<\/p>\n<ul>\n<li>V\u00e4ri: valkoinen korkeakiilto<\/li>\n<li>Mitat: 88 x 26 x 18,5 cm (L x S x K)<\/li>\n<li>Materiaali: tekninen puu<\/li>\n<li>Maksimikantavuus (yhteens\u00e4): 50 kg<\/li>\n<li>3 vetolaatikkoa<\/li>\n<li>Sein\u00e4\u00e4n kiinnitett\u00e4v\u00e4<\/li>\n<\/ul>\n","protected":false},"excerpt":{"rendered":"<ul>\n<li>V\u00e4ri: valkoinen korkeakiilto<\/li>\n<li>Mitat: 88 x 26 x 18,5 cm (L x S x K)<\/li>\n<li>Materiaali: tekninen puu<\/li>\n<li>Maksimikantavuus (yhteens\u00e4): 50 kg<\/li>\n<li>3 vetolaatikkoa<\/li>\n<li>Sein\u00e4\u00e4n kiinnitett\u00e4v\u00e4<\/li>\n<\/ul>\n","protected":false},"featured_media":100000201615,"comment_status":"closed","ping_status":"closed","template":"","meta":[],"product_brand":[],"product_cat":[84,8634],"product_tag":[],"class_list":{"0":"post-201615","1":"product","2":"type-product","3":"status-publish","4":"has-post-thumbnail","6":"product_cat-huonekalut","7":"product_cat-seinahyllyt","9":"first","10":"outofstock","11":"taxable","12":"shipping-taxable","13":"purchasable","14":"product-type-simple"},"_links":{"self":[{"href":"https:\/\/www.otiumhome.fi\/index.php\/wp-json\/wp\/v2\/product\/201615","targetHints":{"allow":["GET"]}}],"collection":[{"href":"https:\/\/www.otiumhome.fi\/index.php\/wp-json\/wp\/v2\/product"}],"about":[{"href":"https:\/\/www.otiumhome.fi\/index.php\/wp-json\/wp\/v2\/types\/product"}],"replies":[{"embeddable":true,"href":"https:\/\/www.otiumhome.fi\/index.php\/wp-json\/wp\/v2\/comments?post=201615"}],"wp:featuredmedia":[{"embeddable":true,"href":"https:\/\/www.otiumhome.fi\/index.php\/wp-json\/"}],"wp:attachment":[{"href":"https:\/\/www.otiumhome.fi\/index.php\/wp-json\/wp\/v2\/media?parent=201615"}],"wp:term":[{"taxonomy":"product_brand","embeddable":true,"href":"https:\/\/www.otiumhome.fi\/index.php\/wp-json\/wp\/v2\/product_brand?post=201615"},{"taxonomy":"product_cat","embeddable":true,"href":"https:\/\/www.otiumhome.fi\/index.php\/wp-json\/wp\/v2\/product_cat?post=201615"},{"taxonomy":"product_tag","embeddable":true,"href":"https:\/\/www.otiumhome.fi\/index.php\/wp-json\/wp\/v2\/product_tag?post=201615"}],"curies":[{"name":"wp","href":"https:\/\/api.w.org\/{rel}","templated":true}]}}