{"id":201606,"date":"2025-12-26T02:26:30","date_gmt":"2025-12-26T02:26:30","guid":{"rendered":"https:\/\/www.otiumhome.fi\/?p=201606"},"modified":"2025-12-31T08:46:23","modified_gmt":"2025-12-31T08:46:23","slug":"seinahyllyt-4-pcs-savupahkina-26-x-15-x-26-cm-tekninen-puu","status":"publish","type":"product","link":"https:\/\/www.otiumhome.fi\/index.php\/tuote\/seinahyllyt-4-pcs-savupahkina-26-x-15-x-26-cm-tekninen-puu\/","title":{"rendered":"Sein\u00e4hyllyt 4 pcs Savup\u00e4hkin\u00e4 26 x 15 x 26 cm Tekninen puu"},"content":{"rendered":"<p>T\u00e4m\u00e4 moderni sein\u00e4hylly yhdist\u00e4\u00e4 toiminnallisuuden ja tyylin, ja se parantaa olohuoneesi ilmett\u00e4. Suunniteltu tyylikk\u00e4\u00e4n suorakulmaiseen muotoon, se on loistava tapa j\u00e4rjestell\u00e4 ja esitell\u00e4 suosikkiesineit\u00e4si. Siisti ja minimalistinen ilme tuo lis\u00e4\u00e4 tyyli\u00e4 moderniin sisustukseen, mik\u00e4 tekee siit\u00e4 t\u00e4ydellisen mihin tahansa kotiin, etenkin olohuoneisiin. T\u00e4m\u00e4 hylly toimittaa visuaalisesti houkuttelevan keskipisteen samalla kun se tarjoaa k\u00e4yt\u00e4nn\u00f6llist\u00e4 s\u00e4ilytyst\u00e4.<\/p>\n<ul>\n<li><b>Tekninen puu<\/b> Hylly on valmistettu kest\u00e4v\u00e4st\u00e4 teknisest\u00e4 puusta, joka takaa pitk\u00e4n k\u00e4ytt\u00f6i\u00e4n ja kest\u00e4vyyden. Materiaali on tunnettu kest\u00e4vyydest\u00e4\u00e4n sek\u00e4 kauniista olemuksesta, joten se on t\u00e4ydellinen valinta sek\u00e4 tyylin ett\u00e4 funktionaalisuuden vuoksi.<\/li>\n<li><b>Levyhyllymuotoilu<\/b> Hylly muistuttaa perinteist\u00e4 levytyyli\u00e4, ja se tarjoaa loistavat mahdollisuudet kirjojen, koriste-esineiden tai muiden kokoelmien s\u00e4ilytt\u00e4miseen. Sen yksinkertainen mutta tyylik\u00e4s muotoilu mahdollistaa monipuolista k\u00e4ytt\u00f6\u00e4 erilaisiin esteettisiin mieltymyksiin.<\/li>\n<li><b>Sein\u00e4lle kiinnitett\u00e4v\u00e4 tilank\u00e4yt\u00f6n tehokkuus<\/b> Sein\u00e4\u00e4n kiinnitett\u00e4v\u00e4 rakenne tekniikkapuusta tarjoaa virtaviivaisen ilmeen ja maksimoi k\u00e4ytett\u00e4viss\u00e4 olevan tilan. T\u00e4m\u00e4 vapauttaa lattiatilaa, mik\u00e4 tekee siit\u00e4 erinomaisen valinnan pienille huoneille tai niille, jotka haluavat pit\u00e4\u00e4 ymp\u00e4rist\u00f6n siistin\u00e4.<\/li>\n<li><b>Moderni yksinkertaisuus<\/b> Nykytyyliss\u00e4\u00e4n t\u00e4m\u00e4 hylly keskittyy v\u00e4hempiin koristeisiin ja siisteihin linjoihin, mink\u00e4 vuoksi se sopii erinomaisesti yksinkertaisuutta arvostaville. Se t\u00e4ydent\u00e4\u00e4 modernia estetiikkaa ja parantaa koko tilan ilmett\u00e4.<\/li>\n<li><b>Helppo kokoaminen<\/b> Kokoaminen vaatii kaksi henkil\u00f6\u00e4 ja ruuvimeisselin, ja ohjeiden seuraaminen tekee asennuksesta vaivatonta. T\u00e4m\u00e4 prosessi on yksinkertainen ja nopea, jotta voit nauttia uudesta hyllyst\u00e4si ilman suuria ponnistuksia.<\/li>\n<\/ul>\n<ul>\n<li>V\u00e4ri: Savup\u00e4hkin\u00e4<\/li>\n<li>Materiaali: Tekninen puu<\/li>\n<li>Yleiset mitat: 26 x 15 x 26 cm (P x L x K)<\/li>\n<li>Paino: 5,8 kg<\/li>\n<li>Kest\u00e4v\u00e4<\/li>\n<li>Mukana levyhyllyt<\/li>\n<li>Kehysmateriaali: Tekninen puu<\/li>\n<li>Vain sis\u00e4k\u00e4ytt\u00f6\u00f6n<\/li>\n<li>Toimitus-:<\/li>\n<li>4 x Sein\u00e4hylly\u00e4<\/li>\n<li>Kokoonpano vaaditaan: Kyll\u00e4<\/li>\n<\/ul>\n","protected":false},"excerpt":{"rendered":"<ul>\n<li>V\u00e4ri: Savup\u00e4hkin\u00e4<\/li>\n<li>Materiaali: Tekninen puu<\/li>\n<li>Yleiset mitat: 26 x 15 x 26 cm (P x L x K)<\/li>\n<li>Paino: 5,8 kg<\/li>\n<li>Kest\u00e4v\u00e4<\/li>\n<li>Mukana levyhyllyt<\/li>\n<li>Kehysmateriaali: Tekninen puu<\/li>\n<li>Vain sis\u00e4k\u00e4ytt\u00f6\u00f6n<\/li>\n<li>Toimitus-:<\/li>\n<li>4 x Sein\u00e4hylly\u00e4<\/li>\n<li>Kokoonpano vaaditaan: Kyll\u00e4<\/li>\n<\/ul>\n","protected":false},"featured_media":100000201606,"comment_status":"closed","ping_status":"closed","template":"","meta":[],"product_brand":[],"product_cat":[84,8634],"product_tag":[],"class_list":{"0":"post-201606","1":"product","2":"type-product","3":"status-publish","4":"has-post-thumbnail","6":"product_cat-huonekalut","7":"product_cat-seinahyllyt","9":"first","10":"instock","11":"taxable","12":"shipping-taxable","13":"purchasable","14":"product-type-simple"},"_links":{"self":[{"href":"https:\/\/www.otiumhome.fi\/index.php\/wp-json\/wp\/v2\/product\/201606","targetHints":{"allow":["GET"]}}],"collection":[{"href":"https:\/\/www.otiumhome.fi\/index.php\/wp-json\/wp\/v2\/product"}],"about":[{"href":"https:\/\/www.otiumhome.fi\/index.php\/wp-json\/wp\/v2\/types\/product"}],"replies":[{"embeddable":true,"href":"https:\/\/www.otiumhome.fi\/index.php\/wp-json\/wp\/v2\/comments?post=201606"}],"wp:featuredmedia":[{"embeddable":true,"href":"https:\/\/www.otiumhome.fi\/index.php\/wp-json\/"}],"wp:attachment":[{"href":"https:\/\/www.otiumhome.fi\/index.php\/wp-json\/wp\/v2\/media?parent=201606"}],"wp:term":[{"taxonomy":"product_brand","embeddable":true,"href":"https:\/\/www.otiumhome.fi\/index.php\/wp-json\/wp\/v2\/product_brand?post=201606"},{"taxonomy":"product_cat","embeddable":true,"href":"https:\/\/www.otiumhome.fi\/index.php\/wp-json\/wp\/v2\/product_cat?post=201606"},{"taxonomy":"product_tag","embeddable":true,"href":"https:\/\/www.otiumhome.fi\/index.php\/wp-json\/wp\/v2\/product_tag?post=201606"}],"curies":[{"name":"wp","href":"https:\/\/api.w.org\/{rel}","templated":true}]}}