{"id":201603,"date":"2025-12-26T01:33:47","date_gmt":"2025-12-26T01:33:47","guid":{"rendered":"https:\/\/www.otiumhome.fi\/?p=201603"},"modified":"2025-12-26T08:00:55","modified_gmt":"2025-12-26T08:00:55","slug":"pouffet-geometrinen-harmaa-ja-valkoinen-40-x-40-x-40-cm-kangas","status":"publish","type":"product","link":"https:\/\/www.otiumhome.fi\/index.php\/tuote\/pouffet-geometrinen-harmaa-ja-valkoinen-40-x-40-x-40-cm-kangas\/","title":{"rendered":"Pouffet Geometrinen Harmaa ja valkoinen 40 x 40 x 40 cm kangas"},"content":{"rendered":"<p>Esittelyss\u00e4 moderni tuote, joka on ideaalinen nykyaikaisiin koteihin. T\u00e4m\u00e4 pouffe on heti katseenvangitsija tyylikk\u00e4\u00e4n geometrisen kuosin ansiosta. Kompaktinkokoinen 40 x 40 x 40 cm tekee siit\u00e4 elegantin ilman liikaa tilaa.\u201d Sen pehme\u00e4, py\u00f6re\u00e4 muotoilu yhdist\u00e4\u00e4 tyyli\u00e4 ja k\u00e4yt\u00e4nn\u00f6llisyytt\u00e4, joten se on loistava valinta kaikille, jotka hakevat kauniita ja toimivia sisustuselementtej\u00e4.<\/p>\n<ul>\n<li><b>Materiaalit:<\/b> T\u00e4m\u00e4 pouffe on valmistettu pehme\u00e4st\u00e4 ja ylellisest\u00e4 kankaasta, joka on miellytt\u00e4v\u00e4 silm\u00e4lle ja k\u00e4situntumalle. Kankaan kest\u00e4vyys takaa sen, ettei se kulu helposti, ja se on helppo pit\u00e4\u00e4 puhtaana.<\/li>\n<li><b>Komponentit:<\/b> Tuote sis\u00e4lt\u00e4\u00e4 kaksi pouffia, jotka sopeutuu hyvin olohuoneen tarpeisiin. Vaahtomuovit\u00e4yte muotoutuu hyvin, jotta voit vaihtaa istumapaikkaa helposti. Ter\u00e4v\u00e4kulmattomuudet tekev\u00e4t siit\u00e4 turvallisen, erityisesti perheille, joissa on lapsia tai lemmikkej\u00e4.<\/li>\n<li><b>Ominaisuudet \/ Toiminta \/ Suunnittelu:<\/b> Sen geometrinen muotoilu tuo modernia tunnelmaa mihin tahansa tilaan ja yksinkertaista tyyli\u00e4. Jokainen pouffe on helppo siirt\u00e4\u00e4, joten voit j\u00e4rjest\u00e4\u00e4 tilat mieleiseksesi. Koe istuinratkaisu, joka yhdist\u00e4\u00e4 tyylin ja k\u00e4yt\u00e4nn\u00f6llisyyden.<\/li>\n<li><b>Suositellut k\u00e4ytt\u00f6tavat:<\/b> T\u00e4m\u00e4 setti sopii eri ymp\u00e4rist\u00f6ihin \u2013 olipa se takan vieress\u00e4, maton kanssa tai erillisen\u00e4 p\u00f6yt\u00e4n\u00e4, ne tarjoaa muunneltavia ratkaisuja. Ne k\u00e4y my\u00f6s juhliin ja rentoutumishetkiin, ja ne t\u00e4ytt\u00e4\u00e4 monenlaiset tarpeet tehokkaasti.<\/li>\n<li><b>Huolto ja yll\u00e4pito:<\/b> Pid\u00e4 se vieh\u00e4tt\u00e4v\u00e4n\u00e4 pyyhk\u00e4isem\u00e4ll\u00e4 kuivalla liinalla ja v\u00e4lt\u00e4 suoraa veden vaikutusta. S\u00e4ilytt\u00e4m\u00e4ll\u00e4 kuivissa olosuhteissa parantaa kest\u00e4vyytt\u00e4 ja pit\u00e4\u00e4 ulkoasun n\u00e4ytt\u00e4v\u00e4n\u00e4.  <\/li>\n<\/ul>\n<ul>\n<li>V\u00e4ri: Harmaa ja valkoinen<\/li>\n<li>Materiaali: Kangas<\/li>\n<li>Yleiset mitat: 40 x 40 x 40 cm (P x L x K)<\/li>\n<li>Paino: 12,78 kg<\/li>\n<li>Siirrett\u00e4v\u00e4<\/li>\n<li>Istuinalue: 40 x 40 cm (L x S)<\/li>\n<li>T\u00e4ytt\u00f6materiaali: Vaahdot<\/li>\n<li>Vain sis\u00e4k\u00e4ytt\u00f6\u00f6n<\/li>\n<li>Toimitus-:<\/li>\n<li>2 x Pouffe: 40 x 40 x 40 cm (P x L x K)<\/li>\n<li>1 x Matto: 180 x 120 cm (P x L)<\/li>\n<\/ul>\n","protected":false},"excerpt":{"rendered":"<ul>\n<li>V\u00e4ri: Harmaa ja valkoinen<\/li>\n<li>Materiaali: Kangas<\/li>\n<li>Yleiset mitat: 40 x 40 x 40 cm (P x L x K)<\/li>\n<li>Paino: 12,78 kg<\/li>\n<li>Siirrett\u00e4v\u00e4<\/li>\n<li>Istuinalue: 40 x 40 cm (L x S)<\/li>\n<li>T\u00e4ytt\u00f6materiaali: Vaahdot<\/li>\n<li>Vain sis\u00e4k\u00e4ytt\u00f6\u00f6n<\/li>\n<li>Toimitus-:<\/li>\n<li>2 x Pouffe: 40 x 40 x 40 cm (P x L x K)<\/li>\n<li>1 x Matto: 180 x 120 cm (P x L)<\/li>\n<\/ul>\n","protected":false},"featured_media":100000201603,"comment_status":"closed","ping_status":"closed","template":"","meta":[],"product_brand":[],"product_cat":[84],"product_tag":[],"class_list":{"0":"post-201603","1":"product","2":"type-product","3":"status-publish","4":"has-post-thumbnail","6":"product_cat-huonekalut","8":"first","9":"instock","10":"taxable","11":"shipping-taxable","12":"purchasable","13":"product-type-simple"},"_links":{"self":[{"href":"https:\/\/www.otiumhome.fi\/index.php\/wp-json\/wp\/v2\/product\/201603","targetHints":{"allow":["GET"]}}],"collection":[{"href":"https:\/\/www.otiumhome.fi\/index.php\/wp-json\/wp\/v2\/product"}],"about":[{"href":"https:\/\/www.otiumhome.fi\/index.php\/wp-json\/wp\/v2\/types\/product"}],"replies":[{"embeddable":true,"href":"https:\/\/www.otiumhome.fi\/index.php\/wp-json\/wp\/v2\/comments?post=201603"}],"wp:featuredmedia":[{"embeddable":true,"href":"https:\/\/www.otiumhome.fi\/index.php\/wp-json\/"}],"wp:attachment":[{"href":"https:\/\/www.otiumhome.fi\/index.php\/wp-json\/wp\/v2\/media?parent=201603"}],"wp:term":[{"taxonomy":"product_brand","embeddable":true,"href":"https:\/\/www.otiumhome.fi\/index.php\/wp-json\/wp\/v2\/product_brand?post=201603"},{"taxonomy":"product_cat","embeddable":true,"href":"https:\/\/www.otiumhome.fi\/index.php\/wp-json\/wp\/v2\/product_cat?post=201603"},{"taxonomy":"product_tag","embeddable":true,"href":"https:\/\/www.otiumhome.fi\/index.php\/wp-json\/wp\/v2\/product_tag?post=201603"}],"curies":[{"name":"wp","href":"https:\/\/api.w.org\/{rel}","templated":true}]}}