{"id":201602,"date":"2025-12-26T01:33:47","date_gmt":"2025-12-26T01:33:47","guid":{"rendered":"https:\/\/www.otiumhome.fi\/?p=201602"},"modified":"2025-12-26T08:00:55","modified_gmt":"2025-12-26T08:00:55","slug":"kekkola-ruskea-nahka","status":"publish","type":"product","link":"https:\/\/www.otiumhome.fi\/index.php\/tuote\/kekkola-ruskea-nahka\/","title":{"rendered":"Kekkola Ruskea Nahka"},"content":{"rendered":"<p>T\u00e4m\u00e4 moderni kirjakivijalka tuo yhteen tyylin ja toimivuuden. Se n\u00e4ytt\u00e4\u00e4 ylikokoiselta kirjalta, mik\u00e4 tekee siit\u00e4 todella vieh\u00e4tt\u00e4v\u00e4n istuimen ja hienon koristeen. T\u00e4ydellinen moderneihin tiloihin, t\u00e4m\u00e4 jakkara on nappivalinta olohuoneeseen, ty\u00f6huoneeseen tai vaikka lukunurkkaukseen, lis\u00e4ten kivaa kirjallista eleganssia. Sen kompakti muotoilu tuo mukanaan k\u00e4yt\u00e4nn\u00f6llisyytt\u00e4 ja her\u00e4tt\u00e4\u00e4 keskustelua vierailijoiden keskuudessa, jotka arvostavat ep\u00e4tavallisia huonekaluja.<\/p>\n<ul>\n<li><b>Korkealaatuinen nahka:<\/b> T\u00e4m\u00e4 jakkara on aito nahkatuote, joka tuo mukanaan tyylikkyytt\u00e4, moderni fiilis yhdist\u00e4\u00e4 ajattomuutta. Nahkaverhoilu ei vain n\u00e4yt\u00e4 hyv\u00e4lt\u00e4 vaan lupaa my\u00f6s kest\u00e4vyytt\u00e4 ja vaivattomuutta huollossa, joten sisustuksesi pysyy upeana vuodesta toiseen.<\/li>\n<li><b>Moderni muotoilu:<\/b> Jakkarassa on siistit linjat ja v\u00e4h\u00e4iset koristeet. Sen yksinkertaisuus tekee siit\u00e4 helppohoitoisen osan mihin tahansa sisustukseen, eik\u00e4 vie liikaa huomiota muista elementeist\u00e4.<\/li>\n<li><b>Monipuolinen k\u00e4ytt\u00f6:<\/b> Vaikka t\u00e4m\u00e4 on jakkara, sen k\u00e4ytt\u00f6mahdollisuudet ovat rajattomat! Se toimii oivana lis\u00e4n\u00e4 kokoontumisiin tai koristeena, joka saa vieraat ihastumaan, muuttaen roolia saumattomasti tilanteen mukaan.<\/li>\n<li><b>Kompakti koko:<\/b> T\u00e4m\u00e4 tilaa s\u00e4\u00e4st\u00e4v\u00e4 jakkara on t\u00e4ydellinen pieniss\u00e4 asunnoissa tai nurkissa. Se tarjoaa tyylikkyytt\u00e4 ja toiminnallisuutta, mahdollistaa istumapaikan ilman suurta tilan tarvetta.<\/li>\n<li><b>Helppo huolto:<\/b> Nahkajakkaran hoito on superhelppoa. Pyyhim\u00e4ll\u00e4 kostealla liinalla pid\u00e4t sen raikkaana ja kutsuvana. Ei kokoamista tarvita ja kest\u00e4v\u00e4 rakenne takaa vaivattoman k\u00e4yt\u00f6n ja pitk\u00e4ik\u00e4isyyden.<\/li>\n<\/ul>\n<ul>\n<li>V\u00e4ri: Ruskea<\/li>\n<li>Materiaali: Nahka<\/li>\n<li>Yleiset mitat: 40 x 45 cm (L x K)<\/li>\n<li>Paino: 7 kg<\/li>\n<li>Toimitus-:<\/li>\n<li>1 x Kekkola<\/li>\n<\/ul>\n","protected":false},"excerpt":{"rendered":"<ul>\n<li>V\u00e4ri: Ruskea<\/li>\n<li>Materiaali: Nahka<\/li>\n<li>Yleiset mitat: 40 x 45 cm (L x K)<\/li>\n<li>Paino: 7 kg<\/li>\n<li>Toimitus-:<\/li>\n<li>1 x Kekkola<\/li>\n<\/ul>\n","protected":false},"featured_media":100000201602,"comment_status":"closed","ping_status":"closed","template":"","meta":[],"product_brand":[],"product_cat":[84],"product_tag":[],"class_list":{"0":"post-201602","1":"product","2":"type-product","3":"status-publish","4":"has-post-thumbnail","6":"product_cat-huonekalut","8":"first","9":"instock","10":"taxable","11":"shipping-taxable","12":"purchasable","13":"product-type-simple"},"_links":{"self":[{"href":"https:\/\/www.otiumhome.fi\/index.php\/wp-json\/wp\/v2\/product\/201602","targetHints":{"allow":["GET"]}}],"collection":[{"href":"https:\/\/www.otiumhome.fi\/index.php\/wp-json\/wp\/v2\/product"}],"about":[{"href":"https:\/\/www.otiumhome.fi\/index.php\/wp-json\/wp\/v2\/types\/product"}],"replies":[{"embeddable":true,"href":"https:\/\/www.otiumhome.fi\/index.php\/wp-json\/wp\/v2\/comments?post=201602"}],"wp:featuredmedia":[{"embeddable":true,"href":"https:\/\/www.otiumhome.fi\/index.php\/wp-json\/"}],"wp:attachment":[{"href":"https:\/\/www.otiumhome.fi\/index.php\/wp-json\/wp\/v2\/media?parent=201602"}],"wp:term":[{"taxonomy":"product_brand","embeddable":true,"href":"https:\/\/www.otiumhome.fi\/index.php\/wp-json\/wp\/v2\/product_brand?post=201602"},{"taxonomy":"product_cat","embeddable":true,"href":"https:\/\/www.otiumhome.fi\/index.php\/wp-json\/wp\/v2\/product_cat?post=201602"},{"taxonomy":"product_tag","embeddable":true,"href":"https:\/\/www.otiumhome.fi\/index.php\/wp-json\/wp\/v2\/product_tag?post=201602"}],"curies":[{"name":"wp","href":"https:\/\/api.w.org\/{rel}","templated":true}]}}