{"id":201601,"date":"2025-12-26T01:33:43","date_gmt":"2025-12-26T01:33:43","guid":{"rendered":"https:\/\/www.otiumhome.fi\/?p=201601"},"modified":"2025-12-30T22:53:40","modified_gmt":"2025-12-30T22:53:40","slug":"poytalevy-artesaani-tammi-80-x-80-x-15-cm-tekninen-puu","status":"publish","type":"product","link":"https:\/\/www.otiumhome.fi\/index.php\/tuote\/poytalevy-artesaani-tammi-80-x-80-x-15-cm-tekninen-puu\/","title":{"rendered":"P\u00f6yt\u00e4levy artesaani tammi 80 x 80 x 1,5 cm Tekninen puu"},"content":{"rendered":"<p>T\u00e4m\u00e4 py\u00f6re\u00e4 minimalistinen p\u00f6yt\u00e4levy tuo modernia ilmett\u00e4 ulkotiloihin. Suunniteltu yksinkertaisuutta ja toimivuutta varten, sen puhtaat linjat ja eleganssi tekev\u00e4t siit\u00e4 t\u00e4ydellisen lis\u00e4ykse ulkop\u00f6yt\u00e4\u00e4n. Se sopii mainiosti puutarhoihin ja terasseille, ja kutsuu kaikki nauttimaan mukavista ruokailuista tai yhdess\u00e4oloista. Se sulautuu moneen eri sisustusteemaan, luoden rauhallista tunnelmaa, joka parantaa ymp\u00e4rist\u00f6\u00e4.<\/p>\n<ul>\n<li><b>Laadukas tekninen puu:<\/b> T\u00e4m\u00e4 p\u00f6yt\u00e4levy on valmistettu laadukkaasta teknisest\u00e4 puusta, joka antaa modernin ilmeen ja varmistaa vakauden. Kest\u00e4v\u00e4 materiaali kest\u00e4\u00e4 ulkoisia s\u00e4\u00e4olosuhteita, joten se sopii hyvin puutarha- ja terassik\u00e4ytt\u00f6\u00f6n, tarjoten tukevan pinnan monenlaisiin aktiviteetteihin.<\/li>\n<li><b>Py\u00f6re\u00e4 muotoilu:<\/b> P\u00f6yt\u00e4levyn py\u00f6re\u00e4 muoto luo kodikasta ja yhteis\u00f6llist\u00e4 tunnelmaa, kutsuen kaikkia nauttimaan yhteisty\u00f6st\u00e4 ja ateriasta. Py\u00f6re\u00e4 muoto sopii my\u00f6s erinomaisesti pieniin tiloihin ja suurille alueille.<\/li>\n<li><b>Kausittainen monipuolisuus:<\/b> Suunniteltu soveltumaan eri kausiin, t\u00e4m\u00e4 p\u00f6yt\u00e4levy l\u00f6ytyy varmasti niin terassilta kuin puutarhasta ymp\u00e4ri vuoden. Sen hienostunut ilme yhdistelee el\u00e4v\u00e4\u00e4 puutarhahenke\u00e4 ja rauhallisia terassitunnelmia, mik\u00e4 tekee siit\u00e4 monik\u00e4ytt\u00f6isen ulkokalusteiden osan.<\/li>\n<li><b>Modernit estetiikat:<\/b> T\u00e4ss\u00e4 p\u00f6yt\u00e4levyss\u00e4 yhdistyv\u00e4t modernin muotoilun periaatteet, puhtaat linjat ja minimaalinen koristeellisuus. Se on t\u00e4ydellinen niille, jotka arvostavat yksinkertaisuutta ja k\u00e4yt\u00e4nn\u00f6llisyytt\u00e4.<\/li>\n<li><b>Helppo yll\u00e4pito:<\/b> T\u00e4m\u00e4n p\u00f6yt\u00e4levyn hoito on todella helppoa. V\u00e4lt\u00e4 voimakkaita kemikaaleja ja hankaavia aineita, ja puhdista se kuivilla menetelmill\u00e4, jotta se pysyy raikkaana ymp\u00e4ri vuoden.<\/li>\n<\/ul>\n<ul>\n<li>V\u00e4ri: Artesaani tammi<\/li>\n<li>Materiaali: Tekninen puu<\/li>\n<li>Yleiset mitat: 80 x 80 x 1,5 cm (P x L x K)<\/li>\n<li>Paino: 6,2 kg<\/li>\n<li>Kest\u00e4v\u00e4<\/li>\n<li>Vain sis\u00e4k\u00e4ytt\u00f6\u00f6n<\/li>\n<li>Toimitus-:<\/li>\n<li>1 x p\u00f6yd\u00e4n p\u00e4\u00e4llinen<\/li>\n<\/ul>\n","protected":false},"excerpt":{"rendered":"<ul>\n<li>V\u00e4ri: Artesaani tammi<\/li>\n<li>Materiaali: Tekninen puu<\/li>\n<li>Yleiset mitat: 80 x 80 x 1,5 cm (P x L x K)<\/li>\n<li>Paino: 6,2 kg<\/li>\n<li>Kest\u00e4v\u00e4<\/li>\n<li>Vain sis\u00e4k\u00e4ytt\u00f6\u00f6n<\/li>\n<li>Toimitus-:<\/li>\n<li>1 x p\u00f6yd\u00e4n p\u00e4\u00e4llinen<\/li>\n<\/ul>\n","protected":false},"featured_media":100000201601,"comment_status":"closed","ping_status":"closed","template":"","meta":[],"product_brand":[],"product_cat":[84,8578],"product_tag":[],"class_list":{"0":"post-201601","1":"product","2":"type-product","3":"status-publish","4":"has-post-thumbnail","6":"product_cat-huonekalut","7":"product_cat-poytalevyt","9":"first","10":"instock","11":"taxable","12":"shipping-taxable","13":"purchasable","14":"product-type-simple"},"_links":{"self":[{"href":"https:\/\/www.otiumhome.fi\/index.php\/wp-json\/wp\/v2\/product\/201601","targetHints":{"allow":["GET"]}}],"collection":[{"href":"https:\/\/www.otiumhome.fi\/index.php\/wp-json\/wp\/v2\/product"}],"about":[{"href":"https:\/\/www.otiumhome.fi\/index.php\/wp-json\/wp\/v2\/types\/product"}],"replies":[{"embeddable":true,"href":"https:\/\/www.otiumhome.fi\/index.php\/wp-json\/wp\/v2\/comments?post=201601"}],"wp:featuredmedia":[{"embeddable":true,"href":"https:\/\/www.otiumhome.fi\/index.php\/wp-json\/"}],"wp:attachment":[{"href":"https:\/\/www.otiumhome.fi\/index.php\/wp-json\/wp\/v2\/media?parent=201601"}],"wp:term":[{"taxonomy":"product_brand","embeddable":true,"href":"https:\/\/www.otiumhome.fi\/index.php\/wp-json\/wp\/v2\/product_brand?post=201601"},{"taxonomy":"product_cat","embeddable":true,"href":"https:\/\/www.otiumhome.fi\/index.php\/wp-json\/wp\/v2\/product_cat?post=201601"},{"taxonomy":"product_tag","embeddable":true,"href":"https:\/\/www.otiumhome.fi\/index.php\/wp-json\/wp\/v2\/product_tag?post=201601"}],"curies":[{"name":"wp","href":"https:\/\/api.w.org\/{rel}","templated":true}]}}