{"id":201494,"date":"2025-12-25T19:53:27","date_gmt":"2025-12-25T19:53:27","guid":{"rendered":"https:\/\/www.otiumhome.fi\/?p=201494"},"modified":"2026-01-06T21:00:53","modified_gmt":"2026-01-06T21:00:53","slug":"penkki-harmaa-sonoma-110-x-35-x-45-cm-tekninen-puu","status":"publish","type":"product","link":"https:\/\/www.otiumhome.fi\/index.php\/tuote\/penkki-harmaa-sonoma-110-x-35-x-45-cm-tekninen-puu\/","title":{"rendered":"Penkki Harmaa Sonoma 110 x 35 x 45 cm Tekninen puu"},"content":{"rendered":"<p>T\u00e4m\u00e4 moderni ruokapenkki on niin tyylik\u00e4s kuin k\u00e4yt\u00e4nn\u00f6llinen lis\u00e4 mihin tahansa olohuoneeseen tai ruokasaliin, yhdist\u00e4en upeasti yksinkertaisuuden ja tyylin suorakaide muotoons. Siin\u00e4 on puhtaat linjat ja minimalistinen design, joka t\u00e4ydent\u00e4\u00e4 monia erilaisia sisustusstyylej\u00e4. Suunniteltu sis\u00e4tiloihin, t\u00e4m\u00e4 penkki yhdist\u00e4\u00e4 modernin eleganssin, tehden siit\u00e4 loistavan valinnan niin iltatilaisuuksiin kuin rentoutumiseen.<\/p>\n<ul>\n<li><b>Materiaalit:<\/b> Valmistettu teknisest\u00e4 puusta, t\u00e4m\u00e4 penkki on sile\u00e4 ja tyylik\u00e4s sek\u00e4 helppohoitoinen. Materiaalivalinta takaa sen kest\u00e4vyyden ja esteettisyyden pitk\u00e4ll\u00e4 aikav\u00e4lill\u00e4.<\/li>\n<li><b>Lis\u00e4komponentit:<\/b> Penkki on varustettu tukevilla metallijaloilla, jotka tarjoavat vakautta. Neli\u00f6jalka-design ei vain lis\u00e4\u00e4 vakautta vaan my\u00f6s modernia vieh\u00e4tyst\u00e4 eri ymp\u00e4rist\u00f6iss\u00e4.<\/li>\n<li><b>Ominaisuudet \/ Toiminta \/ Muotoilu:<\/b> T\u00e4m\u00e4 penkki yhdist\u00e4\u00e4 yksinkertaisuuden ja k\u00e4yt\u00e4nn\u00f6llisyyden. Suorakaide muoto sulautuu hienosti monenlaisiin ruokap\u00f6ytiin, kaunistamalla ruokailutilan ilmett\u00e4. Kest\u00e4v\u00e4 rakenne kest\u00e4\u00e4 p\u00e4ivitt\u00e4ist\u00e4 k\u00e4ytt\u00f6\u00e4 ja v\u00e4litt\u00e4\u00e4 samalla tyylikkyytt\u00e4.<\/li>\n<li><b>Suositellut k\u00e4ytt\u00f6tarkoitukset:<\/b> Ihanteellinen lis\u00e4istuin olohuoneisiin ja ruokasaleihin, t\u00e4m\u00e4 penkki on monifendioinen. Se rohkaisee yhteis\u00f6llisiin kutsuihin, tarjoten k\u00e4yt\u00e4nn\u00f6n ja mukavan paikan perheillallisille tai rentoihin tilaisuuksiin.<\/li>\n<li><b>Huolto &amp; Huolto:<\/b> Helppohoitoinen &#8211; pinta puhdistuu k\u00e4tev\u00e4sti kostealla liinalla. S\u00e4\u00e4nn\u00f6llinen pyyhint\u00e4 pit\u00e4\u00e4 sen kiilt\u00e4v\u00e4n\u00e4 ja varmistaa, ett\u00e4 penkki edelleen n\u00e4ytt\u00e4\u00e4 hyv\u00e4lt\u00e4 pitk\u00e4\u00e4n.<\/li>\n<\/ul>\n<p> Maksimi 110 kg per tuoli. <\/p>\n<ul>\n<li>V\u00e4ri: Harmaa sonoma<\/li>\n<li>Materiaali: Tekninen puu<\/li>\n<li>Kehysmateriaali: Metalli<\/li>\n<li>Jalat materiaali: Metalli<\/li>\n<li>Yleiset mitat: 110 x 35 x 45 (P x L x K)<\/li>\n<li>Enimm\u00e4ispaino: 110 kg per istuin<\/li>\n<li>Kest\u00e4v\u00e4<\/li>\n<li>Kest\u00e4v\u00e4<\/li>\n<li>Helppo puhdistaa<\/li>\n<li>Kokoonpano vaaditaan: Kyll\u00e4<\/li>\n<li>Toimitus-:<\/li>\n<li>1 x penkki<\/li>\n<\/ul>\n","protected":false},"excerpt":{"rendered":"<ul>\n<li>V\u00e4ri: Harmaa sonoma<\/li>\n<li>Materiaali: Tekninen puu<\/li>\n<li>Kehysmateriaali: Metalli<\/li>\n<li>Jalat materiaali: Metalli<\/li>\n<li>Yleiset mitat: 110 x 35 x 45 (P x L x K)<\/li>\n<li>Enimm\u00e4ispaino: 110 kg per istuin<\/li>\n<li>Kest\u00e4v\u00e4<\/li>\n<li>Kest\u00e4v\u00e4<\/li>\n<li>Helppo puhdistaa<\/li>\n<li>Kokoonpano vaaditaan: Kyll\u00e4<\/li>\n<li>Toimitus-:<\/li>\n<li>1 x penkki<\/li>\n<\/ul>\n","protected":false},"featured_media":100000201494,"comment_status":"closed","ping_status":"closed","template":"","meta":[],"product_brand":[],"product_cat":[84],"product_tag":[],"class_list":{"0":"post-201494","1":"product","2":"type-product","3":"status-publish","4":"has-post-thumbnail","6":"product_cat-huonekalut","8":"first","9":"instock","10":"taxable","11":"shipping-taxable","12":"purchasable","13":"product-type-simple"},"_links":{"self":[{"href":"https:\/\/www.otiumhome.fi\/index.php\/wp-json\/wp\/v2\/product\/201494","targetHints":{"allow":["GET"]}}],"collection":[{"href":"https:\/\/www.otiumhome.fi\/index.php\/wp-json\/wp\/v2\/product"}],"about":[{"href":"https:\/\/www.otiumhome.fi\/index.php\/wp-json\/wp\/v2\/types\/product"}],"replies":[{"embeddable":true,"href":"https:\/\/www.otiumhome.fi\/index.php\/wp-json\/wp\/v2\/comments?post=201494"}],"wp:featuredmedia":[{"embeddable":true,"href":"https:\/\/www.otiumhome.fi\/index.php\/wp-json\/"}],"wp:attachment":[{"href":"https:\/\/www.otiumhome.fi\/index.php\/wp-json\/wp\/v2\/media?parent=201494"}],"wp:term":[{"taxonomy":"product_brand","embeddable":true,"href":"https:\/\/www.otiumhome.fi\/index.php\/wp-json\/wp\/v2\/product_brand?post=201494"},{"taxonomy":"product_cat","embeddable":true,"href":"https:\/\/www.otiumhome.fi\/index.php\/wp-json\/wp\/v2\/product_cat?post=201494"},{"taxonomy":"product_tag","embeddable":true,"href":"https:\/\/www.otiumhome.fi\/index.php\/wp-json\/wp\/v2\/product_tag?post=201494"}],"curies":[{"name":"wp","href":"https:\/\/api.w.org\/{rel}","templated":true}]}}