{"id":201460,"date":"2025-12-25T18:22:29","date_gmt":"2025-12-25T18:22:29","guid":{"rendered":"https:\/\/www.otiumhome.fi\/?p=201460"},"modified":"2025-12-25T19:52:36","modified_gmt":"2025-12-25T19:52:36","slug":"nojatuoli-viininpunainen-keinonahka","status":"publish","type":"product","link":"https:\/\/www.otiumhome.fi\/index.php\/tuote\/nojatuoli-viininpunainen-keinonahka\/","title":{"rendered":"Nojatuoli viininpunainen keinonahka"},"content":{"rendered":"<p>Istu alas ja anna mielesi lev\u00e4t\u00e4 t\u00e4ss\u00e4 eritt\u00e4in mukavassa nojatuolissa!<\/p>\n<\/p>\n<ul>\n<li>Manuaalisesti kallistuva toiminto: T\u00e4m\u00e4 nojatuoli on erityisesti suunniteltu kolmella kallistusasennolla, jotta voit s\u00e4\u00e4t\u00e4\u00e4 selk\u00e4nojaa ja jalkatukea mukavuustarpeesi mukaan.<\/li>\n<li>Mukava istumakokemus: Pehme\u00e4 istuin, selk\u00e4noja ja leve\u00e4t k\u00e4sinojat on verhoiltu keinonahalla, joka tarjoaa mukavan ja l\u00e4mpim\u00e4n tunteen, joten tunnet olosi mukavaksi istuessasi. Keinonahka on eritt\u00e4in kest\u00e4v\u00e4 materiaali. Se kest\u00e4\u00e4 tahroja, joten se on helppo puhdistaa kostealla liinalla. Sile\u00e4 pinta antaa my\u00f6s aidon nahan ylellisen tyylin ja kauneuden.<\/li>\n<li>Vankka ja vakaa runko: Puusta ja metallista valmistettu runko tarjoaa vahvan rakenteen ja vakauden. Nojatuoli on todella mukava ja kest\u00e4v\u00e4.<\/li>\n<\/ul>\n<ul>\n<li>V\u00e4ri: viininpunainen<\/li>\n<li>Materiaali: keinonahka (60 % polyuretaani, 30 % polyesteri, 10 % puuvilla), metalli, vaneri<\/li>\n<li>T\u00e4ytemateriaali: vaahtomuovi<\/li>\n<li>Mitat istuma-asennossa: 75 x 88 x 100 cm (L x S x K)<\/li>\n<li>Makuuasennossa mitat: 75 x 144,5 x 85 cm (L x S x K)<\/li>\n<li>Istuimen koko: 53,5 x 54 cm (L x S)<\/li>\n<li>Istuimen korkeus maasta: 45 cm<\/li>\n<li>K\u00e4sinojan korkeus maasta: 59 cm<\/li>\n<li>2 mukitelinett\u00e4 k\u00e4sinojissa<\/li>\n<li>S\u00e4\u00e4dett\u00e4v\u00e4 selk\u00e4noja ja jalkatuki<\/li>\n<li>Maksimikantavuus: 110 kg<\/li>\n<li>Asennus vaaditaan: Kyll\u00e4<\/li>\n<\/ul>\n","protected":false},"excerpt":{"rendered":"<ul>\n<li>V\u00e4ri: viininpunainen<\/li>\n<li>Materiaali: keinonahka (60 % polyuretaani, 30 % polyesteri, 10 % puuvilla), metalli, vaneri<\/li>\n<li>T\u00e4ytemateriaali: vaahtomuovi<\/li>\n<li>Mitat istuma-asennossa: 75 x 88 x 100 cm (L x S x K)<\/li>\n<li>Makuuasennossa mitat: 75 x 144,5 x 85 cm (L x S x K)<\/li>\n<li>Istuimen koko: 53,5 x 54 cm (L x S)<\/li>\n<li>Istuimen korkeus maasta: 45 cm<\/li>\n<li>K\u00e4sinojan korkeus maasta: 59 cm<\/li>\n<li>2 mukitelinett\u00e4 k\u00e4sinojissa<\/li>\n<li>S\u00e4\u00e4dett\u00e4v\u00e4 selk\u00e4noja ja jalkatuki<\/li>\n<li>Maksimikantavuus: 110 kg<\/li>\n<li>Asennus vaaditaan: Kyll\u00e4<\/li>\n<\/ul>\n","protected":false},"featured_media":100000201460,"comment_status":"closed","ping_status":"closed","template":"","meta":[],"product_brand":[],"product_cat":[84,8568],"product_tag":[],"class_list":{"0":"post-201460","1":"product","2":"type-product","3":"status-publish","4":"has-post-thumbnail","6":"product_cat-huonekalut","7":"product_cat-noja-mekanismi-vuodetuolit","9":"first","10":"instock","11":"taxable","12":"shipping-taxable","13":"purchasable","14":"product-type-simple"},"_links":{"self":[{"href":"https:\/\/www.otiumhome.fi\/index.php\/wp-json\/wp\/v2\/product\/201460","targetHints":{"allow":["GET"]}}],"collection":[{"href":"https:\/\/www.otiumhome.fi\/index.php\/wp-json\/wp\/v2\/product"}],"about":[{"href":"https:\/\/www.otiumhome.fi\/index.php\/wp-json\/wp\/v2\/types\/product"}],"replies":[{"embeddable":true,"href":"https:\/\/www.otiumhome.fi\/index.php\/wp-json\/wp\/v2\/comments?post=201460"}],"wp:featuredmedia":[{"embeddable":true,"href":"https:\/\/www.otiumhome.fi\/index.php\/wp-json\/"}],"wp:attachment":[{"href":"https:\/\/www.otiumhome.fi\/index.php\/wp-json\/wp\/v2\/media?parent=201460"}],"wp:term":[{"taxonomy":"product_brand","embeddable":true,"href":"https:\/\/www.otiumhome.fi\/index.php\/wp-json\/wp\/v2\/product_brand?post=201460"},{"taxonomy":"product_cat","embeddable":true,"href":"https:\/\/www.otiumhome.fi\/index.php\/wp-json\/wp\/v2\/product_cat?post=201460"},{"taxonomy":"product_tag","embeddable":true,"href":"https:\/\/www.otiumhome.fi\/index.php\/wp-json\/wp\/v2\/product_tag?post=201460"}],"curies":[{"name":"wp","href":"https:\/\/api.w.org\/{rel}","templated":true}]}}