{"id":201438,"date":"2025-12-25T18:22:09","date_gmt":"2025-12-25T18:22:09","guid":{"rendered":"https:\/\/www.otiumhome.fi\/?p=201438"},"modified":"2026-01-11T02:22:30","modified_gmt":"2026-01-11T02:22:30","slug":"levykaappi-hyllylla-vanha-puu-100-x-38-x-48-cm-tekninen-puu","status":"publish","type":"product","link":"https:\/\/www.otiumhome.fi\/index.php\/tuote\/levykaappi-hyllylla-vanha-puu-100-x-38-x-48-cm-tekninen-puu\/","title":{"rendered":"Levykaappi hyllyll\u00e4 Vanha puu 100 x 38 x 48 cm Tekninen puu"},"content":{"rendered":"<p>T\u00e4\u00e4 moderni, teksturoitu s\u00e4ilytyskaappi sulautuu hyvin mihin tahansa nykyaikaiseen olohuoneeseen sen tyylikk\u00e4\u00e4n muotoilun ja puhtaiden linjojen vuoks. Valmistettu teknisest\u00e4 puusta, se tarjoaa fiksun ja samalla tyylikk\u00e4\u00e4n ratkaisun toimistotarvikkeiden tai asiakirjojen hallintaan. Suorakaiteen muotonsa ansiosta se sopii moneen tilaan, lis\u00e4ten eleganssia ja k\u00e4yt\u00e4nn\u00f6llisyytt\u00e4 kotiisi. Kuvittele j\u00e4rjestettyj\u00e4 pintoja, joissa tarpeelliset tavarat ovat piilossa, luoden mukautuvuutta.<\/p>\n<ul>\n<li><b>Tekninen puu<\/b> Kaappi on tehty laadukkaasta teknisest\u00e4 puusta, joka takaa vakaan ja kest\u00e4v\u00e4n rakenteen. T\u00e4m\u00e4 materiaali kest\u00e4\u00e4 tavanomaista k\u00e4ytt\u00f6\u00e4, joten se sopii kiireisiin kotitalouksiin. Lis\u00e4ksi pinnan tahraantumisen kest\u00e4vyys tarkoittaa, ett\u00e4 huolto on helppoa ja kaappi n\u00e4ytt\u00e4\u00e4 pitk\u00e4\u00e4n siistilt\u00e4.<\/li>\n<li><b>Toimivat hyllyt<\/b> Kaappi on varustettu teknisest\u00e4 puusta tehdyill\u00e4 hyllyill\u00e4, jotka tarjoavat paljon tilaa kirjoille, asiakirjoille tai koriste-esineille. N\u00e4m\u00e4 hyllyt on suunniteltu kest\u00e4m\u00e4\u00e4n painoa ilman, ett\u00e4 ne vajoaa. N\u00e4in ollen tavarasi pysyy j\u00e4rjestyksess\u00e4 ja k\u00e4den ulottuvilla.<\/li>\n<li><b>Kartiomaiset jalat<\/b> Tyylikk\u00e4\u00e4t kartiomaiset ter\u00e4sjalat tuovat modernia ilmett\u00e4 ja antavat tukevan pohjan kaapille. T\u00e4m\u00e4 design parantaa kaapin vakautta, jotta se pysyy paikoillaan k\u00e4yt\u00f6ss\u00e4. Ter\u00e4smateriaali lis\u00e4\u00e4 my\u00f6s kaapin kestoa, tehden siit\u00e4 pitk\u00e4n aikav\u00e4lin investoinnin.<\/li>\n<li><b>Minimalistinen tyyli<\/b> Moderni muotoilu tuo kaappiin hienostuneisuutta, joka toimii hienosti erilaisissa sisustuksissa. Sen yksinkertainen ulkon\u00e4k\u00f6 on visuaalinen keskipiste olohuoneessa, harmonisoiden olemassa olevien huonekalujen ja sisustusten kanssa, samalla parantaen huoneen yleisilmett\u00e4.<\/li>\n<li><b>Huolto<\/b> Pid\u00e4 kaappi parhaassa kunnossa k\u00e4ytt\u00e4m\u00e4ll\u00e4 vain kuivaa liinaa p\u00f6lyn ja lian poistamiseen. V\u00e4lt\u00e4 voimakkaita kemikaaleja, jotta pinta pysyy ehj\u00e4n\u00e4. T\u00e4m\u00e4 yksinkertainen huoltorutiini varmistaa, ett\u00e4 kaappi n\u00e4ytt\u00e4\u00e4 hienolta ja toimii hyvin vuosia eteenp\u00e4inkin.<\/li>\n<\/ul>\n<ul>\n<li>V\u00e4ri: Vanha puu<\/li>\n<li>Materiaali: Tekninen puu<\/li>\n<li>Yleiset mitat: 100 x 38 x 48 cm (P x L x K)<\/li>\n<li>Paino: 22 kg<\/li>\n<li>Runsaasti s\u00e4ilytystilaa<\/li>\n<li>Kest\u00e4v\u00e4<\/li>\n<li>6 hyllyill\u00e4<\/li>\n<li>Kehysmateriaali: Tekninen puu<\/li>\n<li>Sis\u00e4- \/ ulkotiloissa: Vain sis\u00e4k\u00e4ytt\u00f6\u00f6n<\/li>\n<li>Toimitus-:<\/li>\n<li>1 x Levykansio<\/li>\n<li>Kokoonpano vaaditaan: Kyll\u00e4<\/li>\n<\/ul>\n","protected":false},"excerpt":{"rendered":"<ul>\n<li>V\u00e4ri: Vanha puu<\/li>\n<li>Materiaali: Tekninen puu<\/li>\n<li>Yleiset mitat: 100 x 38 x 48 cm (P x L x K)<\/li>\n<li>Paino: 22 kg<\/li>\n<li>Runsaasti s\u00e4ilytystilaa<\/li>\n<li>Kest\u00e4v\u00e4<\/li>\n<li>6 hyllyill\u00e4<\/li>\n<li>Kehysmateriaali: Tekninen puu<\/li>\n<li>Sis\u00e4- \/ ulkotiloissa: Vain sis\u00e4k\u00e4ytt\u00f6\u00f6n<\/li>\n<li>Toimitus-:<\/li>\n<li>1 x Levykansio<\/li>\n<li>Kokoonpano vaaditaan: Kyll\u00e4<\/li>\n<\/ul>\n","protected":false},"featured_media":100000201438,"comment_status":"closed","ping_status":"closed","template":"","meta":[],"product_brand":[],"product_cat":[84,8567],"product_tag":[],"class_list":{"0":"post-201438","1":"product","2":"type-product","3":"status-publish","4":"has-post-thumbnail","6":"product_cat-huonekalut","7":"product_cat-medialaitekaapit-telineet","9":"first","10":"instock","11":"taxable","12":"shipping-taxable","13":"purchasable","14":"product-type-simple"},"_links":{"self":[{"href":"https:\/\/www.otiumhome.fi\/index.php\/wp-json\/wp\/v2\/product\/201438","targetHints":{"allow":["GET"]}}],"collection":[{"href":"https:\/\/www.otiumhome.fi\/index.php\/wp-json\/wp\/v2\/product"}],"about":[{"href":"https:\/\/www.otiumhome.fi\/index.php\/wp-json\/wp\/v2\/types\/product"}],"replies":[{"embeddable":true,"href":"https:\/\/www.otiumhome.fi\/index.php\/wp-json\/wp\/v2\/comments?post=201438"}],"wp:featuredmedia":[{"embeddable":true,"href":"https:\/\/www.otiumhome.fi\/index.php\/wp-json\/"}],"wp:attachment":[{"href":"https:\/\/www.otiumhome.fi\/index.php\/wp-json\/wp\/v2\/media?parent=201438"}],"wp:term":[{"taxonomy":"product_brand","embeddable":true,"href":"https:\/\/www.otiumhome.fi\/index.php\/wp-json\/wp\/v2\/product_brand?post=201438"},{"taxonomy":"product_cat","embeddable":true,"href":"https:\/\/www.otiumhome.fi\/index.php\/wp-json\/wp\/v2\/product_cat?post=201438"},{"taxonomy":"product_tag","embeddable":true,"href":"https:\/\/www.otiumhome.fi\/index.php\/wp-json\/wp\/v2\/product_tag?post=201438"}],"curies":[{"name":"wp","href":"https:\/\/api.w.org\/{rel}","templated":true}]}}