{"id":201379,"date":"2025-12-25T17:12:46","date_gmt":"2025-12-25T17:12:46","guid":{"rendered":"https:\/\/www.otiumhome.fi\/?p=201379"},"modified":"2026-01-02T10:16:47","modified_gmt":"2026-01-02T10:16:47","slug":"meikkipoyta-hyllylla-savupahkina-50-x-41-x-140-cm-tekninen-puu","status":"publish","type":"product","link":"https:\/\/www.otiumhome.fi\/index.php\/tuote\/meikkipoyta-hyllylla-savupahkina-50-x-41-x-140-cm-tekninen-puu\/","title":{"rendered":"Meikkip\u00f6yt\u00e4 hyllyll\u00e4 Savup\u00e4hkin\u00e4 50 x 41 x 140 cm Tekninen puu"},"content":{"rendered":"<p>T\u00e4m\u00e4 moderni meikkip\u00f6yt\u00e4 on todella tyylik\u00e4s ja k\u00e4yt\u00e4nn\u00f6llinen lis\u00e4 mihin tahansa makuuhuoneeseen. Sen suorakaiteen muoto tuo modernia tyyli\u00e4 yksinkertaisuuden ja k\u00e4yt\u00e4nn\u00f6llisyyden ytimeen. Meikkip\u00f6yt\u00e4 yhdist\u00e4\u00e4 k\u00e4yt\u00e4nn\u00f6llisyyden ja visuaalisen kauneuden, joten se on t\u00e4ydellinen keskipiste. Se luo rauhoittavan tunnelman henkil\u00f6kohtaista meikkausta varten, ja sen sile\u00e4t teknisen puun pinnat korostavat ilmett\u00e4. Peili ja laatikot riitt\u00e4v\u00e4t kaikille s\u00e4ilytystarpeillesi, pit\u00e4en samalla asiat j\u00e4rjestyksess\u00e4 ja miellytt\u00e4v\u00e4n n\u00e4k\u00f6isin\u00e4.<\/p>\n<ul>\n<li><b>Materiaalit:<\/b> T\u00e4m\u00e4 meikkip\u00f6yt\u00e4 on valmistettu teknisest\u00e4 puusta, joten se on kest\u00e4v\u00e4 ja pitk\u00e4ik\u00e4inen. Teknisen puun pinnat tarjoaa vakautta ja vahvuutta, jolloin se kest\u00e4\u00e4 kulutusta. Mattapinta tuo lis\u00e4\u00e4 tyyli\u00e4 ja eleganssia makuuhuoneeseen, ja sen huolto on helppoa.<\/li>\n<li><b>Sis\u00e4ltyv\u00e4t komponentit:<\/b> P\u00f6yt\u00e4 on varustettu useilla laatikoilla, jotka on my\u00f6s tehty samasta kest\u00e4v\u00e4st\u00e4 materiaalista. Mukana on suuri peili, joka on t\u00e4ydellinen meikkaamiseen ja tarjoaa selke\u00e4n heijastuksen.<\/li>\n<li><b>Ominaisuudet ja toiminnallisuus:<\/b> P\u00f6yt\u00e4 tarjoaa erinomaisen s\u00e4ilytystilan asusteille ja kosmetiikalle, pit\u00e4en makuuhuoneesi siistin\u00e4 ja kaikki helposti saatavilla. Kest\u00e4v\u00e4sti valmistetut komponentit varmistavat, ett\u00e4 se pysyy k\u00e4ytt\u00f6kelpoisena pitk\u00e4\u00e4n.<\/li>\n<li><b>Suositellut k\u00e4ytt\u00f6tavat:<\/b> T\u00e4m\u00e4 meikkip\u00f6yt\u00e4 on t\u00e4ydellinen makuuhuoneisiin ja sopii hyvin erilaisiin sisustustyyleihin. Se parantaa henkil\u00f6kohtaisia meikkaustiloja, luoden oman rauhallisen alueesi valmistautumiseen. Sen moderni ilme sujuu hyvin eri sisustustyyleihin.<\/li>\n<li><b>Huolto ja yll\u00e4pito:<\/b> Asentamiseen tarvitaan kaksi henkil\u00f6\u00e4 ruuvimeisselin kanssa. Sen huolto on helppoa, pyyhkim\u00e4ll\u00e4 kuivalla liinalla, jotta sen mattapinta s\u00e4ilyy kauniina. V\u00e4lt\u00e4 kovien kemikaalien k\u00e4ytt\u00f6\u00e4, ett\u00e4 se kest\u00e4\u00e4 pidemp\u00e4\u00e4n.<\/li>\n<\/ul>\n<ul>\n<li>V\u00e4ri: Savup\u00e4hkin\u00e4<\/li>\n<li>Materiaali: Tekninen puu<\/li>\n<li>Yleiset mitat: 50 x 41 x 140 cm (P x L x K)<\/li>\n<li>Paino: 16,95 kg<\/li>\n<li>S\u00e4ilytystila<\/li>\n<li>Kest\u00e4v\u00e4<\/li>\n<li>Yhdell\u00e4 laatikolla<\/li>\n<li>Tasainen peili<\/li>\n<li>Mukana levyhyllyt<\/li>\n<li>Kehysmateriaali: Tekninen puu<\/li>\n<li>Vain sis\u00e4k\u00e4ytt\u00f6\u00f6n<\/li>\n<li>Toimitus-:<\/li>\n<li>1 x Meikkip\u00f6yt\u00e4<\/li>\n<li>Kokoonpano vaaditaan: Kyll\u00e4<\/li>\n<\/ul>\n","protected":false},"excerpt":{"rendered":"<ul>\n<li>V\u00e4ri: Savup\u00e4hkin\u00e4<\/li>\n<li>Materiaali: Tekninen puu<\/li>\n<li>Yleiset mitat: 50 x 41 x 140 cm (P x L x K)<\/li>\n<li>Paino: 16,95 kg<\/li>\n<li>S\u00e4ilytystila<\/li>\n<li>Kest\u00e4v\u00e4<\/li>\n<li>Yhdell\u00e4 laatikolla<\/li>\n<li>Tasainen peili<\/li>\n<li>Mukana levyhyllyt<\/li>\n<li>Kehysmateriaali: Tekninen puu<\/li>\n<li>Vain sis\u00e4k\u00e4ytt\u00f6\u00f6n<\/li>\n<li>Toimitus-:<\/li>\n<li>1 x Meikkip\u00f6yt\u00e4<\/li>\n<li>Kokoonpano vaaditaan: Kyll\u00e4<\/li>\n<\/ul>\n","protected":false},"featured_media":100000201379,"comment_status":"closed","ping_status":"closed","template":"","meta":[],"product_brand":[],"product_cat":[84,8561,8566],"product_tag":[],"class_list":{"0":"post-201379","1":"product","2":"type-product","3":"status-publish","4":"has-post-thumbnail","6":"product_cat-huonekalut","7":"product_cat-kampauspoydat","8":"product_cat-makuuhuoneen-kampauspoydat","10":"first","11":"instock","12":"taxable","13":"shipping-taxable","14":"purchasable","15":"product-type-simple"},"_links":{"self":[{"href":"https:\/\/www.otiumhome.fi\/index.php\/wp-json\/wp\/v2\/product\/201379","targetHints":{"allow":["GET"]}}],"collection":[{"href":"https:\/\/www.otiumhome.fi\/index.php\/wp-json\/wp\/v2\/product"}],"about":[{"href":"https:\/\/www.otiumhome.fi\/index.php\/wp-json\/wp\/v2\/types\/product"}],"replies":[{"embeddable":true,"href":"https:\/\/www.otiumhome.fi\/index.php\/wp-json\/wp\/v2\/comments?post=201379"}],"wp:featuredmedia":[{"embeddable":true,"href":"https:\/\/www.otiumhome.fi\/index.php\/wp-json\/"}],"wp:attachment":[{"href":"https:\/\/www.otiumhome.fi\/index.php\/wp-json\/wp\/v2\/media?parent=201379"}],"wp:term":[{"taxonomy":"product_brand","embeddable":true,"href":"https:\/\/www.otiumhome.fi\/index.php\/wp-json\/wp\/v2\/product_brand?post=201379"},{"taxonomy":"product_cat","embeddable":true,"href":"https:\/\/www.otiumhome.fi\/index.php\/wp-json\/wp\/v2\/product_cat?post=201379"},{"taxonomy":"product_tag","embeddable":true,"href":"https:\/\/www.otiumhome.fi\/index.php\/wp-json\/wp\/v2\/product_tag?post=201379"}],"curies":[{"name":"wp","href":"https:\/\/api.w.org\/{rel}","templated":true}]}}