{"id":201298,"date":"2025-12-25T13:42:25","date_gmt":"2025-12-25T13:42:25","guid":{"rendered":"https:\/\/www.otiumhome.fi\/?p=201298"},"modified":"2026-01-02T14:21:43","modified_gmt":"2026-01-02T14:21:43","slug":"meikkipoyta-peilivalot-valkoinen-100-x-40-x-70-cm-tekninen-puu","status":"publish","type":"product","link":"https:\/\/www.otiumhome.fi\/index.php\/tuote\/meikkipoyta-peilivalot-valkoinen-100-x-40-x-70-cm-tekninen-puu\/","title":{"rendered":"Meikkip\u00f6yt\u00e4 peilivalot Valkoinen 100 x 40 x 70 cm Tekninen puu"},"content":{"rendered":"<p>T\u00e4m\u00e4 moderni meikkip\u00f6yt\u00e4 on suunniteltu virtaviivaisilla linjoilla ja k\u00e4yt\u00e4nn\u00f6n tarpeet huomioiden. Se on t\u00e4ydellinen jokaiseen makuuhuoneeseen, yhdist\u00e4en tyylin ja k\u00e4yt\u00e4nn\u00f6llisyyden ainutlaatuisella tavalla. Suorakulmainen muoto antaa modernille sisustukselle hienostunutta ilmett\u00e4 ja tarjoaa reilusti s\u00e4ilytystilaa.<\/p>\n<ul>\n<li><b>Tekninen puu:<\/b> Meikkip\u00f6yt\u00e4 on kest\u00e4v\u00e4 ja pitk\u00e4ik\u00e4inen, tyylik\u00e4s ulkoasu lis\u00e4\u00e4 eleganssia mihin tahansa makuuhuoneeseen. Materiaalivalinta takaa kest\u00e4vyden unohtamatta muotoilua.<\/li>\n<li><b>Matta kehysviimeistely:<\/b> Tyylik\u00e4s mattapinta luo rauhallisen tunnelman, ilman h\u00e4ik\u00e4ist\u00e4vi\u00e4 heijastuksia. T\u00e4m\u00e4 valinta parantaa sek\u00e4 ulkon\u00e4k\u00f6\u00e4 ett\u00e4 yleisfiilist\u00e4.<\/li>\n<li><b>Runsaasti s\u00e4ilytysmahdollisuuksia:<\/b> Huolellisesti suunnitelluissa laatikoissa on helppo j\u00e4rjest\u00e4\u00e4 kauneudenhoitotuotteita ja koruja. Sujuvat liukujat varmistavat helpon p\u00e4\u00e4syn, pit\u00e4en kaiken siistin\u00e4 ja j\u00e4rjestyksess\u00e4.<\/li>\n<li><b>Tasaisen peilin integrointi:<\/b> Helposti k\u00e4ytett\u00e4v\u00e4n peilin avulla saat tarkat heijastukset kauneudenhoidon tarpeisiin. Yksinkertainen muotoilu lis\u00e4\u00e4 p\u00f6yd\u00e4n modernia vieh\u00e4tyst\u00e4 ja sopii niin k\u00e4yt\u00e4nn\u00f6n kuin visuaalisten tarpeiden t\u00e4ytt\u00e4miseen.<\/li>\n<li><b>Yhteensopiva modernin sisustuksen kanssa:<\/b> Puhtaat linjat ja yksinkertainen muotoilu tekev\u00e4t siit\u00e4 t\u00e4ydellisen nykyaikaisiin koteihin. Sen monipuolisuus sopii erilaisten tyyli- ja sisustusteemojen kanssa.<\/li>\n<\/ul>\n<p><strong>T\u00e4rke\u00e4\u00e4 tiet\u00e4\u00e4:<\/strong><\/p>\n<ul>\n<li>Tuotteessa on USB-liit\u00e4nt\u00e4, mutta varmistettu 5V USB-virtal\u00e4hde ei sis\u00e4lly pakettiin<\/li>\n<\/ul>\n<ul>\n<li>V\u00e4ri: Valkoinen<\/li>\n<li>Materiaali: Tekninen puu<\/li>\n<li>Yleiset mitat: 100 x 40 x 70 cm (P x L x K)<\/li>\n<li>Paino: 23,8 kg<\/li>\n<li>S\u00e4ilytystila<\/li>\n<li>Kest\u00e4v\u00e4<\/li>\n<li>Virtal\u00e4hde: USB<\/li>\n<li>Valotyyppi: Peilivalot<\/li>\n<li>Yhdell\u00e4 laatikolla<\/li>\n<li>Tasainen peili<\/li>\n<li>Kehysmateriaali: Tekninen puu<\/li>\n<li>Vain sis\u00e4k\u00e4ytt\u00f6\u00f6n<\/li>\n<li>Toimitus-:<\/li>\n<li>1 x meikkip\u00f6yt\u00e4<\/li>\n<li>Kokoonpano vaaditaan: Kyll\u00e4<\/li>\n<\/ul>\n","protected":false},"excerpt":{"rendered":"<ul>\n<li>V\u00e4ri: Valkoinen<\/li>\n<li>Materiaali: Tekninen puu<\/li>\n<li>Yleiset mitat: 100 x 40 x 70 cm (P x L x K)<\/li>\n<li>Paino: 23,8 kg<\/li>\n<li>S\u00e4ilytystila<\/li>\n<li>Kest\u00e4v\u00e4<\/li>\n<li>Virtal\u00e4hde: USB<\/li>\n<li>Valotyyppi: Peilivalot<\/li>\n<li>Yhdell\u00e4 laatikolla<\/li>\n<li>Tasainen peili<\/li>\n<li>Kehysmateriaali: Tekninen puu<\/li>\n<li>Vain sis\u00e4k\u00e4ytt\u00f6\u00f6n<\/li>\n<li>Toimitus-:<\/li>\n<li>1 x meikkip\u00f6yt\u00e4<\/li>\n<li>Kokoonpano vaaditaan: Kyll\u00e4<\/li>\n<\/ul>\n","protected":false},"featured_media":100000201298,"comment_status":"closed","ping_status":"closed","template":"","meta":[],"product_brand":[],"product_cat":[84,8561,8566],"product_tag":[],"class_list":{"0":"post-201298","1":"product","2":"type-product","3":"status-publish","4":"has-post-thumbnail","6":"product_cat-huonekalut","7":"product_cat-kampauspoydat","8":"product_cat-makuuhuoneen-kampauspoydat","10":"first","11":"instock","12":"taxable","13":"shipping-taxable","14":"purchasable","15":"product-type-simple"},"_links":{"self":[{"href":"https:\/\/www.otiumhome.fi\/index.php\/wp-json\/wp\/v2\/product\/201298","targetHints":{"allow":["GET"]}}],"collection":[{"href":"https:\/\/www.otiumhome.fi\/index.php\/wp-json\/wp\/v2\/product"}],"about":[{"href":"https:\/\/www.otiumhome.fi\/index.php\/wp-json\/wp\/v2\/types\/product"}],"replies":[{"embeddable":true,"href":"https:\/\/www.otiumhome.fi\/index.php\/wp-json\/wp\/v2\/comments?post=201298"}],"wp:featuredmedia":[{"embeddable":true,"href":"https:\/\/www.otiumhome.fi\/index.php\/wp-json\/"}],"wp:attachment":[{"href":"https:\/\/www.otiumhome.fi\/index.php\/wp-json\/wp\/v2\/media?parent=201298"}],"wp:term":[{"taxonomy":"product_brand","embeddable":true,"href":"https:\/\/www.otiumhome.fi\/index.php\/wp-json\/wp\/v2\/product_brand?post=201298"},{"taxonomy":"product_cat","embeddable":true,"href":"https:\/\/www.otiumhome.fi\/index.php\/wp-json\/wp\/v2\/product_cat?post=201298"},{"taxonomy":"product_tag","embeddable":true,"href":"https:\/\/www.otiumhome.fi\/index.php\/wp-json\/wp\/v2\/product_tag?post=201298"}],"curies":[{"name":"wp","href":"https:\/\/api.w.org\/{rel}","templated":true}]}}