{"id":201251,"date":"2025-12-25T12:00:48","date_gmt":"2025-12-25T12:00:48","guid":{"rendered":"https:\/\/www.otiumhome.fi\/?p=201251"},"modified":"2026-01-02T07:22:32","modified_gmt":"2026-01-02T07:22:32","slug":"laukkaava-musta-tammi-405-x-40-x-40-cm-tekninen-puu","status":"publish","type":"product","link":"https:\/\/www.otiumhome.fi\/index.php\/tuote\/laukkaava-musta-tammi-405-x-40-x-40-cm-tekninen-puu\/","title":{"rendered":"Laukkaava Musta tammi. 40,5 x 40 x 40 cm Tekninen puu"},"content":{"rendered":"<p>T\u00e4\u00e4 moderni lipastohylly on pakollinen lis\u00e4 mihin tahansa makuuhuoneeseen, tarjoten toimivuutta ja tyyli\u00e4 kompaktissa, suorakaiteen muotoisessa paketissa. Sen puhtaat linjat ja k\u00e4yt\u00e4nn\u00f6llinen design tarjoaa runsaasti s\u00e4ilytystilaa. Se on t\u00e4ydellinen vaatteiden, liinavaatteiden tai muiden henkil\u00f6kohtaisten tavaroiden j\u00e4rjest\u00e4miseen. Sen kest\u00e4v\u00e4 puurakenne on t\u00e4m\u00e4 on sopiva mihin tahansa sisustusymp\u00e4rist\u00f6\u00f6n, muuttaen mik\u00e4 tahansa huoneen charmikkaaksi ja sotkuettomaksi.<\/p>\n<ul>\n<li><b>Runsaasti s\u00e4ilytystilaa:<\/b> Tehokasta organisointia runsailla s\u00e4ilytysmahdollisuuksilla. T\u00e4\u00e4 lipastohylly on t\u00e4ydellinen vaatteiden, asusteiden ja kotitaloustavaroiden s\u00e4ilytt\u00e4miseen. Siisti makuuhuone on helppo yll\u00e4pit\u00e4\u00e4, kun henkil\u00f6kohtaiset tavarat on helppo l\u00f6yt\u00e4\u00e4 ja palauttaa.<\/li>\n<li><b>Kest\u00e4v\u00e4 rakenne:<\/b> Teknisest\u00e4 puusta tehtyn\u00e4, t\u00e4t\u00e4 tuotetta kehutaan sen kest\u00e4vyydest\u00e4, mik\u00e4 takaa pitk\u00e4n k\u00e4ytt\u00f6ajan. T\u00e4\u00e4 tukeva rakenne varmistaa luotettavan s\u00e4ilytyksen p\u00e4ivitt\u00e4iseen k\u00e4ytt\u00f6\u00f6n, mukautuen tarvittaessa.<\/li>\n<li><b>Moderni esteettisyys:<\/b> Yksinkertaisuutta ja k\u00e4yt\u00e4nn\u00f6llisyytt\u00e4 korostava, t\u00e4\u00e4 lipastohylly tuo modernia tyyli\u00e4 tilaan. Puhtaat linjat ja sile\u00e4t pinnat tuovat eleganssia, joka sulautuu eri teemoihin.<\/li>\n<li><b>Ymp\u00e4rist\u00f6tietoiset materiaalit:<\/b> Teknisell\u00e4 puulla varmistat, ett\u00e4 t\u00e4\u00e4 lipasto on ekologinen valinta. T\u00e4m\u00e4 yksityiskohta lis\u00e4\u00e4 sen kest\u00e4vyysominaisuuksia ja tekee siit\u00e4 ekosysteemille yst\u00e4v\u00e4llisen valinnan.<\/li>\n<li><b>Hoito ja yll\u00e4pito:<\/b> Pid\u00e4 huolta sen kunnosta v\u00e4ltt\u00e4m\u00e4ll\u00e4 voimakkaita kemikaaleja puhdistuksessa. P\u00f6lyt\u00e4 pehme\u00e4ll\u00e4 liinalla s\u00e4\u00e4nn\u00f6llisesti, jotta se pysyy tyylikk\u00e4\u00e4n\u00e4. T\u00e4\u00e4 hoitorutiini tukee lipaston kestoa ja vieh\u00e4tyst\u00e4.<\/li>\n<\/ul>\n<ul>\n<li>V\u00e4ri: Musta tammi.<\/li>\n<li>Materiaali: Tekninen puu<\/li>\n<li>Yleiset mitat: 40,5 x 40 x 40 cm (P x L x K)<\/li>\n<li>Paino: 10,35 kg<\/li>\n<li>Runsaasti s\u00e4ilytystilaa<\/li>\n<li>Kest\u00e4v\u00e4<\/li>\n<li>Laatikolla<\/li>\n<li>Sis\u00e4- \/ ulkotiloissa: Vain sis\u00e4k\u00e4ytt\u00f6\u00f6n<\/li>\n<li>Toimitus-:<\/li>\n<li>1 x Vetolaatikosto<\/li>\n<li>Kokoonpano vaaditaan: Kyll\u00e4<\/li>\n<\/ul>\n","protected":false},"excerpt":{"rendered":"<ul>\n<li>V\u00e4ri: Musta tammi.<\/li>\n<li>Materiaali: Tekninen puu<\/li>\n<li>Yleiset mitat: 40,5 x 40 x 40 cm (P x L x K)<\/li>\n<li>Paino: 10,35 kg<\/li>\n<li>Runsaasti s\u00e4ilytystilaa<\/li>\n<li>Kest\u00e4v\u00e4<\/li>\n<li>Laatikolla<\/li>\n<li>Sis\u00e4- \/ ulkotiloissa: Vain sis\u00e4k\u00e4ytt\u00f6\u00f6n<\/li>\n<li>Toimitus-:<\/li>\n<li>1 x Vetolaatikosto<\/li>\n<li>Kokoonpano vaaditaan: Kyll\u00e4<\/li>\n<\/ul>\n","protected":false},"featured_media":100000201251,"comment_status":"closed","ping_status":"closed","template":"","meta":[],"product_brand":[],"product_cat":[84,8563],"product_tag":[],"class_list":{"0":"post-201251","1":"product","2":"type-product","3":"status-publish","4":"has-post-thumbnail","6":"product_cat-huonekalut","7":"product_cat-laatikkoarkut","9":"first","10":"instock","11":"taxable","12":"shipping-taxable","13":"purchasable","14":"product-type-simple"},"_links":{"self":[{"href":"https:\/\/www.otiumhome.fi\/index.php\/wp-json\/wp\/v2\/product\/201251","targetHints":{"allow":["GET"]}}],"collection":[{"href":"https:\/\/www.otiumhome.fi\/index.php\/wp-json\/wp\/v2\/product"}],"about":[{"href":"https:\/\/www.otiumhome.fi\/index.php\/wp-json\/wp\/v2\/types\/product"}],"replies":[{"embeddable":true,"href":"https:\/\/www.otiumhome.fi\/index.php\/wp-json\/wp\/v2\/comments?post=201251"}],"wp:featuredmedia":[{"embeddable":true,"href":"https:\/\/www.otiumhome.fi\/index.php\/wp-json\/"}],"wp:attachment":[{"href":"https:\/\/www.otiumhome.fi\/index.php\/wp-json\/wp\/v2\/media?parent=201251"}],"wp:term":[{"taxonomy":"product_brand","embeddable":true,"href":"https:\/\/www.otiumhome.fi\/index.php\/wp-json\/wp\/v2\/product_brand?post=201251"},{"taxonomy":"product_cat","embeddable":true,"href":"https:\/\/www.otiumhome.fi\/index.php\/wp-json\/wp\/v2\/product_cat?post=201251"},{"taxonomy":"product_tag","embeddable":true,"href":"https:\/\/www.otiumhome.fi\/index.php\/wp-json\/wp\/v2\/product_tag?post=201251"}],"curies":[{"name":"wp","href":"https:\/\/api.w.org\/{rel}","templated":true}]}}