{"id":201250,"date":"2025-12-25T11:41:57","date_gmt":"2025-12-25T11:41:57","guid":{"rendered":"https:\/\/www.otiumhome.fi\/?p=201250"},"modified":"2026-01-02T11:34:42","modified_gmt":"2026-01-02T11:34:42","slug":"sailytyslaatikko-sonoma-tammi-405x40x40-cm-tekninen-puu","status":"publish","type":"product","link":"https:\/\/www.otiumhome.fi\/index.php\/tuote\/sailytyslaatikko-sonoma-tammi-405x40x40-cm-tekninen-puu\/","title":{"rendered":"S\u00e4ilytyslaatikko Sonoma-tammi 40,5x40x40 cm tekninen puu"},"content":{"rendered":"<p>T\u00e4m\u00e4 trendik\u00e4s s\u00e4ilytyslaatikko edustaa tyylik\u00e4st\u00e4 muotoilua ja tekee upean lis\u00e4n sisustukseesi. Samalla se pit\u00e4\u00e4 tavarasi hyv\u00e4ss\u00e4 j\u00e4rjestyksess\u00e4 ja k\u00e4den ulottuvilla.<\/p>\n<\/p>\n<ul>\n<li>Tukeva materiaali: Tekninen puu on poikkeuksellisen laadukasta ja sile\u00e4pintaista. Se on my\u00f6s luja, vakaa ja kosteudelle vastustuskykyinen.<\/li>\n<li>Tukeva yl\u00e4osa: Tukevan yl\u00e4osan antaa sinun istua mukavasti sen p\u00e4\u00e4ll\u00e4 kenki\u00e4 pukiessasi tai riisuessasi.<\/li>\n<li>Reilusti s\u00e4ilytystilaa: Laatikolla varustettu s\u00e4ilytysarkku on t\u00e4ydellinen valinta lehtien, kirjojen ja DVD-levyjen siistiin j\u00e4rjest\u00e4miseen ja niiden p\u00f6lylt\u00e4 suojaamiseen.<\/li>\n<li>Yksinkertainen muotoilu: Minimalistisen muotoilun ansiosta s\u00e4ilytyslaatikko sulautuu helposti sisustukseesi.<\/li>\n<\/ul>\n<ul>\n<li>V\u00e4ri: Sonoma-tammi<\/li>\n<li>Materiaali: tekninen puu<\/li>\n<li>Mitat: 40,5 x 40 x 40 cm (L x S x K)<\/li>\n<li>Asennus vaaditaan: kyll\u00e4<\/li>\n<\/ul>\n","protected":false},"excerpt":{"rendered":"<ul>\n<li>V\u00e4ri: Sonoma-tammi<\/li>\n<li>Materiaali: tekninen puu<\/li>\n<li>Mitat: 40,5 x 40 x 40 cm (L x S x K)<\/li>\n<li>Asennus vaaditaan: kyll\u00e4<\/li>\n<\/ul>\n","protected":false},"featured_media":100000201250,"comment_status":"closed","ping_status":"closed","template":"","meta":[],"product_brand":[],"product_cat":[84,8563],"product_tag":[],"class_list":{"0":"post-201250","1":"product","2":"type-product","3":"status-publish","4":"has-post-thumbnail","6":"product_cat-huonekalut","7":"product_cat-laatikkoarkut","9":"first","10":"instock","11":"taxable","12":"shipping-taxable","13":"purchasable","14":"product-type-simple"},"_links":{"self":[{"href":"https:\/\/www.otiumhome.fi\/index.php\/wp-json\/wp\/v2\/product\/201250","targetHints":{"allow":["GET"]}}],"collection":[{"href":"https:\/\/www.otiumhome.fi\/index.php\/wp-json\/wp\/v2\/product"}],"about":[{"href":"https:\/\/www.otiumhome.fi\/index.php\/wp-json\/wp\/v2\/types\/product"}],"replies":[{"embeddable":true,"href":"https:\/\/www.otiumhome.fi\/index.php\/wp-json\/wp\/v2\/comments?post=201250"}],"wp:featuredmedia":[{"embeddable":true,"href":"https:\/\/www.otiumhome.fi\/index.php\/wp-json\/"}],"wp:attachment":[{"href":"https:\/\/www.otiumhome.fi\/index.php\/wp-json\/wp\/v2\/media?parent=201250"}],"wp:term":[{"taxonomy":"product_brand","embeddable":true,"href":"https:\/\/www.otiumhome.fi\/index.php\/wp-json\/wp\/v2\/product_brand?post=201250"},{"taxonomy":"product_cat","embeddable":true,"href":"https:\/\/www.otiumhome.fi\/index.php\/wp-json\/wp\/v2\/product_cat?post=201250"},{"taxonomy":"product_tag","embeddable":true,"href":"https:\/\/www.otiumhome.fi\/index.php\/wp-json\/wp\/v2\/product_tag?post=201250"}],"curies":[{"name":"wp","href":"https:\/\/api.w.org\/{rel}","templated":true}]}}