{"id":201249,"date":"2025-12-25T11:41:53","date_gmt":"2025-12-25T11:41:53","guid":{"rendered":"https:\/\/www.otiumhome.fi\/?p=201249"},"modified":"2026-01-02T10:04:14","modified_gmt":"2026-01-02T10:04:14","slug":"lipasto-laatikoilla-vigo-valkoinen-80x40x76-cm-taysi-manty","status":"publish","type":"product","link":"https:\/\/www.otiumhome.fi\/index.php\/tuote\/lipasto-laatikoilla-vigo-valkoinen-80x40x76-cm-taysi-manty\/","title":{"rendered":"Lipasto laatikoilla VIGO valkoinen 80x40x76 cm t\u00e4ysi m\u00e4nty"},"content":{"rendered":"<p>Jos kaipaat s\u00e4ilytystilaa, mutta sinulla on rajallisesti tilaa, t\u00e4m\u00e4 kompakti ja tyylik\u00e4s lipasto on oiva apu!<\/p>\n<\/p>\n<ul>\n<li>T\u00e4ysi m\u00e4nty: T\u00e4ysi m\u00e4nty on kaunis luonnonmateriaali, jolla on suorat puunsyyt. Sen oksanpaikat antavat materiaalille sen ominaisen rustiikkisen ilmeen. T\u00e4ydest\u00e4 m\u00e4nnyst\u00e4 valmistettu laatikosto on kest\u00e4v\u00e4 ja tukeva.<\/li>\n<li>Tilava ja toiminnallinen s\u00e4ilytystila: Nelj\u00e4 laatikkoa sis\u00e4lt\u00e4v\u00e4 lipasto tarjoaa reilusti s\u00e4ilytystilaa tavaroiden j\u00e4rjestyksess\u00e4 pit\u00e4miseen. Sill\u00e4 on lis\u00e4ksi useita k\u00e4ytt\u00f6tarkoituksia. Laatikostoa voidaan k\u00e4ytt\u00e4\u00e4 my\u00f6s makuuhuoneen lipastona ja sivukaappina olohuoneessa tai eteisess\u00e4.<\/li>\n<li>Helppo huoltaa: Sivukaappi on helppo puhdistaa kostealla liinalla ja tarvitsee vain v\u00e4h\u00e4ist\u00e4 huoltoa.<\/li>\n<li>Metallikahvat ja nupit: Lipastossa on metalliset kahvat ja nupit, jotka tekev\u00e4t avaamisesta ja sulkemisesta helppoa lis\u00e4ten samalla kauneutta.<\/li>\n<\/ul>\n<p>Varoitus:<\/p>\n<ul>\n<li>Kaatumisen est\u00e4miseksi on t\u00e4t\u00e4 tuotetta k\u00e4ytett\u00e4v\u00e4 mukana toimitettavan sein\u00e4kiinnityslaitteen kanssa.<\/li>\n<\/ul>\n<ul>\n<li>V\u00e4ri: Valkoinen<\/li>\n<li>Materiaali: Vahattu t\u00e4ysi m\u00e4nty, tekninen puu, metalli<\/li>\n<li>Mitat: 80 x 40 x 76 cm (L x S x K)<\/li>\n<li>Laatikon ulkomitat: 73 x 16,5 cm (P x L)<\/li>\n<li>Laatikon sis\u00e4mitat: 72 x 35 x 14 cm (L x S x K)<\/li>\n<li>Ikkunaluukkumaiset ovet<\/li>\n<li>Mallisto: VIGO<\/li>\n<li>Asennus vaaditaan: kyll\u00e4<\/li>\n<li>Legal Documents:\n<p><span>Lis\u00e4tietoja huonekalujesi kaatumisen est\u00e4misest\u00e4 voit l\u00f6yt\u00e4\u00e4 <span style=\"text-decoration: underline\"><strong><a title=\"https:\/\/bit.ly\/3bVwkQp\" href=\"https:\/\/bit.ly\/3bVwkQp\" target=\"_blank\">t\u00e4\u00e4lt\u00e4<\/a><\/strong><\/span><\/span><\/p>\n<\/li>\n<\/ul>\n","protected":false},"excerpt":{"rendered":"<ul>\n<li>V\u00e4ri: Valkoinen<\/li>\n<li>Materiaali: Vahattu t\u00e4ysi m\u00e4nty, tekninen puu, metalli<\/li>\n<li>Mitat: 80 x 40 x 76 cm (L x S x K)<\/li>\n<li>Laatikon ulkomitat: 73 x 16,5 cm (P x L)<\/li>\n<li>Laatikon sis\u00e4mitat: 72 x 35 x 14 cm (L x S x K)<\/li>\n<li>Ikkunaluukkumaiset ovet<\/li>\n<li>Mallisto: VIGO<\/li>\n<li>Asennus vaaditaan: kyll\u00e4<\/li>\n<li>Legal Documents:\n<p><span>Lis\u00e4tietoja huonekalujesi kaatumisen est\u00e4misest\u00e4 voit l\u00f6yt\u00e4\u00e4 <span style=\"text-decoration: underline\"><strong><a title=\"https:\/\/bit.ly\/3bVwkQp\" href=\"https:\/\/bit.ly\/3bVwkQp\" target=\"_blank\">t\u00e4\u00e4lt\u00e4<\/a><\/strong><\/span><\/span><\/p>\n<\/li>\n<\/ul>\n","protected":false},"featured_media":100000201249,"comment_status":"closed","ping_status":"closed","template":"","meta":[],"product_brand":[],"product_cat":[84,8563],"product_tag":[],"class_list":{"0":"post-201249","1":"product","2":"type-product","3":"status-publish","4":"has-post-thumbnail","6":"product_cat-huonekalut","7":"product_cat-laatikkoarkut","9":"first","10":"instock","11":"taxable","12":"shipping-taxable","13":"purchasable","14":"product-type-simple"},"_links":{"self":[{"href":"https:\/\/www.otiumhome.fi\/index.php\/wp-json\/wp\/v2\/product\/201249","targetHints":{"allow":["GET"]}}],"collection":[{"href":"https:\/\/www.otiumhome.fi\/index.php\/wp-json\/wp\/v2\/product"}],"about":[{"href":"https:\/\/www.otiumhome.fi\/index.php\/wp-json\/wp\/v2\/types\/product"}],"replies":[{"embeddable":true,"href":"https:\/\/www.otiumhome.fi\/index.php\/wp-json\/wp\/v2\/comments?post=201249"}],"wp:featuredmedia":[{"embeddable":true,"href":"https:\/\/www.otiumhome.fi\/index.php\/wp-json\/"}],"wp:attachment":[{"href":"https:\/\/www.otiumhome.fi\/index.php\/wp-json\/wp\/v2\/media?parent=201249"}],"wp:term":[{"taxonomy":"product_brand","embeddable":true,"href":"https:\/\/www.otiumhome.fi\/index.php\/wp-json\/wp\/v2\/product_brand?post=201249"},{"taxonomy":"product_cat","embeddable":true,"href":"https:\/\/www.otiumhome.fi\/index.php\/wp-json\/wp\/v2\/product_cat?post=201249"},{"taxonomy":"product_tag","embeddable":true,"href":"https:\/\/www.otiumhome.fi\/index.php\/wp-json\/wp\/v2\/product_tag?post=201249"}],"curies":[{"name":"wp","href":"https:\/\/api.w.org\/{rel}","templated":true}]}}