{"id":201244,"date":"2025-12-25T11:35:56","date_gmt":"2025-12-25T11:35:56","guid":{"rendered":"https:\/\/www.otiumhome.fi\/?p=201244"},"modified":"2026-01-02T17:46:00","modified_gmt":"2026-01-02T17:46:00","slug":"kylpyhuonekaappi-sonoman-tammi-645-x-335-x-59-cm-tekninen-puu","status":"publish","type":"product","link":"https:\/\/www.otiumhome.fi\/index.php\/tuote\/kylpyhuonekaappi-sonoman-tammi-645-x-335-x-59-cm-tekninen-puu\/","title":{"rendered":"Kylpyhuonekaappi Sonoman tammi 64,5 x 33,5 x 59 cm Tekninen puu"},"content":{"rendered":"<p>T\u00e4m\u00e4 Tekninen puu -kylpyhuonekaappi tuo yhteen modernin muotoilun ja k\u00e4yt\u00e4nn\u00f6llisyyden, joten se on t\u00e4ydellinen valinta, jos haluat hy\u00f6dynt\u00e4\u00e4 kylpyhuonetilaasi ilman tyylin uhraamista. Sen suora ja suorakaiteen muotoinen muoto nostaa kylpyhuoneesi tunnelmaa tuoden mukanaan minimalistista voimaa \u00e4lykk\u00e4\u00e4n organisoinnin ja runsaiden tilojen avulla.<\/p>\n<ul>\n<li><b>Moderni muotoilu:<\/b> T\u00e4m\u00e4 kaappi sulautuu t\u00e4ydellisesti nykyaikaisiin kylpyhuoneisiin kiitos suoran, suorakaiteen muotoisen linjan ja minimalistisen estetiikan. Siistit linjat korostavat yksinkertaisuutta ja toimivuutta, luoden rauhallisen tilan. Sen huomaamaton muotoilu parantaa tunnelmaa, s\u00e4ilytt\u00e4en samalla monipuolisuuden eri tyyleille.<\/li>\n<li><b>Kest\u00e4v\u00e4 rakennus:<\/b> Teknisen puun ansiosta t\u00e4m\u00e4 kaappi on kest\u00e4v\u00e4 ja luotettava. Laadukkaat materiaalit on valittu kest\u00e4vyyden vuoksi, jotta ne kest\u00e4v\u00e4t kylpyhuoneen p\u00e4ivitt\u00e4isen k\u00e4yt\u00f6n. Tukeva rakenne tukee kaapin kest\u00e4vyytt\u00e4, varmistaen, ett\u00e4 se toimii hyvin jopa toistuvassa k\u00e4yt\u00f6ss\u00e4 ja kosteuden kanssa.<\/li>\n<li><b>Ripsiovet ja kahvat:<\/b> Jousilla varustetut ovet ja matta-pinnoitteiset tangokahvat mahdollistavat helpon p\u00e4\u00e4syn kaappiin modernilla twistill\u00e4. Tangokahvat tarjoavat hyv\u00e4n otteen, ja matta viimeistely tuo hienostuneisuutta, mik\u00e4 tekee k\u00e4yt\u00f6st\u00e4 k\u00e4tev\u00e4\u00e4 ja tyylik\u00e4st\u00e4.<\/li>\n<li><b>Runsas s\u00e4ilytys:<\/b> T\u00e4m\u00e4 kaappi on suunniteltu tehokkuuden vuoksi, ja se tarjoaa paljon tilaa erilaisten kylpyhuoneen tarpeiden t\u00e4ytt\u00e4miseksi. \u00c4lyk\u00e4s sisustus takaa helpon saatavuuden ilman kaaosta, pit\u00e4en t\u00e4rkeimm\u00e4t asiat j\u00e4rjestyksess\u00e4 ja lis\u00e4\u00e4m\u00e4ll\u00e4 k\u00e4ytt\u00f6mukavuutta.<\/li>\n<li><b>Vaivaton hoito:<\/b> Kaapin alkuper\u00e4isen ilmeen yll\u00e4pit\u00e4minen on helppoa; riitt\u00e4\u00e4, ett\u00e4 pyyhk\u00e4iset sen kostealla liinalla p\u00f6lyn poistamiseksi. T\u00e4m\u00e4 hoitorutiini takaa, ett\u00e4 kaappi pysyy visuaalisesti miellytt\u00e4v\u00e4n\u00e4 ja toimivana pitk\u00e4\u00e4n.<\/li>\n<\/ul>\n<ul>\n<li>V\u00e4ri: Sonoman tammi<\/li>\n<li>Materiaali: Tekninen puu<\/li>\n<li>Yleiset mitat: 64,5 x 33,5 x 59 cm (P x L x K)<\/li>\n<li>Paino: 13,11 kg<\/li>\n<li>Kest\u00e4v\u00e4<\/li>\n<li>Ovet<\/li>\n<li>Runsaasti s\u00e4ilytystilaa<\/li>\n<li>Helppo puhdistus<\/li>\n<li>Kehysmateriaali: Tekninen puu<\/li>\n<li>2 ovien kanssa<\/li>\n<li>Sis\u00e4- \/ ulkotiloissa: Vain sis\u00e4k\u00e4ytt\u00f6\u00f6n<\/li>\n<li>Toimitus-:<\/li>\n<li>1 x Kylpyhuoneen kaappi<\/li>\n<li>Kokoonpano vaaditaan: Kyll\u00e4<\/li>\n<\/ul>\n","protected":false},"excerpt":{"rendered":"<ul>\n<li>V\u00e4ri: Sonoman tammi<\/li>\n<li>Materiaali: Tekninen puu<\/li>\n<li>Yleiset mitat: 64,5 x 33,5 x 59 cm (P x L x K)<\/li>\n<li>Paino: 13,11 kg<\/li>\n<li>Kest\u00e4v\u00e4<\/li>\n<li>Ovet<\/li>\n<li>Runsaasti s\u00e4ilytystilaa<\/li>\n<li>Helppo puhdistus<\/li>\n<li>Kehysmateriaali: Tekninen puu<\/li>\n<li>2 ovien kanssa<\/li>\n<li>Sis\u00e4- \/ ulkotiloissa: Vain sis\u00e4k\u00e4ytt\u00f6\u00f6n<\/li>\n<li>Toimitus-:<\/li>\n<li>1 x Kylpyhuoneen kaappi<\/li>\n<li>Kokoonpano vaaditaan: Kyll\u00e4<\/li>\n<\/ul>\n","protected":false},"featured_media":100000201244,"comment_status":"closed","ping_status":"closed","template":"","meta":[],"product_brand":[],"product_cat":[84,8561,8562],"product_tag":[],"class_list":{"0":"post-201244","1":"product","2":"type-product","3":"status-publish","4":"has-post-thumbnail","6":"product_cat-huonekalut","7":"product_cat-kampauspoydat","8":"product_cat-kylpyhuoneen-kampauspoydat","10":"first","11":"instock","12":"taxable","13":"shipping-taxable","14":"purchasable","15":"product-type-simple"},"_links":{"self":[{"href":"https:\/\/www.otiumhome.fi\/index.php\/wp-json\/wp\/v2\/product\/201244","targetHints":{"allow":["GET"]}}],"collection":[{"href":"https:\/\/www.otiumhome.fi\/index.php\/wp-json\/wp\/v2\/product"}],"about":[{"href":"https:\/\/www.otiumhome.fi\/index.php\/wp-json\/wp\/v2\/types\/product"}],"replies":[{"embeddable":true,"href":"https:\/\/www.otiumhome.fi\/index.php\/wp-json\/wp\/v2\/comments?post=201244"}],"wp:featuredmedia":[{"embeddable":true,"href":"https:\/\/www.otiumhome.fi\/index.php\/wp-json\/"}],"wp:attachment":[{"href":"https:\/\/www.otiumhome.fi\/index.php\/wp-json\/wp\/v2\/media?parent=201244"}],"wp:term":[{"taxonomy":"product_brand","embeddable":true,"href":"https:\/\/www.otiumhome.fi\/index.php\/wp-json\/wp\/v2\/product_brand?post=201244"},{"taxonomy":"product_cat","embeddable":true,"href":"https:\/\/www.otiumhome.fi\/index.php\/wp-json\/wp\/v2\/product_cat?post=201244"},{"taxonomy":"product_tag","embeddable":true,"href":"https:\/\/www.otiumhome.fi\/index.php\/wp-json\/wp\/v2\/product_tag?post=201244"}],"curies":[{"name":"wp","href":"https:\/\/api.w.org\/{rel}","templated":true}]}}