{"id":201234,"date":"2025-12-25T11:35:51","date_gmt":"2025-12-25T11:35:51","guid":{"rendered":"https:\/\/www.otiumhome.fi\/?p=201234"},"modified":"2026-01-02T17:35:41","modified_gmt":"2026-01-02T17:35:41","slug":"pesuallaskaappi-sailytystilassa-sonoman-tammi-tekninen-puu","status":"publish","type":"product","link":"https:\/\/www.otiumhome.fi\/index.php\/tuote\/pesuallaskaappi-sailytystilassa-sonoman-tammi-tekninen-puu\/","title":{"rendered":"Pesuallaskaappi s\u00e4ilytystilassa Sonoman tammi Tekninen puu"},"content":{"rendered":"<p>T\u00e4m\u00e4 tyylik\u00e4s puulevysinkukaappi yhdist\u00e4\u00e4 modernin k\u00e4yt\u00e4nn\u00f6llisyyden ja yksinkertaisen muotoilun. Suorakulmainen muoto tekee siit\u00e4 t\u00e4ydellisen osan mit\u00e4 tahansa kylpyhuonetta, tarjoten tyylikk\u00e4\u00e4n s\u00e4ilytysratkaisun. Korkealaatuinen tekninen puu tuo tilaan eleganssia ja sulautuu hienosti nykyaikaiseen sisustukseen. Nauti siistist\u00e4 ja j\u00e4rjestetyst\u00e4 ymp\u00e4rist\u00f6st\u00e4, jonka t\u00e4m\u00e4 kaappi mahdollistaa.<\/p>\n<ul>\n<li><b>Paljon s\u00e4ilytystilaa:<\/b> T\u00e4m\u00e4 allaskaappi tarjoaa runsaasti tilaa j\u00e4rjest\u00e4\u00e4 kylpyhuoneen tavarat. Kest\u00e4v\u00e4 rakenne varmistaa, ett\u00e4 kaikki on helposti saatavilla mutta piilossa, pit\u00e4en tilan siistin\u00e4 ja tehokkaana.<\/li>\n<li><b>Nykyaikainen muotoilu:<\/b> Kaapin moderni tyyli tuo esiin eleganssia puhtain linjoin. T\u00e4m\u00e4 v\u00e4h\u00e4koristeinen muotoilu tekee siit\u00e4 hienostuneen lis\u00e4n kylpyhuoneeseen.<\/li>\n<li><b>Tekninen puu:<\/b> Kaappi on tehty kest\u00e4v\u00e4st\u00e4 teknisest\u00e4 puusta, joka kest\u00e4\u00e4 kosteutta ja v\u00e4\u00e4ntymist\u00e4. T\u00e4m\u00e4 materiaali tuo mukanaan sek\u00e4 kauneutta ett\u00e4 k\u00e4yt\u00e4nn\u00f6llisyytt\u00e4.<\/li>\n<li><b>Tyylikk\u00e4\u00e4t kahvat:<\/b> Ergonomiset hopeakahvat helpottavat k\u00e4ytt\u00f6\u00e4 ja lis\u00e4\u00e4v\u00e4t kaapin modernia ilmett\u00e4. Tangot ovat suunniteltu toimivuus mieless\u00e4, tarjoten mukavuutta k\u00e4yt\u00f6ss\u00e4.<\/li>\n<li><b>K\u00e4yt\u00e4nn\u00f6llinen hoito:<\/b> Kaapin yll\u00e4pito on helppoa: pyyhi s\u00e4\u00e4nn\u00f6llisesti kostealla liinalla. Kiinnit\u00e4 se sein\u00e4\u00e4n turvallisuuden varmistamiseksi, erityisesti aktiivisessa perheymp\u00e4rist\u00f6ss\u00e4.<\/li>\n<\/ul>\n<ul>\n<li>V\u00e4ri: Sonoman tammi<\/li>\n<li>Materiaali: Tekninen puu<\/li>\n<li>Yleiset mitat: 100 x 38,5 x 46 cm (P x L x K)<\/li>\n<li>Runsaasti s\u00e4ilytystilaa<\/li>\n<li>Kehysmateriaali: Tekninen puu<\/li>\n<li>2 ovien kanssa<\/li>\n<li>Vain sis\u00e4k\u00e4ytt\u00f6\u00f6n<\/li>\n<li>Toimitus-:<\/li>\n<li>1 x pesukonkaappi<\/li>\n<li>Kokoonpano vaaditaan: Kyll\u00e4<\/li>\n<\/ul>\n","protected":false},"excerpt":{"rendered":"<ul>\n<li>V\u00e4ri: Sonoman tammi<\/li>\n<li>Materiaali: Tekninen puu<\/li>\n<li>Yleiset mitat: 100 x 38,5 x 46 cm (P x L x K)<\/li>\n<li>Runsaasti s\u00e4ilytystilaa<\/li>\n<li>Kehysmateriaali: Tekninen puu<\/li>\n<li>2 ovien kanssa<\/li>\n<li>Vain sis\u00e4k\u00e4ytt\u00f6\u00f6n<\/li>\n<li>Toimitus-:<\/li>\n<li>1 x pesukonkaappi<\/li>\n<li>Kokoonpano vaaditaan: Kyll\u00e4<\/li>\n<\/ul>\n","protected":false},"featured_media":100000201234,"comment_status":"closed","ping_status":"closed","template":"","meta":[],"product_brand":[],"product_cat":[84,8561,8562],"product_tag":[],"class_list":{"0":"post-201234","1":"product","2":"type-product","3":"status-publish","4":"has-post-thumbnail","6":"product_cat-huonekalut","7":"product_cat-kampauspoydat","8":"product_cat-kylpyhuoneen-kampauspoydat","10":"first","11":"instock","12":"taxable","13":"shipping-taxable","14":"purchasable","15":"product-type-simple"},"_links":{"self":[{"href":"https:\/\/www.otiumhome.fi\/index.php\/wp-json\/wp\/v2\/product\/201234","targetHints":{"allow":["GET"]}}],"collection":[{"href":"https:\/\/www.otiumhome.fi\/index.php\/wp-json\/wp\/v2\/product"}],"about":[{"href":"https:\/\/www.otiumhome.fi\/index.php\/wp-json\/wp\/v2\/types\/product"}],"replies":[{"embeddable":true,"href":"https:\/\/www.otiumhome.fi\/index.php\/wp-json\/wp\/v2\/comments?post=201234"}],"wp:featuredmedia":[{"embeddable":true,"href":"https:\/\/www.otiumhome.fi\/index.php\/wp-json\/"}],"wp:attachment":[{"href":"https:\/\/www.otiumhome.fi\/index.php\/wp-json\/wp\/v2\/media?parent=201234"}],"wp:term":[{"taxonomy":"product_brand","embeddable":true,"href":"https:\/\/www.otiumhome.fi\/index.php\/wp-json\/wp\/v2\/product_brand?post=201234"},{"taxonomy":"product_cat","embeddable":true,"href":"https:\/\/www.otiumhome.fi\/index.php\/wp-json\/wp\/v2\/product_cat?post=201234"},{"taxonomy":"product_tag","embeddable":true,"href":"https:\/\/www.otiumhome.fi\/index.php\/wp-json\/wp\/v2\/product_tag?post=201234"}],"curies":[{"name":"wp","href":"https:\/\/api.w.org\/{rel}","templated":true}]}}