{"id":201201,"date":"2025-12-25T11:35:35","date_gmt":"2025-12-25T11:35:35","guid":{"rendered":"https:\/\/www.otiumhome.fi\/?p=201201"},"modified":"2026-01-02T16:44:30","modified_gmt":"2026-01-02T16:44:30","slug":"kylpyhuonekaappi-artisan-tammi-80-x-33-x-60-cm-tekninen-puu","status":"publish","type":"product","link":"https:\/\/www.otiumhome.fi\/index.php\/tuote\/kylpyhuonekaappi-artisan-tammi-80-x-33-x-60-cm-tekninen-puu\/","title":{"rendered":"Kylpyhuonekaappi Artisan tammi 80 x 33 x 60 cm Tekninen puu"},"content":{"rendered":"<p>Puinen kylpyhuonekaappi on k\u00e4yt\u00e4nn\u00f6llinen ja moderni ratkaisu s\u00e4ilytt\u00e4miseen, joka parantaa kotisi estetiikkaa. Sen puhtaat linjat ja suorakaiteen muoto tekev\u00e4t siit\u00e4 tyylikk\u00e4\u00e4n lis\u00e4n mihin tahansa kylpyhuoneeseen tai k\u00e4yt\u00e4v\u00e4\u00e4n, tuoden mukavuutta ja eleganssia. Tekninen puu yhdist\u00e4\u00e4 kauniin ilmeen kest\u00e4vyys, joten se sopii t\u00e4ydellisesti kaikille, jotka arvostavat sek\u00e4 muotoa ett\u00e4 funktionaalisuutta s\u00e4ilytysratkaisuissa. T\u00e4m\u00e4 kaappi sulautuu kuin itsest\u00e4\u00e4n osaksi tilaa, s\u00e4ilytt\u00e4m\u00e4ll\u00e4 samalla k\u00e4yt\u00e4nn\u00f6llisyyden jokap\u00e4iv\u00e4isess\u00e4 k\u00e4yt\u00f6ss\u00e4.<\/p>\n<ul><\/br><\/p>\n<li><b>Teknisen puun rakenne<\/b> T\u00e4m\u00e4 kylpyhuonekaappi on valmistettu teknisest\u00e4 puusta, joka yhdist\u00e4\u00e4 luotettavuuden ja esteettisen vieh\u00e4tyksen. Tekninen puu on kest\u00e4v\u00e4 ja kest\u00e4\u00e4 arkip\u00e4iv\u00e4n kulutusta, joten kaappi pysyy luotettavana vuodesta toiseen. Se tuo kylpyhuoneeseen tai k\u00e4yt\u00e4v\u00e4\u00e4n laadukasta viimeistely\u00e4 ja lis\u00e4\u00e4 samalla k\u00e4yt\u00e4nn\u00f6llisyytt\u00e4.<\/li>\n<p><\/br><\/p>\n<li><b>Sein\u00e4lle asennettava tehokkuus<\/b> Sein\u00e4lle asennettavana kaappina t\u00e4m\u00e4 yksikk\u00f6 s\u00e4\u00e4st\u00e4\u00e4 lattiapinta-alaa, mik\u00e4 on t\u00e4ydellinen valinta pienille kylpyhuoneille tai k\u00e4yt\u00e4ville. Kaappi kiinnitet\u00e4\u00e4n sein\u00e4\u00e4n, joten tavarat ovat k\u00e4den ulottuvilla ja tila pysyy siistin\u00e4. Sen k\u00e4yt\u00e4nn\u00f6llinen muotoilu tuo minimalistista, modernia ilmett\u00e4 tilaan.<\/li>\n<p><\/br><\/p>\n<li><b>Runsas s\u00e4ilytyskyky<\/b> Levyhyllyjen ja teknisest\u00e4 puusta valmistetun osaston ansiosta, t\u00e4m\u00e4 kaappi maksimoi s\u00e4ilytystilan ilman, ett\u00e4 tyyli k\u00e4rsii. Se on tilava ja j\u00e4rjestelm\u00e4llinen, joten se tarjoaa runsaasti tilaa hygieniatarvikkeille, pyyhkeille ja muille tarpeille. Yhdist\u00e4m\u00e4ll\u00e4 kaikki tarpeesi yhteen tyylikk\u00e4\u00e4seen kaappiin, se edist\u00e4\u00e4 siistimp\u00e4\u00e4 ja tehokkaampaa tilaa.<\/li>\n<p><\/br><\/p>\n<li><b>Modernit saranoidut ovet<\/b> Kaappi sis\u00e4lt\u00e4\u00e4 saranoidut ovet, jotka avautuvat sujuvasti ja hiljaa, joten k\u00e4ytt\u00e4minen on vaivatonta. N\u00e4m\u00e4 ovet paljastavat runsaasti s\u00e4ilytystilaa, ovat helppok\u00e4ytt\u00f6iset ja lis\u00e4\u00e4v\u00e4t huonekalun hienostuneisuutta. Niiden suoraviivainen toiminta varmistaa helpon p\u00e4\u00e4syn tavaroihin.<\/li>\n<p><\/br><\/p>\n<li><b>Helppo yll\u00e4pito ja siivous<\/b> T\u00e4m\u00e4 kylpyhuonekaappi on helppo yll\u00e4pit\u00e4\u00e4, sill\u00e4 se vaatii vain yksinkertaisen pyyhinn\u00e4n kostealla liinalla kiilt\u00e4v\u00e4n pinnan s\u00e4ilytt\u00e4miseksi. V\u00e4h\u00e4inen huoltotarve parantaa pitk\u00e4ik\u00e4isyytt\u00e4 ja kaappi voi jatkuvasti tuoda lis\u00e4arvoa tilaan ilman jatkuvaa huolenpitoa. T\u00e4m\u00e4 k\u00e4yt\u00e4nn\u00f6llinen ominaisuus pit\u00e4\u00e4 sen raikkaana ja kutsuvana.<\/li>\n<p><\/br><\/ul>\n<ul>\n<li>V\u00e4ri: Artisan tammi<\/li>\n<li>Materiaali: Tekninen puu<\/li>\n<li>Yleiset mitat: 80 x 33 x 60 cm (P x L x K)<\/li>\n<li>Paino: 16,8 kg<\/li>\n<li>Kest\u00e4v\u00e4<\/li>\n<li>Runsaasti s\u00e4ilytystilaa<\/li>\n<li>2 hyllyill\u00e4<\/li>\n<li>Kehysmateriaali: Tekninen puu<\/li>\n<li>1 saranoitu ovi ovella<\/li>\n<li>Sis\u00e4- \/ ulkotiloissa: Vain sis\u00e4k\u00e4ytt\u00f6\u00f6n<\/li>\n<li>Toimitus-:<\/li>\n<li>1 x Kylpyhuoneen kaappi<\/li>\n<li>Kokoonpano vaaditaan: Kyll\u00e4<\/li>\n<\/ul>\n","protected":false},"excerpt":{"rendered":"<ul>\n<li>V\u00e4ri: Artisan tammi<\/li>\n<li>Materiaali: Tekninen puu<\/li>\n<li>Yleiset mitat: 80 x 33 x 60 cm (P x L x K)<\/li>\n<li>Paino: 16,8 kg<\/li>\n<li>Kest\u00e4v\u00e4<\/li>\n<li>Runsaasti s\u00e4ilytystilaa<\/li>\n<li>2 hyllyill\u00e4<\/li>\n<li>Kehysmateriaali: Tekninen puu<\/li>\n<li>1 saranoitu ovi ovella<\/li>\n<li>Sis\u00e4- \/ ulkotiloissa: Vain sis\u00e4k\u00e4ytt\u00f6\u00f6n<\/li>\n<li>Toimitus-:<\/li>\n<li>1 x Kylpyhuoneen kaappi<\/li>\n<li>Kokoonpano vaaditaan: Kyll\u00e4<\/li>\n<\/ul>\n","protected":false},"featured_media":100000201201,"comment_status":"closed","ping_status":"closed","template":"","meta":[],"product_brand":[],"product_cat":[84,8561,8562],"product_tag":[],"class_list":{"0":"post-201201","1":"product","2":"type-product","3":"status-publish","4":"has-post-thumbnail","6":"product_cat-huonekalut","7":"product_cat-kampauspoydat","8":"product_cat-kylpyhuoneen-kampauspoydat","10":"first","11":"instock","12":"taxable","13":"shipping-taxable","14":"purchasable","15":"product-type-simple"},"_links":{"self":[{"href":"https:\/\/www.otiumhome.fi\/index.php\/wp-json\/wp\/v2\/product\/201201","targetHints":{"allow":["GET"]}}],"collection":[{"href":"https:\/\/www.otiumhome.fi\/index.php\/wp-json\/wp\/v2\/product"}],"about":[{"href":"https:\/\/www.otiumhome.fi\/index.php\/wp-json\/wp\/v2\/types\/product"}],"replies":[{"embeddable":true,"href":"https:\/\/www.otiumhome.fi\/index.php\/wp-json\/wp\/v2\/comments?post=201201"}],"wp:featuredmedia":[{"embeddable":true,"href":"https:\/\/www.otiumhome.fi\/index.php\/wp-json\/"}],"wp:attachment":[{"href":"https:\/\/www.otiumhome.fi\/index.php\/wp-json\/wp\/v2\/media?parent=201201"}],"wp:term":[{"taxonomy":"product_brand","embeddable":true,"href":"https:\/\/www.otiumhome.fi\/index.php\/wp-json\/wp\/v2\/product_brand?post=201201"},{"taxonomy":"product_cat","embeddable":true,"href":"https:\/\/www.otiumhome.fi\/index.php\/wp-json\/wp\/v2\/product_cat?post=201201"},{"taxonomy":"product_tag","embeddable":true,"href":"https:\/\/www.otiumhome.fi\/index.php\/wp-json\/wp\/v2\/product_tag?post=201201"}],"curies":[{"name":"wp","href":"https:\/\/api.w.org\/{rel}","templated":true}]}}