{"id":201187,"date":"2025-12-25T08:15:54","date_gmt":"2025-12-25T08:15:54","guid":{"rendered":"https:\/\/www.otiumhome.fi\/?p=201187"},"modified":"2026-01-02T20:42:43","modified_gmt":"2026-01-02T20:42:43","slug":"kylpyhuonekaappi-harmaa-sonoma-40-x-30-x-100-cm-tekninen-puu","status":"publish","type":"product","link":"https:\/\/www.otiumhome.fi\/index.php\/tuote\/kylpyhuonekaappi-harmaa-sonoma-40-x-30-x-100-cm-tekninen-puu\/","title":{"rendered":"Kylpyhuonekaappi Harmaa Sonoma 40 x 30 x 100 cm Tekninen puu"},"content":{"rendered":"<p>T\u00e4m\u00e4 teollinen kylpyhuonekaappi yhdist\u00e4\u00e4 tyyli\u00e4 ja k\u00e4yt\u00e4nn\u00f6llisyytt\u00e4, tuoden kylpyhuoneeseesi modernin suorakaiteen muotoilun. Teknisest\u00e4 puusta valmistettu, se on tarkoitettu kest\u00e4m\u00e4\u00e4n. 40 x 30 x 100 cm mitat tekev\u00e4t siit\u00e4 helposti sijoitettavan pienempiin tiloihin, tehden siit\u00e4 t\u00e4ydellisen nykyaikaisissa kylpyhuoneissa, joissa tila ja tyyli ovat t\u00e4rkeit\u00e4.<\/p>\n<ul>\n<li><b>Teknisen puun k\u00e4sity\u00f6:<\/b> Kaappi on rakennettu kest\u00e4vist\u00e4 teknisist\u00e4 puista, jotka tarjoavat mukavaa vakautta ja kest\u00e4vyytt\u00e4. T\u00e4m\u00e4 materiaali varmistaa, ett\u00e4 kaappi pysyy ehj\u00e4n\u00e4 ja hyv\u00e4ss\u00e4 kunnossa ajan my\u00f6t\u00e4, erityisesti kosteissa tiloissa.<\/li>\n<li><b>Vankat ter\u00e4spylv\u00e4\u00e4t:<\/b> Ter\u00e4ksiset jalat lis\u00e4\u00e4v\u00e4t kaapin vakautta. Ne parantavat kest\u00e4vyys ja tekev\u00e4t kaapista tyylikk\u00e4\u00e4n, vahvistaen teollista ilmett\u00e4 kylpyhuoneessasi.<\/li>\n<li><b>Runsaasti s\u00e4ilytystilaa:<\/b> Kaapin sisustus tarjoaa useita osastoja, joihin voit laittaa hygieniatavaroita ja pyyhkeit\u00e4, pit\u00e4en ne siististi poissa n\u00e4kyvist\u00e4 mutta helposti saatavilla.<\/li>\n<li><b>Vain sis\u00e4k\u00e4ytt\u00f6\u00f6n:<\/b> T\u00e4m\u00e4 kaappi on suunniteltu erityisesti sis\u00e4tiloihin ja se luo tilaan viihtyisyytt\u00e4 ilman, ett\u00e4 se vie liikaa tilaa.<\/li>\n<li><b>Helppo kokoaminen:<\/b> Kokoaminen vaatii vain kaksi henkil\u00f6\u00e4 ja ruuvimeisselin, ja se on sujuvaa ilman suuria ty\u00f6kaluja tai kokemusta.<\/li>\n<\/ul>\n<ul>\n<li>V\u00e4ri: Harmaa sonoma<\/li>\n<li>Materiaali: Tekninen puu<\/li>\n<li>Yleiset mitat: 40 x 30 x 100 cm (P x L x K)<\/li>\n<li>Paino: 16,11 kg<\/li>\n<li>Kest\u00e4v\u00e4<\/li>\n<li>Laatikolla<\/li>\n<li>Kehysmateriaali: Tekninen puu<\/li>\n<li>1 ovella<\/li>\n<li>Sis\u00e4- \/ ulkotiloissa: Vain sis\u00e4k\u00e4ytt\u00f6\u00f6n<\/li>\n<li>Toimitus-:<\/li>\n<li>1 x Kylpyhuonekaappi<\/li>\n<li>Kokoonpano vaaditaan: Kyll\u00e4<\/li>\n<\/ul>\n","protected":false},"excerpt":{"rendered":"<ul>\n<li>V\u00e4ri: Harmaa sonoma<\/li>\n<li>Materiaali: Tekninen puu<\/li>\n<li>Yleiset mitat: 40 x 30 x 100 cm (P x L x K)<\/li>\n<li>Paino: 16,11 kg<\/li>\n<li>Kest\u00e4v\u00e4<\/li>\n<li>Laatikolla<\/li>\n<li>Kehysmateriaali: Tekninen puu<\/li>\n<li>1 ovella<\/li>\n<li>Sis\u00e4- \/ ulkotiloissa: Vain sis\u00e4k\u00e4ytt\u00f6\u00f6n<\/li>\n<li>Toimitus-:<\/li>\n<li>1 x Kylpyhuonekaappi<\/li>\n<li>Kokoonpano vaaditaan: Kyll\u00e4<\/li>\n<\/ul>\n","protected":false},"featured_media":100000201187,"comment_status":"closed","ping_status":"closed","template":"","meta":[],"product_brand":[],"product_cat":[84,8561,8562],"product_tag":[],"class_list":{"0":"post-201187","1":"product","2":"type-product","3":"status-publish","4":"has-post-thumbnail","6":"product_cat-huonekalut","7":"product_cat-kampauspoydat","8":"product_cat-kylpyhuoneen-kampauspoydat","10":"first","11":"instock","12":"taxable","13":"shipping-taxable","14":"purchasable","15":"product-type-simple"},"_links":{"self":[{"href":"https:\/\/www.otiumhome.fi\/index.php\/wp-json\/wp\/v2\/product\/201187","targetHints":{"allow":["GET"]}}],"collection":[{"href":"https:\/\/www.otiumhome.fi\/index.php\/wp-json\/wp\/v2\/product"}],"about":[{"href":"https:\/\/www.otiumhome.fi\/index.php\/wp-json\/wp\/v2\/types\/product"}],"replies":[{"embeddable":true,"href":"https:\/\/www.otiumhome.fi\/index.php\/wp-json\/wp\/v2\/comments?post=201187"}],"wp:featuredmedia":[{"embeddable":true,"href":"https:\/\/www.otiumhome.fi\/index.php\/wp-json\/"}],"wp:attachment":[{"href":"https:\/\/www.otiumhome.fi\/index.php\/wp-json\/wp\/v2\/media?parent=201187"}],"wp:term":[{"taxonomy":"product_brand","embeddable":true,"href":"https:\/\/www.otiumhome.fi\/index.php\/wp-json\/wp\/v2\/product_brand?post=201187"},{"taxonomy":"product_cat","embeddable":true,"href":"https:\/\/www.otiumhome.fi\/index.php\/wp-json\/wp\/v2\/product_cat?post=201187"},{"taxonomy":"product_tag","embeddable":true,"href":"https:\/\/www.otiumhome.fi\/index.php\/wp-json\/wp\/v2\/product_tag?post=201187"}],"curies":[{"name":"wp","href":"https:\/\/api.w.org\/{rel}","templated":true}]}}