{"id":201178,"date":"2025-12-25T08:15:50","date_gmt":"2025-12-25T08:15:50","guid":{"rendered":"https:\/\/www.otiumhome.fi\/?p=201178"},"modified":"2026-01-02T20:33:53","modified_gmt":"2026-01-02T20:33:53","slug":"kylpyhuonekaappi-musta-tammi-40-x-30-x-180-cm-tekninen-puu","status":"publish","type":"product","link":"https:\/\/www.otiumhome.fi\/index.php\/tuote\/kylpyhuonekaappi-musta-tammi-40-x-30-x-180-cm-tekninen-puu\/","title":{"rendered":"Kylpyhuonekaappi Musta tammi. 40 x 30 x 180 cm Tekninen puu"},"content":{"rendered":"<p>T\u00e4m\u00e4 teollinen kylpyhuonekaappi tuo hienostuneen ja tyylikk\u00e4\u00e4n s\u00e4ilytysratkaisun miss\u00e4 tahansa kylpyhuoneessa. Suorakaiteinen muoto tuo modernia eleganssia. Valmistettu teknisest\u00e4 puusta, se on yht\u00e4 kaunis kuin toimiva, tehden siit\u00e4 loistavan valinnan moneen kylpyhuoneeseen. Se tuo ripauksen tyyli\u00e4 samalla, kun se pit\u00e4\u00e4 tarvikkeet j\u00e4rjestyksess\u00e4.<\/p>\n<ul>\n<li><b>Premium tekninen puu:<\/b> T\u00e4m\u00e4 kaappi on tehty laadukkaasta teknisest\u00e4 puusta, joka valitaan sen kest\u00e4vyydest\u00e4 ja siistist\u00e4 ulkon\u00e4\u00f6st\u00e4. Materiaali varmistaa, ett\u00e4 kaappi on kest\u00e4v\u00e4 ja n\u00e4ytt\u00e4\u00e4 hyv\u00e4lt\u00e4 nykyaikaisessa kylpyhuoneessa.<\/li>\n<li><b>Kest\u00e4v\u00e4 rakenne:<\/b> Kaapin rakenne on luodattu kest\u00e4v\u00e4ksi, ja se on vaaraton kova k\u00e4ytt\u00f6. Teknisen puun ja ter\u00e4sjalkojen yhdistelm\u00e4 tuo kaappiin vahvuutta, joka kest\u00e4\u00e4 arjen haasteet.<\/li>\n<li><b>Tehokkaat s\u00e4ilytysratkaisut:<\/b> T\u00e4m\u00e4 kaappi on tilava ja sopii kaikille kylpyhuonetarvikkeille. Innovatiiviset hyllyt auttavat pit\u00e4m\u00e4\u00e4n esineet erill\u00e4\u00e4n, joten j\u00e4rjestys ja selkeys on helppoa miss\u00e4 tahansa kylpyhuoneessa.<\/li>\n<li><b>Helppo asennus:<\/b> Asennukseen tarvitaan kaksi henkil\u00f6\u00e4 ja ruuvimeisseli. Prosessi on yksinkertainen ja takaa tukevan rakenteen, joka on valmis k\u00e4ytt\u00f6\u00f6n heti. Mukana tulee 1 x kylpyhuonekaappi.<\/li>\n<li><b>Hoito-ohjeet:<\/b> Pid\u00e4 t\u00e4m\u00e4 kaappi paremmassa kunnossa pyyhkim\u00e4ll\u00e4 se kostealla liinalla. S\u00e4\u00e4nn\u00f6llinen hoito varmistaa kaapin kiilt\u00e4v\u00e4n ilmeen ja tuo lis\u00e4\u00e4 tyyli\u00e4 kylpyhuoneeseesi.<\/li>\n<\/ul>\n<ul>\n<li>V\u00e4ri: Musta tammi.<\/li>\n<li>Materiaali: Tekninen puu<\/li>\n<li>Yleiset mitat: 40 x 30 x 180 cm (P x L x K)<\/li>\n<li>Paino: 20,9 kg<\/li>\n<li>Kest\u00e4v\u00e4<\/li>\n<li>Laatikolla<\/li>\n<li>Kehysmateriaali: Tekninen puu<\/li>\n<li>1 ovella<\/li>\n<li>Sis\u00e4- \/ ulkotiloissa: Vain sis\u00e4k\u00e4ytt\u00f6\u00f6n<\/li>\n<li>Toimitus-:<\/li>\n<li>1 x Kylpyhuonekaappi<\/li>\n<li>Kokoonpano vaaditaan: Kyll\u00e4<\/li>\n<\/ul>\n","protected":false},"excerpt":{"rendered":"<ul>\n<li>V\u00e4ri: Musta tammi.<\/li>\n<li>Materiaali: Tekninen puu<\/li>\n<li>Yleiset mitat: 40 x 30 x 180 cm (P x L x K)<\/li>\n<li>Paino: 20,9 kg<\/li>\n<li>Kest\u00e4v\u00e4<\/li>\n<li>Laatikolla<\/li>\n<li>Kehysmateriaali: Tekninen puu<\/li>\n<li>1 ovella<\/li>\n<li>Sis\u00e4- \/ ulkotiloissa: Vain sis\u00e4k\u00e4ytt\u00f6\u00f6n<\/li>\n<li>Toimitus-:<\/li>\n<li>1 x Kylpyhuonekaappi<\/li>\n<li>Kokoonpano vaaditaan: Kyll\u00e4<\/li>\n<\/ul>\n","protected":false},"featured_media":100000201178,"comment_status":"closed","ping_status":"closed","template":"","meta":[],"product_brand":[],"product_cat":[84,8561,8562],"product_tag":[],"class_list":{"0":"post-201178","1":"product","2":"type-product","3":"status-publish","4":"has-post-thumbnail","6":"product_cat-huonekalut","7":"product_cat-kampauspoydat","8":"product_cat-kylpyhuoneen-kampauspoydat","10":"first","11":"instock","12":"taxable","13":"shipping-taxable","14":"purchasable","15":"product-type-simple"},"_links":{"self":[{"href":"https:\/\/www.otiumhome.fi\/index.php\/wp-json\/wp\/v2\/product\/201178","targetHints":{"allow":["GET"]}}],"collection":[{"href":"https:\/\/www.otiumhome.fi\/index.php\/wp-json\/wp\/v2\/product"}],"about":[{"href":"https:\/\/www.otiumhome.fi\/index.php\/wp-json\/wp\/v2\/types\/product"}],"replies":[{"embeddable":true,"href":"https:\/\/www.otiumhome.fi\/index.php\/wp-json\/wp\/v2\/comments?post=201178"}],"wp:featuredmedia":[{"embeddable":true,"href":"https:\/\/www.otiumhome.fi\/index.php\/wp-json\/"}],"wp:attachment":[{"href":"https:\/\/www.otiumhome.fi\/index.php\/wp-json\/wp\/v2\/media?parent=201178"}],"wp:term":[{"taxonomy":"product_brand","embeddable":true,"href":"https:\/\/www.otiumhome.fi\/index.php\/wp-json\/wp\/v2\/product_brand?post=201178"},{"taxonomy":"product_cat","embeddable":true,"href":"https:\/\/www.otiumhome.fi\/index.php\/wp-json\/wp\/v2\/product_cat?post=201178"},{"taxonomy":"product_tag","embeddable":true,"href":"https:\/\/www.otiumhome.fi\/index.php\/wp-json\/wp\/v2\/product_tag?post=201178"}],"curies":[{"name":"wp","href":"https:\/\/api.w.org\/{rel}","templated":true}]}}