{"id":201176,"date":"2025-12-25T08:10:42","date_gmt":"2025-12-25T08:10:42","guid":{"rendered":"https:\/\/www.otiumhome.fi\/?p=201176"},"modified":"2026-01-02T08:08:55","modified_gmt":"2026-01-02T08:08:55","slug":"kylpyhuoneen-peilikaappi-hyllylla-musta-tammi-80-x-12-x-45-cm","status":"publish","type":"product","link":"https:\/\/www.otiumhome.fi\/index.php\/tuote\/kylpyhuoneen-peilikaappi-hyllylla-musta-tammi-80-x-12-x-45-cm\/","title":{"rendered":"Kylpyhuoneen Peilikaappi hyllyll\u00e4 Musta tammi. 80 x 12 x 45 cm"},"content":{"rendered":"<p>T\u00e4m\u00e4 LED-peilikaappi hyllyill\u00e4 tuo modernia s\u00e4ilytyst\u00e4 tyylill\u00e4. Suorakaiteen muotoinen, sile\u00e4 rakenne sopii t\u00e4ydellisesti kylpyhuoneen puhtaisiin linjoihin. T\u00e4m\u00e4 kaappi on suunniteltu sis\u00e4tiloihin ja n\u00e4ytt\u00e4\u00e4 hyv\u00e4lt\u00e4 samalla kun se on k\u00e4yt\u00e4nn\u00f6llinen. Se yhdist\u00e4\u00e4 tyylikk\u00e4\u00e4n peilin ja s\u00e4ilytystilan, parantaen kylpyhuoneen k\u00e4yt\u00e4nn\u00f6llisyytt\u00e4 ja ulkon\u00e4k\u00f6\u00e4. Ihanteellinen henkil\u00f6kohtaiseen hoitoon ja ahtaampiin tiloihin, t\u00e4m\u00e4 kaappi nostaa kylpyhuonesuunnittelua monipuolistamalla sen k\u00e4ytt\u00f6\u00e4.<\/p>\n<ul>\n<li><b>Tekninen puu:<\/b> Kest\u00e4v\u00e4 rakenne takaa pitk\u00e4ik\u00e4isyyden ja kosteuden sietokyvyn, joten se sopii kaikille kylpyhuoneille. Sile\u00e4 pinta t\u00e4ydent\u00e4\u00e4 modernia tyyli\u00e4 ja tekee k\u00e4yt\u00f6st\u00e4 vaivatonta.<\/li>\n<li><b>LED-valaistus:<\/b> Dynaamiset valot tuovat moniv\u00e4risi\u00e4 s\u00e4vyj\u00e4, jotka parantavat tunnelmaa p\u00e4ivitt\u00e4in. T\u00e4ydellinen sek\u00e4 ty\u00f6valoksi ett\u00e4 tunnelmavalaistukseen.<\/li>\n<li><b>Tilank\u00e4ytt\u00f6:<\/b> Sein\u00e4asennettava muotoilu optimoi tilank\u00e4yt\u00f6n, mik\u00e4 tekee siit\u00e4 erinomaisen pieneen kylpyhuoneeseen. T\u00e4m\u00e4 ratkaisu vapauttaa lattiatilaa ja tekee huoneesta siistimm\u00e4n.<\/li>\n<li><b>Levyt hyllyt:<\/b> Vankat hyllyt tarjoavat paljon tilaa tarpeellisiin tavaroihin. Se on suunniteltu mahtumaan henkil\u00f6kohtaisille esineille, pit\u00e4en kaiken helposti saatavilla ja j\u00e4rjestyksess\u00e4.<\/li>\n<li><b>Lasiviimeistely:<\/b> Lasiovi tuo kauniin lis\u00e4n k\u00e4ytt\u00f6mukavuuteen, jolloin voit n\u00e4hd\u00e4 nopeasti mit\u00e4 sis\u00e4ll\u00e4 on. Sen l\u00e4pin\u00e4kyvyys antaa nykyaikaisen ilmeen ja helpottaa p\u00e4\u00e4sy\u00e4 esineisiin.<\/li>\n<\/ul>\n<ul>\n<li>V\u00e4ri: Musta tammi.<\/li>\n<li>Materiaali: Tekninen puu<\/li>\n<li>Yleiset mitat: 80 x 12 x 45 cm (P x L x K)<\/li>\n<li>Paino: 10,2 kg<\/li>\n<li>Sein\u00e4kiinnitys<\/li>\n<li>Kest\u00e4v\u00e4<\/li>\n<li>Virtal\u00e4hde: USB<\/li>\n<li>Valotyyppi: Led-valonauhat<\/li>\n<li>Valov\u00e4ri: Moniv\u00e4rinen<\/li>\n<li>Tasainen peili<\/li>\n<li>2 hyllyill\u00e4<\/li>\n<li>Kehysmateriaali: Tekninen puu<\/li>\n<li>2 ovien kanssa<\/li>\n<li>Sis\u00e4- \/ ulkotiloissa: Vain sis\u00e4k\u00e4ytt\u00f6\u00f6n<\/li>\n<li>Toimitus-:<\/li>\n<li>1 x Kylpyhuoneen Peilikaappi<\/li>\n<li>Kokoonpano vaaditaan: Kyll\u00e4<\/li>\n<li>Kiinnitys sis\u00e4lsi: Katto- \/ sein\u00e4kiinnitystarvikkeet &#8211; esim m\u00e4\u00e4r\u00e4tyt ruuvit tai sein\u00e4tulpat &#8211; eiv\u00e4t mukana<\/li>\n<\/ul>\n","protected":false},"excerpt":{"rendered":"<ul>\n<li>V\u00e4ri: Musta tammi.<\/li>\n<li>Materiaali: Tekninen puu<\/li>\n<li>Yleiset mitat: 80 x 12 x 45 cm (P x L x K)<\/li>\n<li>Paino: 10,2 kg<\/li>\n<li>Sein\u00e4kiinnitys<\/li>\n<li>Kest\u00e4v\u00e4<\/li>\n<li>Virtal\u00e4hde: USB<\/li>\n<li>Valotyyppi: Led-valonauhat<\/li>\n<li>Valov\u00e4ri: Moniv\u00e4rinen<\/li>\n<li>Tasainen peili<\/li>\n<li>2 hyllyill\u00e4<\/li>\n<li>Kehysmateriaali: Tekninen puu<\/li>\n<li>2 ovien kanssa<\/li>\n<li>Sis\u00e4- \/ ulkotiloissa: Vain sis\u00e4k\u00e4ytt\u00f6\u00f6n<\/li>\n<li>Toimitus-:<\/li>\n<li>1 x Kylpyhuoneen Peilikaappi<\/li>\n<li>Kokoonpano vaaditaan: Kyll\u00e4<\/li>\n<li>Kiinnitys sis\u00e4lsi: Katto- \/ sein\u00e4kiinnitystarvikkeet &#8211; esim m\u00e4\u00e4r\u00e4tyt ruuvit tai sein\u00e4tulpat &#8211; eiv\u00e4t mukana<\/li>\n<\/ul>\n","protected":false},"featured_media":100000201176,"comment_status":"closed","ping_status":"closed","template":"","meta":[],"product_brand":[],"product_cat":[84,8561,8562],"product_tag":[],"class_list":{"0":"post-201176","1":"product","2":"type-product","3":"status-publish","4":"has-post-thumbnail","6":"product_cat-huonekalut","7":"product_cat-kampauspoydat","8":"product_cat-kylpyhuoneen-kampauspoydat","10":"first","11":"instock","12":"taxable","13":"shipping-taxable","14":"purchasable","15":"product-type-simple"},"_links":{"self":[{"href":"https:\/\/www.otiumhome.fi\/index.php\/wp-json\/wp\/v2\/product\/201176","targetHints":{"allow":["GET"]}}],"collection":[{"href":"https:\/\/www.otiumhome.fi\/index.php\/wp-json\/wp\/v2\/product"}],"about":[{"href":"https:\/\/www.otiumhome.fi\/index.php\/wp-json\/wp\/v2\/types\/product"}],"replies":[{"embeddable":true,"href":"https:\/\/www.otiumhome.fi\/index.php\/wp-json\/wp\/v2\/comments?post=201176"}],"wp:featuredmedia":[{"embeddable":true,"href":"https:\/\/www.otiumhome.fi\/index.php\/wp-json\/"}],"wp:attachment":[{"href":"https:\/\/www.otiumhome.fi\/index.php\/wp-json\/wp\/v2\/media?parent=201176"}],"wp:term":[{"taxonomy":"product_brand","embeddable":true,"href":"https:\/\/www.otiumhome.fi\/index.php\/wp-json\/wp\/v2\/product_brand?post=201176"},{"taxonomy":"product_cat","embeddable":true,"href":"https:\/\/www.otiumhome.fi\/index.php\/wp-json\/wp\/v2\/product_cat?post=201176"},{"taxonomy":"product_tag","embeddable":true,"href":"https:\/\/www.otiumhome.fi\/index.php\/wp-json\/wp\/v2\/product_tag?post=201176"}],"curies":[{"name":"wp","href":"https:\/\/api.w.org\/{rel}","templated":true}]}}