{"id":201175,"date":"2025-12-25T08:10:41","date_gmt":"2025-12-25T08:10:41","guid":{"rendered":"https:\/\/www.otiumhome.fi\/?p=201175"},"modified":"2026-01-02T20:22:45","modified_gmt":"2026-01-02T20:22:45","slug":"kylpyhuonekaappi-musta-tammi-80-x-33-x-60-cm-tekninen-puu","status":"publish","type":"product","link":"https:\/\/www.otiumhome.fi\/index.php\/tuote\/kylpyhuonekaappi-musta-tammi-80-x-33-x-60-cm-tekninen-puu\/","title":{"rendered":"Kylpyhuonekaappi Musta tammi. 80 x 33 x 60 cm Tekninen puu"},"content":{"rendered":"<p>T\u00e4m\u00e4 moderni kylpyhuoneen kaappi tuo uudelle tasolle eleganssia ja k\u00e4yt\u00f6n pieniss\u00e4 tiloissa. Se toimii tyylikk\u00e4\u00e4n\u00e4 s\u00e4ilytysratkaisuna kompakteille kylpyhuoneille tai k\u00e4yt\u00e4ville. Ohut suorakaide muotoilu ja puhtaat linjat parantavat esteettisyytt\u00e4 ilman liikaa koristelua. Kest\u00e4v\u00e4 tekninen puu takaa pitk\u00e4ik\u00e4isyyden, ja sein\u00e4\u00e4n asennettava muotoilu maksimoi lattiatilan, tarjoten hienostuneen ja k\u00e4yt\u00e4nn\u00f6llisen tavan j\u00e4rjest\u00e4\u00e4 kylpyhuoneen perusasioita.<\/p>\n<ul>\n<li><b>Mattipinta:<\/b> Tehty teknisest\u00e4 puusta, t\u00e4m\u00e4 kaappi tuo hienostuneisuutta mihin vain. Kest\u00e4v\u00e4 materiaali takaa luotettavan vaihtoehdon kiireiselle kotitaloudelle, s\u00e4ilytt\u00e4en silti tyylikk\u00e4\u00e4n ilmeen.<\/li>\n<li><b>Toiminnalliset komponentit:<\/b> Saranoidut ovet ja laatikot tekev\u00e4t asioiden hakemisesta helppoa. Sujuvat saranoiden avaukset varmistavat helpon k\u00e4yt\u00f6n, ja tekniset puulaatikot pit\u00e4v\u00e4t kylpyhuoneen siistin\u00e4.<\/li>\n<li><b>Modernit ominaisuudet:<\/b> T\u00e4m\u00e4 s\u00e4ilytysratkaisu yhdist\u00e4\u00e4 yksinkertaisuuden ja toimivuuden. Sen puhtaat linjat ja yksinkertainen muotoilu tekev\u00e4t siit\u00e4 monipuolisen osan, joka sulautuu erilaisiin sisustusteemoihin.<\/li>\n<li><b>Tarkoituksenmukainen muotoilu:<\/b> Suositellaan sis\u00e4k\u00e4ytt\u00f6\u00f6n, erityisesti kylpyhuoneissa. T\u00e4m\u00e4 kaappi tarjoaa runsasta s\u00e4ilytystilaa rajallisille alueille. Sein\u00e4asennus vapauttaa tilaa lattialla ja parantaa huoneen j\u00e4rjestyst\u00e4.<\/li>\n<li><b>Helppohoitoisuus:<\/b> Pid\u00e4 kaapin tyyli yll\u00e4 yksinkertaisella huollolla: pyyhi se kostealla liinalla s\u00e4\u00e4nn\u00f6llisesti. T\u00e4m\u00e4 vaivaton rutiini pit\u00e4\u00e4 kaapin siistin\u00e4 ja j\u00e4rjestettyn\u00e4 kylpyhuoneessa.<\/li>\n<\/ul>\n<ul>\n<li>V\u00e4ri: Musta tammi.<\/li>\n<li>Materiaali: Tekninen puu<\/li>\n<li>Yleiset mitat: 80 x 33 x 60 cm (P x L x K)<\/li>\n<li>Paino: 22,55 kg<\/li>\n<li>Runsaasti s\u00e4ilytystilaa<\/li>\n<li>Laatikolla<\/li>\n<li>Kehysmateriaali: Tekninen puu<\/li>\n<li>1 saranoitu ovi ovella<\/li>\n<li>Sis\u00e4- \/ ulkotiloissa: Vain sis\u00e4k\u00e4ytt\u00f6\u00f6n<\/li>\n<li>Toimitus-:<\/li>\n<li>1 x Kylpyhuonekaappi<\/li>\n<li>Kokoonpano vaaditaan: Kyll\u00e4<\/li>\n<\/ul>\n","protected":false},"excerpt":{"rendered":"<ul>\n<li>V\u00e4ri: Musta tammi.<\/li>\n<li>Materiaali: Tekninen puu<\/li>\n<li>Yleiset mitat: 80 x 33 x 60 cm (P x L x K)<\/li>\n<li>Paino: 22,55 kg<\/li>\n<li>Runsaasti s\u00e4ilytystilaa<\/li>\n<li>Laatikolla<\/li>\n<li>Kehysmateriaali: Tekninen puu<\/li>\n<li>1 saranoitu ovi ovella<\/li>\n<li>Sis\u00e4- \/ ulkotiloissa: Vain sis\u00e4k\u00e4ytt\u00f6\u00f6n<\/li>\n<li>Toimitus-:<\/li>\n<li>1 x Kylpyhuonekaappi<\/li>\n<li>Kokoonpano vaaditaan: Kyll\u00e4<\/li>\n<\/ul>\n","protected":false},"featured_media":100000201175,"comment_status":"closed","ping_status":"closed","template":"","meta":[],"product_brand":[],"product_cat":[84,8561,8562],"product_tag":[],"class_list":{"0":"post-201175","1":"product","2":"type-product","3":"status-publish","4":"has-post-thumbnail","6":"product_cat-huonekalut","7":"product_cat-kampauspoydat","8":"product_cat-kylpyhuoneen-kampauspoydat","10":"first","11":"instock","12":"taxable","13":"shipping-taxable","14":"purchasable","15":"product-type-simple"},"_links":{"self":[{"href":"https:\/\/www.otiumhome.fi\/index.php\/wp-json\/wp\/v2\/product\/201175","targetHints":{"allow":["GET"]}}],"collection":[{"href":"https:\/\/www.otiumhome.fi\/index.php\/wp-json\/wp\/v2\/product"}],"about":[{"href":"https:\/\/www.otiumhome.fi\/index.php\/wp-json\/wp\/v2\/types\/product"}],"replies":[{"embeddable":true,"href":"https:\/\/www.otiumhome.fi\/index.php\/wp-json\/wp\/v2\/comments?post=201175"}],"wp:featuredmedia":[{"embeddable":true,"href":"https:\/\/www.otiumhome.fi\/index.php\/wp-json\/"}],"wp:attachment":[{"href":"https:\/\/www.otiumhome.fi\/index.php\/wp-json\/wp\/v2\/media?parent=201175"}],"wp:term":[{"taxonomy":"product_brand","embeddable":true,"href":"https:\/\/www.otiumhome.fi\/index.php\/wp-json\/wp\/v2\/product_brand?post=201175"},{"taxonomy":"product_cat","embeddable":true,"href":"https:\/\/www.otiumhome.fi\/index.php\/wp-json\/wp\/v2\/product_cat?post=201175"},{"taxonomy":"product_tag","embeddable":true,"href":"https:\/\/www.otiumhome.fi\/index.php\/wp-json\/wp\/v2\/product_tag?post=201175"}],"curies":[{"name":"wp","href":"https:\/\/api.w.org\/{rel}","templated":true}]}}