{"id":201173,"date":"2025-12-25T08:10:41","date_gmt":"2025-12-25T08:10:41","guid":{"rendered":"https:\/\/www.otiumhome.fi\/?p=201173"},"modified":"2026-01-02T20:22:42","modified_gmt":"2026-01-02T20:22:42","slug":"kylpyhuoneen-allaskaappi-ovella-musta-tammi-80-x-33-x-60-cm","status":"publish","type":"product","link":"https:\/\/www.otiumhome.fi\/index.php\/tuote\/kylpyhuoneen-allaskaappi-ovella-musta-tammi-80-x-33-x-60-cm\/","title":{"rendered":"Kylpyhuoneen allaskaappi ovella Musta tammi. 80 x 33 x 60 cm"},"content":{"rendered":"<p>T\u00e4m\u00e4 moderni kylpyhuoneen pesukaappi yhdist\u00e4\u00e4 yksinkertaisuuden ja toimivuuden, tehden siit\u00e4 t\u00e4ydellisen nykyaikaiseen sisustukseen. Sen suorakaiteen muotoinen rakenne tuo kauniin visuaalisen ilmeen, joka sopii moniin eri kylpyhuonetyyleihin. Suunniteltu sis\u00e4k\u00e4ytt\u00f6\u00f6n, se toimii loistavana s\u00e4ilytysratkaisuna ja tukee pesuallasta, lis\u00e4ten sek\u00e4 k\u00e4yt\u00f6n ett\u00e4 kauneuden arvoa mihin tahansa kylpyhuoneeseen.<\/p>\n<ul><\/br><\/p>\n<li><b>Sile\u00e4 pinta viimeistely<\/b> Kaapissa on flush-ovet, jotka antavat tyylikk\u00e4\u00e4n ja puhtaan ilmeen, t\u00e4ydellisesti moderniin muotoiluun. T\u00e4m\u00e4 pinta tekee puhdistamisesta helppoa ja s\u00e4ilytt\u00e4\u00e4 minimalistisen ilmeen.<\/li>\n<p><\/br><\/p>\n<li><b>Kest\u00e4v\u00e4 tekninen puu<\/b> Valmistettu teknisest\u00e4 puusta, t\u00e4m\u00e4 kaappi on kest\u00e4v\u00e4 ja pitk\u00e4ik\u00e4inen, kest\u00e4\u00e4 kylpyhuoneen kosteutta. Tekninen puu on valittu sen kest\u00e4vyyden ja v\u00e4\u00e4ntymisresistenssin vuoksi, mik\u00e4 tukee tavaroitasi pitk\u00e4\u00e4n.<\/li>\n<p><\/br><\/p>\n<li><b>Teolliset hiuspinnijalat<\/b> Ter\u00e4ksiset jalat antavat modernin ja vintage-tyylin yhdistelm\u00e4n, tarjoavat tukevan tuen ja lis\u00e4\u00e4v\u00e4t tilan tuntua kylpyhuoneeseen. N\u00e4m\u00e4 jalat est\u00e4v\u00e4t vesivaurioita ja tuovat siisti\u00e4, avaraa tunnelmaa.<\/li>\n<p><\/br><\/p>\n<li><b>Toiminnalliset lokeroita<\/b> Useat lokeroita kaapin sis\u00e4ll\u00e4 ovat suunniteltu tehokkaaksi s\u00e4ilytykseksi hygieniatuotteille, pyyhkeille ja puhdistusaineille. Laatikoiden ja hyllyjen yhdistelm\u00e4 mahdollistaa joustavat s\u00e4ilytysratkaisut, jotka vastaavat erilaisiin tarpeisiin.<\/li>\n<p><\/br><\/p>\n<li><b>Vaivaton huolto<\/b> Kaapin hoito on helppoa yksinkertaisilla ohjeilla. Nopeasti kostealla liinalla pyyhint\u00e4 pit\u00e4\u00e4 sen raikkaana ja puhtaana, varmistaen, ett\u00e4 se pysyy tyylikk\u00e4\u00e4n\u00e4 ja toiminnallisena pitk\u00e4\u00e4n.<\/li>\n<p><\/br><\/ul>\n<ul>\n<li>V\u00e4ri: Musta tammi.<\/li>\n<li>Materiaali: Tekninen puu<\/li>\n<li>Yleiset mitat: 80 x 33 x 60 cm (P x L x K)<\/li>\n<li>Paino: 22,5 kg<\/li>\n<li>Kest\u00e4v\u00e4<\/li>\n<li>Laatikolla<\/li>\n<li>Kehysmateriaali: Tekninen puu<\/li>\n<li>1 tulvaovi ovella<\/li>\n<li>Sis\u00e4- \/ ulkotiloissa: Vain sis\u00e4k\u00e4ytt\u00f6\u00f6n<\/li>\n<li>Toimitus-:<\/li>\n<li>1 x Kylpyhuoneen pesuallaskaappi<\/li>\n<li>Kokoonpano vaaditaan: Kyll\u00e4<\/li>\n<\/ul>\n","protected":false},"excerpt":{"rendered":"<ul>\n<li>V\u00e4ri: Musta tammi.<\/li>\n<li>Materiaali: Tekninen puu<\/li>\n<li>Yleiset mitat: 80 x 33 x 60 cm (P x L x K)<\/li>\n<li>Paino: 22,5 kg<\/li>\n<li>Kest\u00e4v\u00e4<\/li>\n<li>Laatikolla<\/li>\n<li>Kehysmateriaali: Tekninen puu<\/li>\n<li>1 tulvaovi ovella<\/li>\n<li>Sis\u00e4- \/ ulkotiloissa: Vain sis\u00e4k\u00e4ytt\u00f6\u00f6n<\/li>\n<li>Toimitus-:<\/li>\n<li>1 x Kylpyhuoneen pesuallaskaappi<\/li>\n<li>Kokoonpano vaaditaan: Kyll\u00e4<\/li>\n<\/ul>\n","protected":false},"featured_media":100000201173,"comment_status":"closed","ping_status":"closed","template":"","meta":[],"product_brand":[],"product_cat":[84,8561,8562],"product_tag":[],"class_list":{"0":"post-201173","1":"product","2":"type-product","3":"status-publish","4":"has-post-thumbnail","6":"product_cat-huonekalut","7":"product_cat-kampauspoydat","8":"product_cat-kylpyhuoneen-kampauspoydat","10":"first","11":"instock","12":"taxable","13":"shipping-taxable","14":"purchasable","15":"product-type-simple"},"_links":{"self":[{"href":"https:\/\/www.otiumhome.fi\/index.php\/wp-json\/wp\/v2\/product\/201173","targetHints":{"allow":["GET"]}}],"collection":[{"href":"https:\/\/www.otiumhome.fi\/index.php\/wp-json\/wp\/v2\/product"}],"about":[{"href":"https:\/\/www.otiumhome.fi\/index.php\/wp-json\/wp\/v2\/types\/product"}],"replies":[{"embeddable":true,"href":"https:\/\/www.otiumhome.fi\/index.php\/wp-json\/wp\/v2\/comments?post=201173"}],"wp:featuredmedia":[{"embeddable":true,"href":"https:\/\/www.otiumhome.fi\/index.php\/wp-json\/"}],"wp:attachment":[{"href":"https:\/\/www.otiumhome.fi\/index.php\/wp-json\/wp\/v2\/media?parent=201173"}],"wp:term":[{"taxonomy":"product_brand","embeddable":true,"href":"https:\/\/www.otiumhome.fi\/index.php\/wp-json\/wp\/v2\/product_brand?post=201173"},{"taxonomy":"product_cat","embeddable":true,"href":"https:\/\/www.otiumhome.fi\/index.php\/wp-json\/wp\/v2\/product_cat?post=201173"},{"taxonomy":"product_tag","embeddable":true,"href":"https:\/\/www.otiumhome.fi\/index.php\/wp-json\/wp\/v2\/product_tag?post=201173"}],"curies":[{"name":"wp","href":"https:\/\/api.w.org\/{rel}","templated":true}]}}