{"id":201170,"date":"2025-12-25T08:10:40","date_gmt":"2025-12-25T08:10:40","guid":{"rendered":"https:\/\/www.otiumhome.fi\/?p=201170"},"modified":"2026-01-02T20:22:35","modified_gmt":"2026-01-02T20:22:35","slug":"kylpyhuoneen-allaskaappi-ovella-musta-tammi-65-x-33-x-60-cm","status":"publish","type":"product","link":"https:\/\/www.otiumhome.fi\/index.php\/tuote\/kylpyhuoneen-allaskaappi-ovella-musta-tammi-65-x-33-x-60-cm\/","title":{"rendered":"Kylpyhuoneen allaskaappi ovella Musta tammi. 65 x 33 x 60 cm"},"content":{"rendered":"<p>T\u00e4\u00e4 moderni kylpp\u00e4rin allaskaappi yhdist\u00e4\u00e4 tyylin ja k\u00e4yt\u00e4nn\u00f6llisyyden t\u00e4ydellisesti, tuoden siisti ja minimalistinen ilme mihin tahansa kylpp\u00e4riin. Puhtaat linjat ja fiksu muotoilu toimii hienosti moderneissa sisustuksissa ja tarjoaa k\u00e4tevi\u00e4 s\u00e4ilytysratkaisuja pit\u00e4en tyylin ykk\u00f6sen\u00e4. Kotiin etsij\u00e4t, jotka haluaa tilaa, arvostaa kaapin tilavia laatikoita ja hyllyj\u00e4, jotka antaa siistin ratkaisun hygieniatavaroille.<\/p>\n<ul>\n<li><b>Materiaalit:<\/b> T\u00e4m\u00e4 kaappi on tehty kokonaan teknisest\u00e4 puusta, joka yhdist\u00e4\u00e4 kauniin ulkon\u00e4\u00f6n ja kest\u00e4vyyden. Vankka rakenne varmistaa, ett\u00e4 vesi ei vaikuta sen kest\u00e4vyyteen, joten se on luotettava elementti kylpyhuoneissa. Puun sile\u00e4 pinta lis\u00e4\u00e4 ripauksen tyylikkyytt\u00e4, tehden siit\u00e4 keski\u00f6, joka erottuu ja sulautuu muuhun sisustukseen.<\/li>\n<li><b>Komponentit:<\/b> Kaapissa on kaksi siisti\u00e4 ovipintaa ja tilavat laatikot, jotka mahtuu monenlaisiin kylpyhuonetarvikkeisiin. Sujuvat liukumat ovissa ja laatikoissa mahdollistavat helpon p\u00e4\u00e4syn tavaroihin. N\u00e4it\u00e4 tukee kest\u00e4v\u00e4 tekninen puu sis\u00e4ll\u00e4, joka tuo kaapille lis\u00e4tukea ja tasapainoa.<\/li>\n<li><b>Jalkamuotoilu:<\/b> Tyylikk\u00e4\u00e4t ter\u00e4ksiset jalat antaa kaapille vintage-henkisen ilmeen, mutta s\u00e4ilytt\u00e4\u00e4 samalla modernin vieh\u00e4tysvoiman. Taivutettu ter\u00e4s tarjoaa tukevuutta, joten kaappi pysyy vakaana ilman, ett\u00e4 se peitt\u00e4\u00e4 muotoilua. Kiilt\u00e4v\u00e4 ulkon\u00e4k\u00f6 tuo lis\u00e4\u00e4 modernia tunnelmaa huoneeseen.<\/li>\n<li><b>Suositellut k\u00e4ytt\u00f6tarkoitukset:<\/b> Erityisesti moderneille kylpyhuoneille sopiva kaappi on erinomainen valinta tiloihin, joissa s\u00e4ilytys toimii tehokkaasti. Se mahtuu mukavasti useimpien allasten alle, tarjoten j\u00e4rjestelm\u00e4llisen ratkaisun pyyhkeille, hygieniatavaroille ja puhdistustuotteille. Hienostunut muotoilu sallii sen t\u00e4ydellisen yhdist\u00e4misen muihin huonekaluihin.<\/li>\n<li><b>Hoito ja yll\u00e4pito:<\/b> Jotta kaappi pysyy hyv\u00e4ss\u00e4 kunnossa, pyyhi pinnat s\u00e4\u00e4nn\u00f6llisesti kostealla liinalla. T\u00e4m\u00e4 helppo huoltotapa pit\u00e4\u00e4 kaiken puhtaana ja kauniina, pident\u00e4en k\u00e4ytt\u00f6ik\u00e4\u00e4. V\u00e4lt\u00e4 voimakkaita kemikaaleja, jotta alkuper\u00e4inen kiilto s\u00e4ilyisi.<\/li>\n<\/ul>\n<ul>\n<li>V\u00e4ri: Musta tammi.<\/li>\n<li>Materiaali: Tekninen puu<\/li>\n<li>Yleiset mitat: 65 x 33 x 60 cm (P x L x K)<\/li>\n<li>Paino: 15,05 kg<\/li>\n<li>Kest\u00e4v\u00e4<\/li>\n<li>Laatikolla<\/li>\n<li>Kehysmateriaali: Tekninen puu<\/li>\n<li>1 tulvaovi ovella<\/li>\n<li>Sis\u00e4- \/ ulkotiloissa: Vain sis\u00e4k\u00e4ytt\u00f6\u00f6n<\/li>\n<li>Toimitus-:<\/li>\n<li>1 x Kylpyhuoneen pesuallaskaappi<\/li>\n<li>Kokoonpano vaaditaan: Kyll\u00e4<\/li>\n<\/ul>\n","protected":false},"excerpt":{"rendered":"<ul>\n<li>V\u00e4ri: Musta tammi.<\/li>\n<li>Materiaali: Tekninen puu<\/li>\n<li>Yleiset mitat: 65 x 33 x 60 cm (P x L x K)<\/li>\n<li>Paino: 15,05 kg<\/li>\n<li>Kest\u00e4v\u00e4<\/li>\n<li>Laatikolla<\/li>\n<li>Kehysmateriaali: Tekninen puu<\/li>\n<li>1 tulvaovi ovella<\/li>\n<li>Sis\u00e4- \/ ulkotiloissa: Vain sis\u00e4k\u00e4ytt\u00f6\u00f6n<\/li>\n<li>Toimitus-:<\/li>\n<li>1 x Kylpyhuoneen pesuallaskaappi<\/li>\n<li>Kokoonpano vaaditaan: Kyll\u00e4<\/li>\n<\/ul>\n","protected":false},"featured_media":100000201170,"comment_status":"closed","ping_status":"closed","template":"","meta":[],"product_brand":[],"product_cat":[84,8561,8562],"product_tag":[],"class_list":{"0":"post-201170","1":"product","2":"type-product","3":"status-publish","4":"has-post-thumbnail","6":"product_cat-huonekalut","7":"product_cat-kampauspoydat","8":"product_cat-kylpyhuoneen-kampauspoydat","10":"first","11":"instock","12":"taxable","13":"shipping-taxable","14":"purchasable","15":"product-type-simple"},"_links":{"self":[{"href":"https:\/\/www.otiumhome.fi\/index.php\/wp-json\/wp\/v2\/product\/201170","targetHints":{"allow":["GET"]}}],"collection":[{"href":"https:\/\/www.otiumhome.fi\/index.php\/wp-json\/wp\/v2\/product"}],"about":[{"href":"https:\/\/www.otiumhome.fi\/index.php\/wp-json\/wp\/v2\/types\/product"}],"replies":[{"embeddable":true,"href":"https:\/\/www.otiumhome.fi\/index.php\/wp-json\/wp\/v2\/comments?post=201170"}],"wp:featuredmedia":[{"embeddable":true,"href":"https:\/\/www.otiumhome.fi\/index.php\/wp-json\/"}],"wp:attachment":[{"href":"https:\/\/www.otiumhome.fi\/index.php\/wp-json\/wp\/v2\/media?parent=201170"}],"wp:term":[{"taxonomy":"product_brand","embeddable":true,"href":"https:\/\/www.otiumhome.fi\/index.php\/wp-json\/wp\/v2\/product_brand?post=201170"},{"taxonomy":"product_cat","embeddable":true,"href":"https:\/\/www.otiumhome.fi\/index.php\/wp-json\/wp\/v2\/product_cat?post=201170"},{"taxonomy":"product_tag","embeddable":true,"href":"https:\/\/www.otiumhome.fi\/index.php\/wp-json\/wp\/v2\/product_tag?post=201170"}],"curies":[{"name":"wp","href":"https:\/\/api.w.org\/{rel}","templated":true}]}}