{"id":201165,"date":"2025-12-25T08:10:38","date_gmt":"2025-12-25T08:10:38","guid":{"rendered":"https:\/\/www.otiumhome.fi\/?p=201165"},"modified":"2026-01-02T20:15:34","modified_gmt":"2026-01-02T20:15:34","slug":"kylpyhuoneen-allaskaappi-ovella-musta-tammi-58-x-33-x-60-cm","status":"publish","type":"product","link":"https:\/\/www.otiumhome.fi\/index.php\/tuote\/kylpyhuoneen-allaskaappi-ovella-musta-tammi-58-x-33-x-60-cm\/","title":{"rendered":"Kylpyhuoneen allaskaappi ovella Musta tammi. 58 x 33 x 60 cm"},"content":{"rendered":"<p>T\u00e4m\u00e4 kylpyhuonesuihkun kaappi on loistava valinta moderniin kylpyhuoneeseen. Sen yksinkertainen muotoilu ja puhtaat linjat luovat raikkaan ilmeen. Se on k\u00e4yt\u00e4nn\u00f6llinen ja estetiikkaa arvostaville, ja sen suorakulmainen muoto sopii t\u00e4ydellisesti altaiden alle. Kaappi on kest\u00e4v\u00e4 ja helppohoitoinen.<\/p>\n<ul>\n<li><b>Kest\u00e4v\u00e4 materiaali:<\/b> T\u00e4m\u00e4 kylpyhuonesuihkun kaappi on valmistettu huipputason teknisest\u00e4 puusta, joka kest\u00e4\u00e4 hyvin k\u00e4yt\u00f6ss\u00e4 kosteissa paikoissa. Sen viimeistely on tyylik\u00e4s ja siin\u00e4 on kest\u00e4v\u00e4 pinta, joka s\u00e4ilytt\u00e4\u00e4 kauniin ulkon\u00e4\u00f6n.<\/li>\n<li><b>Virtaavat osat:<\/b> Kaappi on varustettu upotetuilla ovilla, jotka sulautuvat tyyliin. Ne mahdollistavat helpon p\u00e4\u00e4syn s\u00e4ilytykseen ja s\u00e4ilytt\u00e4v\u00e4t samalla puhtaan ilmeen. Ter\u00e4ksiset jalat tarjoavat hyv\u00e4n tuen.<\/li>\n<li><b>Toiminnallinen muotoilu:<\/b> Neli\u00f6jalat tuovat modernia ilmett\u00e4 ja vakaata perustaa. Upotetut ovet tekev\u00e4t profiilista yksinkertaisen ja tyylikk\u00e4\u00e4n.<\/li>\n<li><b>Monipuoliset k\u00e4ytt\u00f6tarkoitukset:<\/b> Kaappi on loistava vaihtoehto kylpyhuoneeseen, altaiden alle tai omana yksikk\u00f6n\u00e4\u00e4n lis\u00e4s\u00e4ilytykseen. Se tarjoaa runsaasti tilaa hygieniatuotteille.<\/li>\n<li><b>Hoito ja yll\u00e4pito:<\/b> Vain kostea liina riitt\u00e4\u00e4 puhdistamiseen. Helppohoitoisuus tekee kaapista loistavan valinnan kiireisille, jotka tarvitsevat v\u00e4h\u00e4n huoltoa.<\/li>\n<\/ul>\n<ul>\n<li>V\u00e4ri: Musta tammi.<\/li>\n<li>Materiaali: Tekninen puu<\/li>\n<li>Yleiset mitat: 58 x 33 x 60 cm (P x L x K)<\/li>\n<li>Paino: 10,7 kg<\/li>\n<li>Kest\u00e4v\u00e4<\/li>\n<li>Kehysmateriaali: Tekninen puu<\/li>\n<li>2 ovien kanssa<\/li>\n<li>Sis\u00e4- \/ ulkotiloissa: Vain sis\u00e4k\u00e4ytt\u00f6\u00f6n<\/li>\n<li>Toimitus-:<\/li>\n<li>1 x Kylpyhuoneen pesuallaskaappi<\/li>\n<li>Kokoonpano vaaditaan: Kyll\u00e4<\/li>\n<\/ul>\n","protected":false},"excerpt":{"rendered":"<ul>\n<li>V\u00e4ri: Musta tammi.<\/li>\n<li>Materiaali: Tekninen puu<\/li>\n<li>Yleiset mitat: 58 x 33 x 60 cm (P x L x K)<\/li>\n<li>Paino: 10,7 kg<\/li>\n<li>Kest\u00e4v\u00e4<\/li>\n<li>Kehysmateriaali: Tekninen puu<\/li>\n<li>2 ovien kanssa<\/li>\n<li>Sis\u00e4- \/ ulkotiloissa: Vain sis\u00e4k\u00e4ytt\u00f6\u00f6n<\/li>\n<li>Toimitus-:<\/li>\n<li>1 x Kylpyhuoneen pesuallaskaappi<\/li>\n<li>Kokoonpano vaaditaan: Kyll\u00e4<\/li>\n<\/ul>\n","protected":false},"featured_media":100000201165,"comment_status":"closed","ping_status":"closed","template":"","meta":[],"product_brand":[],"product_cat":[84,8561,8562],"product_tag":[],"class_list":{"0":"post-201165","1":"product","2":"type-product","3":"status-publish","4":"has-post-thumbnail","6":"product_cat-huonekalut","7":"product_cat-kampauspoydat","8":"product_cat-kylpyhuoneen-kampauspoydat","10":"first","11":"instock","12":"taxable","13":"shipping-taxable","14":"purchasable","15":"product-type-simple"},"_links":{"self":[{"href":"https:\/\/www.otiumhome.fi\/index.php\/wp-json\/wp\/v2\/product\/201165","targetHints":{"allow":["GET"]}}],"collection":[{"href":"https:\/\/www.otiumhome.fi\/index.php\/wp-json\/wp\/v2\/product"}],"about":[{"href":"https:\/\/www.otiumhome.fi\/index.php\/wp-json\/wp\/v2\/types\/product"}],"replies":[{"embeddable":true,"href":"https:\/\/www.otiumhome.fi\/index.php\/wp-json\/wp\/v2\/comments?post=201165"}],"wp:featuredmedia":[{"embeddable":true,"href":"https:\/\/www.otiumhome.fi\/index.php\/wp-json\/"}],"wp:attachment":[{"href":"https:\/\/www.otiumhome.fi\/index.php\/wp-json\/wp\/v2\/media?parent=201165"}],"wp:term":[{"taxonomy":"product_brand","embeddable":true,"href":"https:\/\/www.otiumhome.fi\/index.php\/wp-json\/wp\/v2\/product_brand?post=201165"},{"taxonomy":"product_cat","embeddable":true,"href":"https:\/\/www.otiumhome.fi\/index.php\/wp-json\/wp\/v2\/product_cat?post=201165"},{"taxonomy":"product_tag","embeddable":true,"href":"https:\/\/www.otiumhome.fi\/index.php\/wp-json\/wp\/v2\/product_tag?post=201165"}],"curies":[{"name":"wp","href":"https:\/\/api.w.org\/{rel}","templated":true}]}}