{"id":201156,"date":"2025-12-25T08:10:25","date_gmt":"2025-12-25T08:10:25","guid":{"rendered":"https:\/\/www.otiumhome.fi\/?p=201156"},"modified":"2026-01-02T19:36:58","modified_gmt":"2026-01-02T19:36:58","slug":"kylpyhuoneen-peilikaappi-musta-tammi-625-x-205-x-64-cm","status":"publish","type":"product","link":"https:\/\/www.otiumhome.fi\/index.php\/tuote\/kylpyhuoneen-peilikaappi-musta-tammi-625-x-205-x-64-cm\/","title":{"rendered":"Kylpyhuoneen Peilikaappi Musta tammi. 62,5 x 20,5 x 64 cm"},"content":{"rendered":"<p>T\u00e4m\u00e4 sein\u00e4lle asennettava peilikaappi tuo kylpyhuoneeseesi sek\u00e4 k\u00e4yt\u00e4nn\u00f6llisyytt\u00e4 ett\u00e4 tyyli\u00e4. Sen moderni muotoilu sopii mihin tahansa sisustukseen ja tarjoaa hyv\u00e4n ratkaisun t\u00e4rkeiden tavaroiden j\u00e4rjest\u00e4miseen. Kaapin tyylikk\u00e4\u00e4sti suorakaiteen muotoinen rakenne luo minimalistista tunnelmaa, joka toimii loistavasti niin moderneissa kuin klassisissakin ymp\u00e4rist\u00f6iss\u00e4. T\u00e4m\u00e4 kaappi parantaa kylpyhuoneesi estetiikkaa kauniilla hyllykannella ja tasaisella peilill\u00e4, mik\u00e4 tekee siit\u00e4 erinomaisen p\u00e4ivitt\u00e4isiin kauneudenhoitorutiineihin. Kest\u00e4v\u00e4 teknisest\u00e4 puusta tehty runko takaa pitk\u00e4n k\u00e4ytt\u00f6i\u00e4n.<\/p>\n<ul>\n<li><b>Materiaalit:<\/b> T\u00e4m\u00e4 kaappi on rakennettu teknisest\u00e4 puusta, joten se on kest\u00e4v\u00e4 ja tyylik\u00e4s. Sen kulutuskest\u00e4v\u00e4 pinta tekee siit\u00e4 sopivan p\u00e4ivitt\u00e4iseen k\u00e4ytt\u00f6\u00f6n, ja se s\u00e4ilytt\u00e4\u00e4 hyv\u00e4n ulkon\u00e4k\u00f6ns\u00e4 pitk\u00e4\u00e4n. Kaappi on my\u00f6s toteutus tukevasta rakenteesta, joka yhdist\u00e4\u00e4 tyylikk\u00e4\u00e4t muotoiluelementit parantaen kylpyhuoneen sisustusta.<\/li>\n<li><b>Lis\u00e4komponentit:<\/b> Raskaammassa rakenteessa on levyhyllyt, jotka tarjoavat runsaasti tilaa hygieniatuotteille, kosmetiikalle ja muille tavaroille. Tasainen suorakaiteen muotoinen peili helpottaa kauneudenhoitoa ja luo tilaan syvyytt\u00e4. Saranoidut ovet takaavat sujuvan k\u00e4yt\u00f6n, jotta p\u00e4\u00e4set nopeasti k\u00e4siksi s\u00e4ilytett\u00e4viin tavaroihin.<\/li>\n<li><b>Ominaisuudet \/ Toiminta \/ Suunnittelu:<\/b> T\u00e4ysin varustettu monipuolisilla ominaisuuksilla, kuten runsaalla s\u00e4ilytystilalla ja modernilla toiminnallisuudella, t\u00e4m\u00e4 kaappi tuo lis\u00e4arvoa erilaisiin kylpyhuonesisustuksiin. Olipa kyseess\u00e4 p\u00e4ivitt\u00e4isten tarpeiden s\u00e4ilytt\u00e4minen tai k\u00e4yt\u00e4nn\u00f6llisen peilin tarjoaminen, n\u00e4m\u00e4 ominaisuudet parantavat k\u00e4ytett\u00e4vyytt\u00e4.<\/li>\n<li><b>Suositellut k\u00e4ytt\u00f6tarkoitukset:<\/b> Ihanteellinen sis\u00e4k\u00e4ytt\u00f6\u00f6n, t\u00e4m\u00e4 kaappi sopii kylpyhuoneisiin tai k\u00e4yt\u00e4viin, tarjoten j\u00e4rjest\u00e4ytyneen ja trendikk\u00e4\u00e4n s\u00e4ilytysratkaisun. Loistava valinta perheille, jotka etsiv\u00e4t tilaa s\u00e4\u00e4st\u00e4vi\u00e4 innovaatioita ja hienostunutta tyyli\u00e4.<\/li>\n<li><b>Hoito ja yll\u00e4pito:<\/b> Helppo hoito tarkoittaa, ett\u00e4 pyyhint\u00e4 kuivalla liinalla riitt\u00e4\u00e4, jotta kaappi pysyy ehj\u00e4n\u00e4. V\u00e4lt\u00e4 voimakkaita kemikaaleja, jotka voivat vahingoittaa pintaa. T\u00e4m\u00e4 ongelmaton hoito yhdistyy k\u00e4yt\u00e4nn\u00f6lliseen ja tyylikk\u00e4\u00e4seen vieh\u00e4tt\u00e4vyytens\u00e4, joka varmistaa keston ja tyytyv\u00e4isyyden.<\/li>\n<\/ul>\n<ul>\n<li>V\u00e4ri: Musta tammi.<\/li>\n<li>Materiaali: Tekninen puu<\/li>\n<li>Yleiset mitat: 62,5 x 20,5 x 64 cm (P x L x K)<\/li>\n<li>Paino: 14,35 kg<\/li>\n<li>Runsaasti s\u00e4ilytystilaa<\/li>\n<li>Kest\u00e4v\u00e4<\/li>\n<li>Tasainen peili<\/li>\n<li>2 hyllyill\u00e4<\/li>\n<li>Kehysmateriaali: Tekninen puu<\/li>\n<li>1 saranoitu ovi ovella<\/li>\n<li>Sis\u00e4- \/ ulkotiloissa: Vain sis\u00e4k\u00e4ytt\u00f6\u00f6n<\/li>\n<li>Toimitus-:<\/li>\n<li>1 x Kylpyhuoneen Peilikaappi<\/li>\n<li>Kokoonpano vaaditaan: Kyll\u00e4<\/li>\n<\/ul>\n","protected":false},"excerpt":{"rendered":"<ul>\n<li>V\u00e4ri: Musta tammi.<\/li>\n<li>Materiaali: Tekninen puu<\/li>\n<li>Yleiset mitat: 62,5 x 20,5 x 64 cm (P x L x K)<\/li>\n<li>Paino: 14,35 kg<\/li>\n<li>Runsaasti s\u00e4ilytystilaa<\/li>\n<li>Kest\u00e4v\u00e4<\/li>\n<li>Tasainen peili<\/li>\n<li>2 hyllyill\u00e4<\/li>\n<li>Kehysmateriaali: Tekninen puu<\/li>\n<li>1 saranoitu ovi ovella<\/li>\n<li>Sis\u00e4- \/ ulkotiloissa: Vain sis\u00e4k\u00e4ytt\u00f6\u00f6n<\/li>\n<li>Toimitus-:<\/li>\n<li>1 x Kylpyhuoneen Peilikaappi<\/li>\n<li>Kokoonpano vaaditaan: Kyll\u00e4<\/li>\n<\/ul>\n","protected":false},"featured_media":100000201156,"comment_status":"closed","ping_status":"closed","template":"","meta":[],"product_brand":[],"product_cat":[84,8561,8562],"product_tag":[],"class_list":{"0":"post-201156","1":"product","2":"type-product","3":"status-publish","4":"has-post-thumbnail","6":"product_cat-huonekalut","7":"product_cat-kampauspoydat","8":"product_cat-kylpyhuoneen-kampauspoydat","10":"first","11":"instock","12":"taxable","13":"shipping-taxable","14":"purchasable","15":"product-type-simple"},"_links":{"self":[{"href":"https:\/\/www.otiumhome.fi\/index.php\/wp-json\/wp\/v2\/product\/201156","targetHints":{"allow":["GET"]}}],"collection":[{"href":"https:\/\/www.otiumhome.fi\/index.php\/wp-json\/wp\/v2\/product"}],"about":[{"href":"https:\/\/www.otiumhome.fi\/index.php\/wp-json\/wp\/v2\/types\/product"}],"replies":[{"embeddable":true,"href":"https:\/\/www.otiumhome.fi\/index.php\/wp-json\/wp\/v2\/comments?post=201156"}],"wp:featuredmedia":[{"embeddable":true,"href":"https:\/\/www.otiumhome.fi\/index.php\/wp-json\/"}],"wp:attachment":[{"href":"https:\/\/www.otiumhome.fi\/index.php\/wp-json\/wp\/v2\/media?parent=201156"}],"wp:term":[{"taxonomy":"product_brand","embeddable":true,"href":"https:\/\/www.otiumhome.fi\/index.php\/wp-json\/wp\/v2\/product_brand?post=201156"},{"taxonomy":"product_cat","embeddable":true,"href":"https:\/\/www.otiumhome.fi\/index.php\/wp-json\/wp\/v2\/product_cat?post=201156"},{"taxonomy":"product_tag","embeddable":true,"href":"https:\/\/www.otiumhome.fi\/index.php\/wp-json\/wp\/v2\/product_tag?post=201156"}],"curies":[{"name":"wp","href":"https:\/\/api.w.org\/{rel}","templated":true}]}}