{"id":201145,"date":"2025-12-24T23:47:44","date_gmt":"2025-12-24T23:47:44","guid":{"rendered":"https:\/\/www.otiumhome.fi\/?p=201145"},"modified":"2025-12-31T08:46:30","modified_gmt":"2025-12-31T08:46:30","slug":"jakkara-luonnollinen-29-x-20-x-17-cm-mahogany-puu","status":"publish","type":"product","link":"https:\/\/www.otiumhome.fi\/index.php\/tuote\/jakkara-luonnollinen-29-x-20-x-17-cm-mahogany-puu\/","title":{"rendered":"Jakkara Luonnollinen 29 x 20 x 17 cm Mahogany-puu"},"content":{"rendered":"<p>T\u00e4m\u00e4 pieni jakkara on loistava valinta, jos haluat lis\u00e4t\u00e4 rustiikkista charmia kotiisi. Yksinkertainen mutta tyylik\u00e4s muotoilu sulautuu mihin tahansa huoneeseen. Se on valmistettu laadukkaasta t\u00e4ysmahonkista, joka tunnetaan kauniista ja kest\u00e4v\u00e4st\u00e4 luonteestaan, sopien sek\u00e4 sis\u00e4k\u00e4ytt\u00f6\u00f6n ett\u00e4 suojattuun ulkoilmaan. Puupinta kutsuu koskettamaan, tuoden tilaan l\u00e4mp\u00f6\u00e4 ja luonteenpiirteit\u00e4. K\u00e4ytitp\u00e4 sit\u00e4 ylim\u00e4\u00e4r\u00e4isen\u00e4 istuimena tai koristeena, rustiikkinen tyyli tekee siit\u00e4 ajattoman lis\u00e4yksen.<\/p>\n<ul>\n<li><b>T\u00e4ysi mahonki<\/b> T\u00e4m\u00e4 jakkara on t\u00e4ysin t\u00e4ysmahonkia, joten se ei vain n\u00e4yt\u00e4 hyv\u00e4lt\u00e4 vaan kest\u00e4\u00e4kin. Mahonki on tunnettu kest\u00e4vyydest\u00e4\u00e4n ja kauniista v\u00e4reist\u00e4\u00e4n, joten se varmistaa, ett\u00e4 jakkarasi kest\u00e4\u00e4 k\u00e4ytt\u00f6\u00e4 ja tarjoaa mukautuvan istuimen.<\/li>\n<li><b>Tolppajalka<\/b> Jakkara on varustettu sylinterimaisilla jalkaosilla, jotka tarjoavat vahvaa tukea minimalistisella suunnittelulla. N\u00e4m\u00e4 jalat sulautuvat kauniisti moneen eri sisustukseen, rustiikista maalaistaloista moderneihin koteihin ilman, ett\u00e4 ne varjostavat muuta sisustusta.<\/li>\n<li><b>\u00d6ljytty pinta<\/b> Jakkaran pinta on \u00f6ljytty, mik\u00e4 korostaa mahongin v\u00e4rityst\u00e4 samalla suojaten kosteudelta. T\u00e4m\u00e4 tekee siit\u00e4 l\u00e4mpim\u00e4n ja kutsuvan, t\u00e4ydellinen rustiikkaan sisustukseen.<\/li>\n<li><b>Monipuolinen k\u00e4ytt\u00f6<\/b> Voit k\u00e4ytt\u00e4\u00e4 t\u00e4t\u00e4 jakkaraa monessa paikassa, olipa se sitten k\u00e4yt\u00e4nn\u00f6llisen\u00e4 istuimena tai koristeena terassilla. Sen kompakti koko sopii t\u00e4ydellisesti pieniin tiloihin, tuoden mukavuutta ja tyyli\u00e4 ilman liiallista tilaa.<\/li>\n<li><b>Helppo hoito<\/b> T\u00e4m\u00e4n jakkaran hoito on helppoa; pyyhi se vain kuivalla liinalla, niin se pysyy kauniina. T\u00e4m\u00e4 tekee siit\u00e4 mahtavan kiireisiin koteihin, jolloin se pysyy hyv\u00e4n\u00e4 ja k\u00e4ytt\u00f6kelpoisena vuosia. <\/li>\n<\/ul>\n<p><strong>T\u00e4rke\u00e4\u00e4 tiet\u00e4\u00e4:<\/strong><\/p>\n<ul>\n<li>Enimm\u00e4ispaino 110 kg per paikka.<\/li>\n<\/ul>\n<ul>\n<li>V\u00e4ri: Luonnollinen<\/li>\n<li>Materiaali: Mahogany-puu<\/li>\n<li>Viimeistely: \u00d6ljytty<\/li>\n<li>Yleiset mitat: 29 x 20 x 17 cm (P x L x K)<\/li>\n<li>Paino: 1,8 kg<\/li>\n<li>Kest\u00e4v\u00e4<\/li>\n<li>Istuinalue: 29 x 20 cm (L x S)<\/li>\n<li>Sis\u00e4- ja suojattuun ulkok\u00e4ytt\u00f6\u00f6n<\/li>\n<li>Toimitus-:<\/li>\n<li>1 x jakkara<\/li>\n<\/ul>\n","protected":false},"excerpt":{"rendered":"<ul>\n<li>V\u00e4ri: Luonnollinen<\/li>\n<li>Materiaali: Mahogany-puu<\/li>\n<li>Viimeistely: \u00d6ljytty<\/li>\n<li>Yleiset mitat: 29 x 20 x 17 cm (P x L x K)<\/li>\n<li>Paino: 1,8 kg<\/li>\n<li>Kest\u00e4v\u00e4<\/li>\n<li>Istuinalue: 29 x 20 cm (L x S)<\/li>\n<li>Sis\u00e4- ja suojattuun ulkok\u00e4ytt\u00f6\u00f6n<\/li>\n<li>Toimitus-:<\/li>\n<li>1 x jakkara<\/li>\n<\/ul>\n","protected":false},"featured_media":100000201145,"comment_status":"closed","ping_status":"closed","template":"","meta":[],"product_brand":[],"product_cat":[84,8558],"product_tag":[],"class_list":{"0":"post-201145","1":"product","2":"type-product","3":"status-publish","4":"has-post-thumbnail","6":"product_cat-huonekalut","7":"product_cat-kokoontaitettavat-tuolit-jakkarat","9":"first","10":"instock","11":"taxable","12":"shipping-taxable","13":"purchasable","14":"product-type-simple"},"_links":{"self":[{"href":"https:\/\/www.otiumhome.fi\/index.php\/wp-json\/wp\/v2\/product\/201145","targetHints":{"allow":["GET"]}}],"collection":[{"href":"https:\/\/www.otiumhome.fi\/index.php\/wp-json\/wp\/v2\/product"}],"about":[{"href":"https:\/\/www.otiumhome.fi\/index.php\/wp-json\/wp\/v2\/types\/product"}],"replies":[{"embeddable":true,"href":"https:\/\/www.otiumhome.fi\/index.php\/wp-json\/wp\/v2\/comments?post=201145"}],"wp:featuredmedia":[{"embeddable":true,"href":"https:\/\/www.otiumhome.fi\/index.php\/wp-json\/"}],"wp:attachment":[{"href":"https:\/\/www.otiumhome.fi\/index.php\/wp-json\/wp\/v2\/media?parent=201145"}],"wp:term":[{"taxonomy":"product_brand","embeddable":true,"href":"https:\/\/www.otiumhome.fi\/index.php\/wp-json\/wp\/v2\/product_brand?post=201145"},{"taxonomy":"product_cat","embeddable":true,"href":"https:\/\/www.otiumhome.fi\/index.php\/wp-json\/wp\/v2\/product_cat?post=201145"},{"taxonomy":"product_tag","embeddable":true,"href":"https:\/\/www.otiumhome.fi\/index.php\/wp-json\/wp\/v2\/product_tag?post=201145"}],"curies":[{"name":"wp","href":"https:\/\/api.w.org\/{rel}","templated":true}]}}