{"id":201144,"date":"2025-12-24T23:47:44","date_gmt":"2025-12-24T23:47:44","guid":{"rendered":"https:\/\/www.otiumhome.fi\/?p=201144"},"modified":"2025-12-31T08:46:26","modified_gmt":"2025-12-31T08:46:26","slug":"jakkara-luonnollinen-26-x-26-x-26-cm-mahogany-puu","status":"publish","type":"product","link":"https:\/\/www.otiumhome.fi\/index.php\/tuote\/jakkara-luonnollinen-26-x-26-x-26-cm-mahogany-puu\/","title":{"rendered":"Jakkara Luonnollinen 26 x 26 x 26 cm Mahogany-puu"},"content":{"rendered":"<p>T\u00e4m\u00e4 pieni jakkara on tosi s\u00f6p\u00f6 lis\u00e4 mihin tahansa kotiin. Se henkii rustiikkista tyyli\u00e4, joka tuo esiin luonnollista kauneutta ja karkeaa estetiikkaa. Kompaktikoko, 26 x 26 x 26 cm, tekee siit\u00e4 monik\u00e4ytt\u00f6isen kapistuksen, joka sopii mihin vaan, olipa se sitten olohuoneesi, makuuhuoneesi tai suojattu ulkotila. Jakkaran l\u00e4mpim\u00e4t ruskeat s\u00e4vyt luo kodikkaan tunnelman ja soveltuu hienosti eri sisustustyyleihin samalla kun se tarjoaa k\u00e4yt\u00e4nn\u00f6llist\u00e4 istumapaikkaa tai koristeellista ilmett\u00e4.<\/p>\n<ul>\n<li><b>Kest\u00e4v\u00e4 mahonkipuu<\/b> T\u00e4m\u00e4 jakkara on valmistettu t\u00e4ysist\u00e4 mahonkipuista, tarjoten loistavaa kest\u00e4vyytt\u00e4 ja tukea. Sen vankka rakenne takaa luotettavan istumapaikan, joka kest\u00e4\u00e4 p\u00e4ivitt\u00e4ist\u00e4 k\u00e4ytt\u00f6\u00e4, joten se on kest\u00e4v\u00e4 huonekalu keitti\u00f6\u00f6n tai muualle kotiin.<\/li>\n<li><b>Teksturoitu vieh\u00e4tys<\/b> Jakkaran ainutlaatuinen teksturoitu pinta tuo visuaalista kiinnostavuutta, vahvistaen sen rustiikkista vieh\u00e4tyst\u00e4. Yksil\u00f6llinen \u00f6ljytty pinta suojaa kosteudelta ja tuo kauniisti esiin puun luonnolliset v\u00e4rit.<\/li>\n<li><b>Yksinkertaiset tolppajalat<\/b> Jakkara on varustettu yksinkertaisilla tolppajaloilla, mik\u00e4 lis\u00e4\u00e4 rustiikkista charmia. Se on tukeva ja soveltuu kauniisti eri ymp\u00e4rist\u00f6ihin.<\/li>\n<li><b>Selk\u00e4nojaton monipuolisuus<\/b> T\u00e4m\u00e4 jakkara on selk\u00e4nojaton, joten se on superhelppo siirt\u00e4\u00e4 ja mukauttaa tiloihin, joissa joustavuus on t\u00e4rke\u00e4\u00e4. Sen kevytraaka rakenne tekee siit\u00e4 helposti liikkuvan, juuri silloin kun lis\u00e4istumapaikkaa tarvitaan.<\/li>\n<li><b>Helppo huolto<\/b> Jakkaran huolto on vaivatonta: pyyhi vain kuivalla liinalla ja se pysyy siistin\u00e4. Minimalistinen huoltovaatimus takaa, ett\u00e4 voit nauttia siit\u00e4 pitk\u00e4\u00e4n ilman vaivann\u00e4k\u00f6\u00e4.<\/li>\n<\/ul>\n<p><strong>T\u00e4rke\u00e4\u00e4 tiet\u00e4\u00e4:<\/strong><\/p>\n<ul>\n<li>Enimm\u00e4ispaino 110 kg per paikka.<\/li>\n<\/ul>\n<ul>\n<li>V\u00e4ri: Luonnollinen<\/li>\n<li>Materiaali: Mahogany-puu<\/li>\n<li>Viimeistely: \u00d6ljytty<\/li>\n<li>Yleiset mitat: 26 x 26 x 26 cm (P x L x K)<\/li>\n<li>Paino: 2,06 kg<\/li>\n<li>Kest\u00e4v\u00e4<\/li>\n<li>Istuinalue: 26 x 26 cm (L x S)<\/li>\n<li>Sis\u00e4- ja suojattuun ulkok\u00e4ytt\u00f6\u00f6n<\/li>\n<li>Toimitus-:<\/li>\n<li>1 x jakkara<\/li>\n<\/ul>\n","protected":false},"excerpt":{"rendered":"<ul>\n<li>V\u00e4ri: Luonnollinen<\/li>\n<li>Materiaali: Mahogany-puu<\/li>\n<li>Viimeistely: \u00d6ljytty<\/li>\n<li>Yleiset mitat: 26 x 26 x 26 cm (P x L x K)<\/li>\n<li>Paino: 2,06 kg<\/li>\n<li>Kest\u00e4v\u00e4<\/li>\n<li>Istuinalue: 26 x 26 cm (L x S)<\/li>\n<li>Sis\u00e4- ja suojattuun ulkok\u00e4ytt\u00f6\u00f6n<\/li>\n<li>Toimitus-:<\/li>\n<li>1 x jakkara<\/li>\n<\/ul>\n","protected":false},"featured_media":100000201144,"comment_status":"closed","ping_status":"closed","template":"","meta":[],"product_brand":[],"product_cat":[84,8558],"product_tag":[],"class_list":{"0":"post-201144","1":"product","2":"type-product","3":"status-publish","4":"has-post-thumbnail","6":"product_cat-huonekalut","7":"product_cat-kokoontaitettavat-tuolit-jakkarat","9":"first","10":"instock","11":"taxable","12":"shipping-taxable","13":"purchasable","14":"product-type-simple"},"_links":{"self":[{"href":"https:\/\/www.otiumhome.fi\/index.php\/wp-json\/wp\/v2\/product\/201144","targetHints":{"allow":["GET"]}}],"collection":[{"href":"https:\/\/www.otiumhome.fi\/index.php\/wp-json\/wp\/v2\/product"}],"about":[{"href":"https:\/\/www.otiumhome.fi\/index.php\/wp-json\/wp\/v2\/types\/product"}],"replies":[{"embeddable":true,"href":"https:\/\/www.otiumhome.fi\/index.php\/wp-json\/wp\/v2\/comments?post=201144"}],"wp:featuredmedia":[{"embeddable":true,"href":"https:\/\/www.otiumhome.fi\/index.php\/wp-json\/"}],"wp:attachment":[{"href":"https:\/\/www.otiumhome.fi\/index.php\/wp-json\/wp\/v2\/media?parent=201144"}],"wp:term":[{"taxonomy":"product_brand","embeddable":true,"href":"https:\/\/www.otiumhome.fi\/index.php\/wp-json\/wp\/v2\/product_brand?post=201144"},{"taxonomy":"product_cat","embeddable":true,"href":"https:\/\/www.otiumhome.fi\/index.php\/wp-json\/wp\/v2\/product_cat?post=201144"},{"taxonomy":"product_tag","embeddable":true,"href":"https:\/\/www.otiumhome.fi\/index.php\/wp-json\/wp\/v2\/product_tag?post=201144"}],"curies":[{"name":"wp","href":"https:\/\/api.w.org\/{rel}","templated":true}]}}